{"id":1122,"date":"2024-11-25T15:36:09","date_gmt":"2024-11-25T15:36:09","guid":{"rendered":"https:\/\/compassdesign.biz\/work\/bright\/informativa-sulla-privacy\/"},"modified":"2025-01-07T09:48:47","modified_gmt":"2025-01-07T09:48:47","slug":"informativa-sulla-privacy","status":"publish","type":"page","link":"https:\/\/www.brightyacht.com\/it\/informativa-sulla-privacy\/","title":{"rendered":"Informativa sulla privacy"},"content":{"rendered":"<div class=\"wpb-content-wrapper\"><body><p>[vc_section][vc_row unlock_row_content=\u201dyes\u201d row_height_percent=\u201d60\u2033 override_padding=\u201dyes\u201d h_padding=\u201d2\u2033 top_padding=\u201d2\u2033 bottom_padding=\u201d2\u2033 back_image=\u201d393\u2033 back_position=\u201dcenter center\u201d overlay_color=\u201dcolor-210407\u2033 overlay_alpha=\u201d30\u2033 gutter_size=\u201d3\u2033 column_width_percent=\u201d100\u2033 shift_y=\u201d0\u2033 z_index=\u201d0\u2033 uncode_shortcode_id=\u201d142339\u2033 el_id=\u201dprincipale\u201d el_class=\u201drounded\u201d overlay_color_type=\u201duncode-palette\u201d][vc_column column_width_percent=\u201d100\u2033 position_horizontal=\u201dleft\u201d position_vertical=\u201dbottom\u201d gutter_size=\u201d3\u2033 overlay_alpha=\u201d50\u2033 shift_x=\u201d0\u2033 shift_y=\u201d0\u2033 shift_y_down=\u201d0\u2033 z_index=\u201d0\u2033 medium_width=\u201d0\u2033 mobile_width=\u201d0\u2033 width=\u201d1\/4\u2033 uncode_shortcode_id=\u201d163406\u2033 css=\u201d.vc_custom_1727695199147{padding-bottom: 30px !important;padding-left: 30px !important;}\u201d][\/vc_column][vc_column column_width_percent=\u201d100\u2033 position_vertical=\u201dbottom\u201d align_horizontal=\u201dalign_center\u201d gutter_size=\u201d3\u2033 style=\u201dlight\u201d overlay_alpha=\u201d50\u2033 shift_x=\u201d0\u2033 shift_y=\u201d0\u2033 shift_y_down=\u201d0\u2033 z_index=\u201d0\u2033 medium_width=\u201d0\u2033 mobile_width=\u201d0\u2033 width=\u201d1\/2\u2033 uncode_shortcode_id=\u201d812805\u2033][vc_empty_space empty_h=\u201d2\u2033][\/vc_column][vc_column width=\u201d1\/4\u2033][\/vc_column][\/vc_row][\/vc_section][vc_row unlock_row=\u201d\u201d row_height_percent=\u201d0\u2033 overlay_alpha=\u201d50\u2033 gutter_size=\u201d3\u2033 column_width_percent=\u201d100\u2033 shift_y=\u201d0\u2033 z_index=\u201d0\u2033 uncode_shortcode_id=\u201d120554\u2033][vc_column width=\u201d1\/1\u2033][vc_column_text uncode_shortcode_id=\u201d125330\u2033]<\/p>\n<h2>Informativa sulla privacy<\/h2>\n<h3>INFORMAZIONI AGGIUNTIVE SULLA PROTEZIONE DEI DATI<\/h3>\n<p>Le modalit\u00e0 di trattamento dei tuoi dati personali su questo sito web sono riportate qui. Questa politica esprime il modo in cui tratteremo e proteggeremo i dati personali di tutte le persone che interagiscono con BRIGHT YACHT MANAGEMENT SL attraverso questo sito web. Prima di utilizzare questo sito web, \u00e8 necessario leggere tutte le sezioni dell\u2019Avviso Legale, la politica sui cookie e la presente informativa sulla privacy. In conformit\u00e0 alle disposizioni del Regolamento UE 2016\/679, del Parlamento Europeo e del Consiglio del 27 aprile 2016 (GDPR) e della Legge Organica 3\/2018, del 5 dicembre, sulla protezione dei dati personali e la garanzia dei diritti digitali, BRIGHT YACHT MANAGEMENT SL, ti informa che, accettando la presente Informativa sulla Privacy, presti il tuo consenso espresso, informato, libero e inequivocabile affinch\u00e9 i Dati da te forniti, e sui quali vengono applicate le misure di sicurezza, tecniche e organizzative previste dalla normativa vigente, siano trattati da BRIGHT YACHT MANAGEMENT SL, in qualit\u00e0 di titolare del trattamento.<\/p>\n<h3>CHI \u00c8 RESPONSABILE DI QUESTO SITO WEB?<\/h3>\n<p>Identit\u00e0 del responsabile: TIMOTHY JOHN BRIGHT<br>\nNome commerciale: BRIGHT YACHT MANAGMENT SL<br>\nNIF\/CIF: B57683583<br>\nIndirizzo: CALLE MUELLE VIEJO N.17. 2.PISO, 07012 PALMA DE MALLORCA, SPAGNA<br>\nE-mail: OFFICE@BRIGHTYM.COM<br>\nAttivit\u00e0: NAUTICO<br>\nDati di contatto del responsabile o del rappresentante e dell\u2019eventuale rappresentante per la protezione dei dati: CALLE MUELLE VIEJO N.17. 2.PISO, 07012 PALMA DE MALLORCA, ESPA\u00d1A, TIM@BRIGHYM.COM<br>\nIscritta al Registro delle Imprese di PALMA DE MALLORCA, volume 2440, libro 0, foglio 19 e foglio pm66536, il 25.11.2019.<br>\nTitolo: BRIGHT, TIMOTHY JONH<\/p>\n<h3>QUALI DATI PERSONALI VENGONO RACCOLTI SU QUESTO SITO WEB?<\/h3>\n<p>Per le finalit\u00e0 indicate nella presente Informativa sulla privacy, BRIGHT YACHT MANAGEMENT SL raccoglie ed elabora i Dati personali indicati di seguito, che dipendono dai diversi prodotti o servizi richiesti dall\u2019utente su questo Sito web. Dati identificativi: nome, cognome. Dati di contatto: indirizzo postale, e-mail, numero di cellulare. Dati di navigazione: Indirizzo IP, tipo e identificazione del dispositivo, tipo di browser, dominio attraverso il quale accedi al Sito web, dati di navigazione e attivit\u00e0 sul Sito web.<\/p>\n<h3>SU QUALE BASE GIURIDICA VENGONO TRATTATI QUESTI DATI?<\/h3>\n<p>Trattiamo i tuoi dati personali sulle seguenti basi giuridiche: L\u2019esecuzione di un contratto con BRIGHT YACHT MANAGEMENT SL, per contrattare servizi, pubblicare annunci e gestire i servizi richiesti.<br>\nIl consenso dell\u2019utente in relazione al contatto, all\u2019iscrizione a contenuti e all\u2019invio di comunicazioni commerciali, tramite posta, cookie o sistemi di messaggistica.<br>\nIl legittimo interesse del titolare del trattamento a proteggere gli utenti del sito web di BRIGHT YACHT MANAGEMENT SL da abusi e frodi nell\u2019utilizzo dei nostri servizi.<\/p>\n<h3>PER QUALI SCOPI TRATTEREMO I TUOI DATI?<\/h3>\n<p>Su questo sito web sono presenti diversi moduli, in ognuno dei quali le informazioni raccolte saranno utilizzate come segue: Modulo di richiesta di informazioni: I dati personali inseriti nel modulo per inserire i commenti saranno utilizzati esclusivamente per moderarli e pubblicarli. Modulo di contatto: Esiste anche un modulo di contatto per domande, suggerimenti o contatti professionali. In questo caso l\u2019indirizzo e-mail sar\u00e0 utilizzato per rispondere e inviare le informazioni richieste dall\u2019utente attraverso il web.<\/p>\n<h3>TEMPO DI CONSERVAZIONE DEI DATI PERSONALI<\/h3>\n<p>Dati del Cliente: Il periodo di conservazione dei dati personali varier\u00e0 a seconda del servizio che il Cliente contratta. In ogni caso, sar\u00e0 il minimo necessario, potendo essere conservati fino a: \u2013 4 anni: Legge sulle infrazioni e le sanzioni nell\u2019ordine sociale (obblighi relativi all\u2019affiliazione, alle iscrizioni, alle cancellazioni, ai contributi, al pagamento degli stipendi\u2026); Artt. 66 e seguenti. Legge fiscale generale (libri contabili\u2026). \u2013 5 anni: Art. 1964 del Codice Civile (azioni personali senza termine speciale). \u2013 6 anni: Art. 30 del Codice Commerciale (libri contabili, fatture\u2026). 30 del Codice Commerciale (libri contabili, fatture\u2026). \u2013 10 anni: Art. 25 della Legge sulla Prevenzione del Riciclaggio di Denaro e del Codice Civile. 25 della Legge sulla prevenzione del riciclaggio di denaro e del finanziamento del terrorismo. Dati di potenziali clienti: i dati saranno conservati in ogni caso per la durata del rapporto commerciale instaurato e, una volta concluso, per due anni, a meno che l\u2019utente non ne richieda la cancellazione prima.<\/p>\n<h3>QUALI SONO I TUOI DIRITTI IN MERITO ALL\u2019UTILIZZO DEI TUOI DATI?<\/h3>\n<p>Qualsiasi persona ha il diritto di ottenere la conferma che BRIGHT YACHT MANAGEMENT SL stia trattando i dati personali che la riguardano. Gli interessati hanno il diritto di: Richiedere l\u2019accesso ai dati personali che lo riguardano.<br>\nRichiederne la rettifica o la cancellazione.<br>\nRichiederne la cancellazione<br>\nRichiederne la limitazione del trattamento.<br>\nOpporsi al trattamento.<br>\nRichiedere la portabilit\u00e0 dei dati. Se hai prestato il tuo consenso per una finalit\u00e0 specifica, hai il diritto di revocare il consenso prestato in qualsiasi momento, senza pregiudicare la liceit\u00e0 del trattamento basato sul consenso prima della sua revoca. Nel caso in cui tu ritenga che i tuoi diritti in materia di protezione dei dati personali siano stati violati, soprattutto se non hai ottenuto soddisfazione nell\u2019esercizio dei tuoi diritti, puoi presentare un reclamo all\u2019Autorit\u00e0 di controllo della protezione dei dati personali competente attraverso il suo sito web: https:\/\/www.aepd.es\/es. Per esercitare tali diritti, puoi scrivere a OFFICE@BRIGHTYM.COM. Esiste un modulo per l\u2019esercizio dei tuoi diritti, che puoi richiedere via e-mail o, se preferisci, puoi utilizzare quelli preparati dall\u2019Agenzia Spagnola per la Protezione dei Dati o da terzi. Questi moduli devono essere firmati elettronicamente o accompagnati da una fotocopia del tuo documento d\u2019identit\u00e0. Se sei rappresentato da qualcuno, devi allegare una copia del tuo DNI, oppure deve essere firmato con la tua firma elettronica. I moduli possono essere presentati di persona, inviati per lettera o per posta all\u2019indirizzo del responsabile indicato all\u2019inizio di questo testo.<\/p>\n<h3>NOTIFICA E DICHIARAZIONE DELLE VIOLAZIONI<\/h3>\n<p>Notifica di sicurezza e dichiarazione di violazione BRIGHT YACHT MANAGEMENT SL adotta misure di sicurezza adeguate al livello di rischio per proteggere i dati personali da perdita, uso improprio e accesso non autorizzato, divulgazione, alterazione e distruzione, tenendo conto dei rischi connessi al trattamento e della natura dei dati personali; tuttavia, qualora BRIGHT YACHT MANAGEMENT SL ritenga che i dati del tuo servizio siano stati sottratti (anche da un dipendente di BRIGHT YACHT MANAGEMENT SL), siano stati esposti a una violazione della sicurezza o acquisiti impropriamente da terzi, BRIGHT YACHT MANAGEMENT SL } ti informer\u00e0 tempestivamente di tale violazione della sicurezza, sottrazione o acquisizione impropria.<\/p>\n<h3>A QUALI DESTINATARI SARANNO COMUNICATI I TUOI DATI?<\/h3>\n<p>Molti degli strumenti utilizzati in questo sito web per la gestione dei dati sono affidati a terzi. Per fornire i servizi strettamente necessari allo sviluppo dell\u2019attivit\u00e0, BRIGHT YACHT MANAGEMENT SL condivide i dati con i seguenti fornitori in base alle rispettive condizioni di privacy: Fornitori di servizi esterni (ad esempio, servizi di elaborazione dei pagamenti, elaborazione degli ordini, analisi, gestione delle campagne di marketing, gestione del sito web e distribuzione di e-mail e altri fornitori di servizi simili) affinch\u00e9 possano svolgere funzioni commerciali per conto di BRIGHT YACHT MANAGEMENT SL Questo sito web pu\u00f2 essere consultato occasionalmente dalla societ\u00e0 di sviluppo e manutenzione del web o dalla societ\u00e0 di hosting. Questi ultimi hanno sottoscritto un contratto per la fornitura di servizi che li obbliga a mantenere lo stesso livello di privacy che si applica al trattamento effettuato su questo sito web. Qualsiasi trasferimento internazionale di dati derivante dall\u2019utilizzo di strumenti o fornitori di servizi, sar\u00e0 conforme all\u2019accordo Privacy Shield, che garantisce che le societ\u00e0 di software americane rispettino le politiche europee di protezione dei dati in materia di privacy, segretezza e sicurezza dei dati. In particolare, questo sito web utilizza i seguenti strumenti: Strumento di email marketing.<br>\nStrumenti di analisi.<\/p>\n<h3>SEGMENTAZIONE E PROFILAZIONE<\/h3>\n<p>La registrazione dei dati personali forniti al momento dell\u2019iscrizione, del contatto, dell\u2019interazione con il sito web e qualsiasi altro dato fornito durante la navigazione, comprese le informazioni fornite dai cookie in relazione alle abitudini di navigazione, saranno utilizzati al fine di essere segmentati o categorizzati con lo scopo di applicarli all\u2019attivit\u00e0 relativa (gestione dell\u2019amministrazione generale, informazione, commercializzazione di spazi pubblicitari, analisi delle proposte richieste dagli utenti\/clienti, studio statistico dei servizi e dei contenuti utilizzati, dei gusti e delle preferenze, e sondaggi o moduli). La profilazione, attraverso l\u2019analisi delle tue decisioni individuali automatizzate, consiste nell\u2019utilizzo dei tuoi Dati Personali per valutare alcuni aspetti personali, quali (l\u2019analisi e la previsione della tua situazione economica, delle tue preferenze personali, dei tuoi interessi, del tuo comportamento, della tua ubicazione, dei tuoi spostamenti e delle tue attitudini). La logica applicata per ottenere questi profili \u00e8 l\u2019utilizzo di procedure statistiche e le conseguenze di questo trattamento dei tuoi dati mediante profilazione sono l\u2019invio di comunicazioni personalizzate di tuo interesse con contenuti correlati. La base giuridica del trattamento dei tuoi dati per le finalit\u00e0 indicate e dell\u2019elaborazione di decisioni automatizzate di profilazione individuale \u00e8 il consenso prestato selezionando la casella sopra riportata. {Se viene utilizzata questa sezione, \u00e8 necessario selezionare una casella specifica nel primo livello.} I dati che utilizziamo per la profilazione e che mostriamo agli inserzionisti non sono dati che ci permettono di identificare gli utenti, ma solo il tipo di pubblico che abbiamo, la sua et\u00e0, il suo paese, il suo sesso, ecc.<\/p>\n<h3>SEGRETEZZA E SICUREZZA DEI DATI<\/h3>\n<p>WWW.BRIGHTYACHT.COM si impegna a utilizzare e trattare i dati personali dell\u2019utente, rispettandone la riservatezza, in conformit\u00e0 con le finalit\u00e0 degli stessi; nonch\u00e9 ad adempiere all\u2019obbligo di conservarli e ad adattare tutte le misure per impedirne l\u2019alterazione, la perdita, il trattamento o l\u2019accesso non autorizzato, in conformit\u00e0 con quanto previsto dalla normativa vigente in materia di protezione dei dati. Si tratta di un protocollo di sicurezza che fa viaggiare i tuoi dati in modo integrale e sicuro; cio\u00e8, la trasmissione dei dati tra un server e l\u2019utente del web, e nel feedback \u00e8 completamente crittografata o criptata). WWW.BRIGHTYACHT.COM } non pu\u00f2 garantire l\u2019assoluta inespugnabilit\u00e0 della rete Internet, n\u00e9, quindi, la violazione dei dati attraverso l\u2019accesso fraudolento ad essi da parte di terzi. Per quanto riguarda la riservatezza del trattamento, BRIGHT YACHT MANAGEMENT SL far\u00e0 in modo che qualsiasi persona autorizzata da BRIGHT YACHT MANAGEMENT SL a trattare i dati del cliente (compresi il suo personale, i suoi collaboratori e i suoi fornitori di servizi), sia soggetta all\u2019obbligo di riservatezza (sia esso un obbligo contrattuale o legale). Quando si verifica un Incidente di sicurezza, BRIGHT YACHT MANAGEMENT SL lo comunicher\u00e0 al Cliente senza indebito ritardo e fornir\u00e0 tempestivamente le informazioni relative all\u2019Incidente di sicurezza non appena ne verr\u00e0 a conoscenza o quando ragionevolmente richiesto dal Cliente.<\/p>\n<h3>ACCURATEZZA E VERIDICIT\u00c0 DEI DATI<\/h3>\n<p>In qualit\u00e0 di utente, sei l\u2019unico responsabile dell\u2019accuratezza e della correttezza dei dati che invii a WWW.BRIGHTYACHT.COM } esonerando BRIGHT YACHT MANAGEMENT SL da qualsiasi responsabilit\u00e0 in merito. L\u2019utente garantisce e risponde, in ogni caso, dell\u2019accuratezza, della validit\u00e0 e dell\u2019autenticit\u00e0 dei dati personali forniti e si impegna a mantenerli aggiornati. L\u2019utente si impegna a fornire informazioni complete e corrette nel modulo di contatto o di iscrizione.<\/p>\n<h3>REVOCABILIT\u00c0<\/h3>\n<p>Il consenso prestato, sia per il trattamento che per il trasferimento dei dati degli interessati, \u00e8 revocabile in qualsiasi momento comunicandolo a BRIGHT YACHT MANAGEMENT SL nei termini stabiliti nella presente Informativa per l\u2019esercizio dei diritti di ARCO. Tale revoca non sar\u00e0 in nessun caso retroattiva.<\/p>\n<h3>MODIFICHE ALL\u2019INFORMATIVA SULLA PRIVACY<\/h3>\n<p>BRIGHT YACHT MANAGEMENT SL si riserva il diritto di modificare questa politica per adattarla a nuove leggi o giurisprudenze, nonch\u00e9 alle pratiche del settore. In questi casi, annuncer\u00e0 su questa pagina le modifiche introdotte con ragionevole anticipo rispetto alla loro attuazione. [\/vc_column_text][\/vc_column][\/vc_row]<\/p>\n<\/body><\/div>","protected":false},"excerpt":{"rendered":"<p>[vc_section][vc_row unlock_row_content=\u201dyes\u201d row_height_percent=\u201d60\u2033 override_padding=\u201dyes\u201d h_padding=\u201d2\u2033 top_padding=\u201d2\u2033 bottom_padding=\u201d2\u2033 back_image=\u201d393\u2033 back_position=\u201dcenter center\u201d overlay_color=\u201dcolor-210407\u2033 overlay_alpha=\u201d30\u2033 gutter_size=\u201d3\u2033 column_width_percent=\u201d100\u2033 shift_y=\u201d0\u2033 z_index=\u201d0\u2033 uncode_shortcode_id=\u201d142339\u2033 el_id=\u201dprincipale\u201d el_class=\u201drounded\u201d overlay_color_type=\u201duncode-palette\u201d][vc_column [&hellip;]<\/p>\n","protected":false},"author":1,"featured_media":0,"parent":0,"menu_order":0,"comment_status":"closed","ping_status":"closed","template":"","meta":{"footnotes":""},"class_list":["post-1122","page","type-page","status-publish","hentry"],"yoast_head":"<!-- This site is optimized with the Yoast SEO plugin v27.5 - https:\/\/yoast.com\/product\/yoast-seo-wordpress\/ -->\n<title>Informativa sulla privacy - Bright Yacht Management<\/title>\n<meta name=\"robots\" content=\"index, follow, max-snippet:-1, max-image-preview:large, max-video-preview:-1\" \/>\n<link rel=\"canonical\" href=\"https:\/\/www.brightyacht.com\/it\/informativa-sulla-privacy\/\" \/>\n<meta property=\"og:locale\" content=\"it_IT\" \/>\n<meta property=\"og:type\" content=\"article\" \/>\n<meta property=\"og:title\" content=\"Informativa sulla privacy - Bright Yacht Management\" \/>\n<meta property=\"og:description\" content=\"[vc_section][vc_row unlock_row_content=\u201dyes\u201d row_height_percent=\u201d60\u2033 override_padding=\u201dyes\u201d h_padding=\u201d2\u2033 top_padding=\u201d2\u2033 bottom_padding=\u201d2\u2033 back_image=\u201d393\u2033 back_position=\u201dcenter center\u201d overlay_color=\u201dcolor-210407\u2033 overlay_alpha=\u201d30\u2033 gutter_size=\u201d3\u2033 column_width_percent=\u201d100\u2033 shift_y=\u201d0\u2033 z_index=\u201d0\u2033 uncode_shortcode_id=\u201d142339\u2033 el_id=\u201dprincipale\u201d el_class=\u201drounded\u201d overlay_color_type=\u201duncode-palette\u201d][vc_column [&hellip;]\" \/>\n<meta property=\"og:url\" content=\"https:\/\/www.brightyacht.com\/it\/informativa-sulla-privacy\/\" \/>\n<meta property=\"og:site_name\" content=\"Bright Yacht Management\" \/>\n<meta property=\"article:modified_time\" content=\"2025-01-07T09:48:47+00:00\" \/>\n<meta name=\"twitter:card\" content=\"summary_large_image\" \/>\n<meta name=\"twitter:label1\" content=\"Tempo di lettura stimato\" \/>\n\t<meta name=\"twitter:data1\" content=\"9 minuti\" \/>\n<script type=\"application\/ld+json\" class=\"yoast-schema-graph\">{\"@context\":\"https:\\\/\\\/schema.org\",\"@graph\":[{\"@type\":\"WebPage\",\"@id\":\"https:\\\/\\\/www.brightyacht.com\\\/it\\\/informativa-sulla-privacy\\\/\",\"url\":\"https:\\\/\\\/www.brightyacht.com\\\/it\\\/informativa-sulla-privacy\\\/\",\"name\":\"Informativa sulla privacy - Bright Yacht Management\",\"isPartOf\":{\"@id\":\"https:\\\/\\\/www.brightyacht.com\\\/#website\"},\"datePublished\":\"2024-11-25T15:36:09+00:00\",\"dateModified\":\"2025-01-07T09:48:47+00:00\",\"breadcrumb\":{\"@id\":\"https:\\\/\\\/www.brightyacht.com\\\/it\\\/informativa-sulla-privacy\\\/#breadcrumb\"},\"inLanguage\":\"it-IT\",\"potentialAction\":[{\"@type\":\"ReadAction\",\"target\":[\"https:\\\/\\\/www.brightyacht.com\\\/it\\\/informativa-sulla-privacy\\\/\"]}]},{\"@type\":\"BreadcrumbList\",\"@id\":\"https:\\\/\\\/www.brightyacht.com\\\/it\\\/informativa-sulla-privacy\\\/#breadcrumb\",\"itemListElement\":[{\"@type\":\"ListItem\",\"position\":1,\"name\":\"Home\",\"item\":\"https:\\\/\\\/www.brightyacht.com\\\/it\\\/\"},{\"@type\":\"ListItem\",\"position\":2,\"name\":\"Informativa sulla privacy\"}]},{\"@type\":\"WebSite\",\"@id\":\"https:\\\/\\\/www.brightyacht.com\\\/#website\",\"url\":\"https:\\\/\\\/www.brightyacht.com\\\/\",\"name\":\"Bright Yacht Management\",\"description\":\"Yacht Management and Services in the Balearics\",\"publisher\":{\"@id\":\"https:\\\/\\\/www.brightyacht.com\\\/#organization\"},\"potentialAction\":[{\"@type\":\"SearchAction\",\"target\":{\"@type\":\"EntryPoint\",\"urlTemplate\":\"https:\\\/\\\/www.brightyacht.com\\\/?s={search_term_string}\"},\"query-input\":{\"@type\":\"PropertyValueSpecification\",\"valueRequired\":true,\"valueName\":\"search_term_string\"}}],\"inLanguage\":\"it-IT\"},{\"@type\":\"Organization\",\"@id\":\"https:\\\/\\\/www.brightyacht.com\\\/#organization\",\"name\":\"Bright Yacht Management\",\"url\":\"https:\\\/\\\/www.brightyacht.com\\\/\",\"logo\":{\"@type\":\"ImageObject\",\"inLanguage\":\"it-IT\",\"@id\":\"https:\\\/\\\/www.brightyacht.com\\\/#\\\/schema\\\/logo\\\/image\\\/\",\"url\":\"https:\\\/\\\/www.brightyacht.com\\\/wp-content\\\/uploads\\\/2024\\\/10\\\/07Asset-4.png\",\"contentUrl\":\"https:\\\/\\\/www.brightyacht.com\\\/wp-content\\\/uploads\\\/2024\\\/10\\\/07Asset-4.png\",\"width\":515,\"height\":178,\"caption\":\"Bright Yacht Management\"},\"image\":{\"@id\":\"https:\\\/\\\/www.brightyacht.com\\\/#\\\/schema\\\/logo\\\/image\\\/\"},\"sameAs\":[\"https:\\\/\\\/www.linkedin.com\\\/company\\\/bright-yacht-management-s-l\",\"https:\\\/\\\/www.instagram.com\\\/brightyachtmanagement\\\/\"]}]}<\/script>\n<!-- \/ Yoast SEO plugin. -->","yoast_head_json":{"title":"Informativa sulla privacy - Bright Yacht Management","robots":{"index":"index","follow":"follow","max-snippet":"max-snippet:-1","max-image-preview":"max-image-preview:large","max-video-preview":"max-video-preview:-1"},"canonical":"https:\/\/www.brightyacht.com\/it\/informativa-sulla-privacy\/","og_locale":"it_IT","og_type":"article","og_title":"Informativa sulla privacy - Bright Yacht Management","og_description":"[vc_section][vc_row unlock_row_content=\u201dyes\u201d row_height_percent=\u201d60\u2033 override_padding=\u201dyes\u201d h_padding=\u201d2\u2033 top_padding=\u201d2\u2033 bottom_padding=\u201d2\u2033 back_image=\u201d393\u2033 back_position=\u201dcenter center\u201d overlay_color=\u201dcolor-210407\u2033 overlay_alpha=\u201d30\u2033 gutter_size=\u201d3\u2033 column_width_percent=\u201d100\u2033 shift_y=\u201d0\u2033 z_index=\u201d0\u2033 uncode_shortcode_id=\u201d142339\u2033 el_id=\u201dprincipale\u201d el_class=\u201drounded\u201d overlay_color_type=\u201duncode-palette\u201d][vc_column [&hellip;]","og_url":"https:\/\/www.brightyacht.com\/it\/informativa-sulla-privacy\/","og_site_name":"Bright Yacht Management","article_modified_time":"2025-01-07T09:48:47+00:00","twitter_card":"summary_large_image","twitter_misc":{"Tempo di lettura stimato":"9 minuti"},"schema":{"@context":"https:\/\/schema.org","@graph":[{"@type":"WebPage","@id":"https:\/\/www.brightyacht.com\/it\/informativa-sulla-privacy\/","url":"https:\/\/www.brightyacht.com\/it\/informativa-sulla-privacy\/","name":"Informativa sulla privacy - Bright Yacht Management","isPartOf":{"@id":"https:\/\/www.brightyacht.com\/#website"},"datePublished":"2024-11-25T15:36:09+00:00","dateModified":"2025-01-07T09:48:47+00:00","breadcrumb":{"@id":"https:\/\/www.brightyacht.com\/it\/informativa-sulla-privacy\/#breadcrumb"},"inLanguage":"it-IT","potentialAction":[{"@type":"ReadAction","target":["https:\/\/www.brightyacht.com\/it\/informativa-sulla-privacy\/"]}]},{"@type":"BreadcrumbList","@id":"https:\/\/www.brightyacht.com\/it\/informativa-sulla-privacy\/#breadcrumb","itemListElement":[{"@type":"ListItem","position":1,"name":"Home","item":"https:\/\/www.brightyacht.com\/it\/"},{"@type":"ListItem","position":2,"name":"Informativa sulla privacy"}]},{"@type":"WebSite","@id":"https:\/\/www.brightyacht.com\/#website","url":"https:\/\/www.brightyacht.com\/","name":"Bright Yacht Management","description":"Yacht Management and Services in the Balearics","publisher":{"@id":"https:\/\/www.brightyacht.com\/#organization"},"potentialAction":[{"@type":"SearchAction","target":{"@type":"EntryPoint","urlTemplate":"https:\/\/www.brightyacht.com\/?s={search_term_string}"},"query-input":{"@type":"PropertyValueSpecification","valueRequired":true,"valueName":"search_term_string"}}],"inLanguage":"it-IT"},{"@type":"Organization","@id":"https:\/\/www.brightyacht.com\/#organization","name":"Bright Yacht Management","url":"https:\/\/www.brightyacht.com\/","logo":{"@type":"ImageObject","inLanguage":"it-IT","@id":"https:\/\/www.brightyacht.com\/#\/schema\/logo\/image\/","url":"https:\/\/www.brightyacht.com\/wp-content\/uploads\/2024\/10\/07Asset-4.png","contentUrl":"https:\/\/www.brightyacht.com\/wp-content\/uploads\/2024\/10\/07Asset-4.png","width":515,"height":178,"caption":"Bright Yacht Management"},"image":{"@id":"https:\/\/www.brightyacht.com\/#\/schema\/logo\/image\/"},"sameAs":["https:\/\/www.linkedin.com\/company\/bright-yacht-management-s-l","https:\/\/www.instagram.com\/brightyachtmanagement\/"]}]}},"_links":{"self":[{"href":"https:\/\/www.brightyacht.com\/it\/wp-json\/wp\/v2\/pages\/1122","targetHints":{"allow":["GET"]}}],"collection":[{"href":"https:\/\/www.brightyacht.com\/it\/wp-json\/wp\/v2\/pages"}],"about":[{"href":"https:\/\/www.brightyacht.com\/it\/wp-json\/wp\/v2\/types\/page"}],"author":[{"embeddable":true,"href":"https:\/\/www.brightyacht.com\/it\/wp-json\/wp\/v2\/users\/1"}],"replies":[{"embeddable":true,"href":"https:\/\/www.brightyacht.com\/it\/wp-json\/wp\/v2\/comments?post=1122"}],"version-history":[{"count":3,"href":"https:\/\/www.brightyacht.com\/it\/wp-json\/wp\/v2\/pages\/1122\/revisions"}],"predecessor-version":[{"id":1306,"href":"https:\/\/www.brightyacht.com\/it\/wp-json\/wp\/v2\/pages\/1122\/revisions\/1306"}],"wp:attachment":[{"href":"https:\/\/www.brightyacht.com\/it\/wp-json\/wp\/v2\/media?parent=1122"}],"curies":[{"name":"wp","href":"https:\/\/api.w.org\/{rel}","templated":true}]}}