{"id":1101,"date":"2024-11-25T15:27:01","date_gmt":"2024-11-25T15:27:01","guid":{"rendered":"https:\/\/compassdesign.biz\/work\/bright\/informazioni-legali\/"},"modified":"2025-01-07T09:48:59","modified_gmt":"2025-01-07T09:48:59","slug":"informazioni-legali","status":"publish","type":"page","link":"https:\/\/www.brightyacht.com\/it\/informazioni-legali\/","title":{"rendered":"Informazioni legali"},"content":{"rendered":"<div class=\"wpb-content-wrapper\"><body><p>[vc_section][vc_row unlock_row_content=\u201dyes\u201d row_height_percent=\u201d60\u2033 override_padding=\u201dyes\u201d h_padding=\u201d2\u2033 top_padding=\u201d2\u2033 bottom_padding=\u201d2\u2033 back_image=\u201d576\u2033 back_position=\u201dcenter center\u201d overlay_color=\u201dcolor-210407\u2033 overlay_alpha=\u201d30\u2033 gutter_size=\u201d3\u2033 column_width_percent=\u201d100\u2033 shift_y=\u201d0\u2033 z_index=\u201d0\u2033 uncode_shortcode_id=\u201d345302\u2033 el_id=\u201dprincipale\u201d el_class=\u201drounded\u201d overlay_color_type=\u201duncode-palette\u201d][vc_column column_width_percent=\u201d100\u2033 position_horizontal=\u201dleft\u201d position_vertical=\u201dbottom\u201d gutter_size=\u201d3\u2033 overlay_alpha=\u201d50\u2033 shift_x=\u201d0\u2033 shift_y=\u201d0\u2033 shift_y_down=\u201d0\u2033 z_index=\u201d0\u2033 medium_width=\u201d0\u2033 mobile_width=\u201d0\u2033 width=\u201d1\/4\u2033 uncode_shortcode_id=\u201d163406\u2033 css=\u201d.vc_custom_1727695199147{padding-bottom: 30px !important;padding-left: 30px !important;}\u201d][\/vc_column][vc_column column_width_percent=\u201d100\u2033 position_vertical=\u201dbottom\u201d align_horizontal=\u201dalign_center\u201d gutter_size=\u201d3\u2033 style=\u201dlight\u201d overlay_alpha=\u201d50\u2033 shift_x=\u201d0\u2033 shift_y=\u201d0\u2033 shift_y_down=\u201d0\u2033 z_index=\u201d0\u2033 medium_width=\u201d0\u2033 mobile_width=\u201d0\u2033 width=\u201d1\/2\u2033 uncode_shortcode_id=\u201d812805\u2033][vc_empty_space empty_h=\u201d2\u2033][\/vc_column][vc_column width=\u201d1\/4\u2033][\/vc_column][\/vc_row][\/vc_section][vc_row unlock_row=\u201d\u201d row_height_percent=\u201d0\u2033 overlay_alpha=\u201d50\u2033 gutter_size=\u201d3\u2033 column_width_percent=\u201d100\u2033 shift_y=\u201d0\u2033 z_index=\u201d0\u2033 uncode_shortcode_id=\u201d298400\u2033][vc_column width=\u201d1\/1\u2033][vc_column_text uncode_shortcode_id=\u201d768435\u2033]<\/p>\n<h2>Informazioni legali<\/h2>\n<p><strong>1. DATI DI IDENTIFICAZIONE<\/strong><\/p>\n<p>In ottemperanza all\u2019obbligo di informazione di cui all\u2019articolo 10 della Legge 34\/2002, dell\u201911 luglio, sui Servizi della Societ\u00e0 dell\u2019Informazione e del Commercio Elettronico, si riportano i seguenti dati:<\/p>\n<p>La societ\u00e0 titolare di questo dominio web \u00e8 Bright Yacht Management S.L., domiciliata a questi fini in Calle Muelle Viejo N.17, 2.piso, 07012 Palma de Mallorca, Spagna Numero CIF: B57683583 , iscritta al registro delle imprese PM-66536 , email di contatto: office@brightym.com<\/p>\n<p><strong>2. UTENTI<\/strong><\/p>\n<p>L\u2019accesso e\/o l\u2019utilizzo di questo portale o sito web conferisce all\u2019UTENTE la condizione di accettare, a partire da tale accesso e\/o utilizzo, le Condizioni Generali d\u2019Uso riportate nel presente avviso. Le Condizioni saranno applicabili indipendentemente dalle Condizioni Generali di Contratto che, nel caso, sono di applicazione obbligatoria. In ogni caso, per qualsiasi finalit\u00e0 specifica, sar\u00e0 richiesto il tuo consenso esplicito.<\/p>\n<p><strong>3. UTILIZZO DEL PORTALE<\/strong><\/p>\n<p>Il nostro sito web fornisce l\u2019accesso a informazioni, servizi, programmi o dati (di seguito denominati \u201ccontenuti\u201d) presenti su Internet e appartenenti a Bright Yacht Management S.L., o ai suoi licenziatari, ai quali l\u2019UTENTE pu\u00f2 avere accesso. L\u2019UTENTE si assume la responsabilit\u00e0 del corretto utilizzo del portale. Questa responsabilit\u00e0 si estende alla registrazione necessaria per accedere a determinati servizi o contenuti.<\/p>\n<ul>\n<li>In questo registro l\u2019USUARIO \u00e8 responsabile di fornire informazioni vere e precise sui suoi dati. Come conseguenza di questo registro, all\u2019USUARIO se le puede proporcionar una contrase\u00f1a de la que ser\u00e1 responsable, comprometi\u00e9ndose a hacer un uso diligente, etico y confidencial de la misma. El USUARIO si compromette a fare un uso adeguato dei contenuti e dei servizi (come ad esempio i servizi di chat, i forum di discussione o i gruppi di discussione) che offre attraverso il suo portale e che hanno un carattere enunciativo ma non limitativo, a non utilizzarli per: \u2013 svolgere attivit\u00e0 illecite, illegali o contrarie alla buona fede e all\u2019ordine pubblico.<\/li>\n<li>Diffondere contenuti o propaganda di stampo razzista, xenofobo, pornografico-illegale, apologia del terrorismo o contro i diritti umani.<br>\nCausare danni ai sistemi fisici e logici del proprietario, dei suoi fornitori o di terzi, introdurre o diffondere virus informatici o qualsiasi altro sistema fisico o logico che possa causare i suddetti danni.<\/li>\n<li>Tentare di accedere e, se del caso, utilizzare gli account di posta elettronica di altri utenti e modificare o manipolare i loro messaggi. Il proprietario del portale si riserva il diritto di rimuovere qualsiasi commento e contributo che violi il rispetto della dignit\u00e0 della persona, che sia discriminatorio, xenofobo, razzista, pornografico, che violi la giovent\u00f9 o l\u2019infanzia, l\u2019ordine o la sicurezza pubblica o che, a suo parere, non sia appropriato o adatto alla pubblicazione. In ogni caso, il proprietario del portale non sar\u00e0 responsabile delle opinioni espresse dagli utenti attraverso forum, chat o altri strumenti di partecipazione.<\/li>\n<\/ul>\n<p><strong>4 PROTEZIONE DEI DATI E UTILIZZO DEI COOKIE<\/strong><\/p>\n<p>L\u2019utilizzo dei dati personali \u00e8 definito sulla base del Regolamento Generale sulla Protezione dei Dati e delle normative spagnole vigenti. Al fine di ottenere la massima trasparenza e in base alla nostra politica proattiva, ti informiamo:<\/p>\n<p>\u2013 Uso condiviso con terzi:<\/p>\n<p>Diritti: Hai il diritto di accedere ai tuoi dati, di rettificarli, di cancellarli, di limitarli e di opporti al loro trattamento in qualsiasi momento; puoi inoltre revocare il consenso dato e presentare un reclamo all\u2019autorit\u00e0 di controllo (Agenzia Spagnola per la Protezione dei Dati C\/ Jorge Juan n\u00ba6 28001 Madrid). Per esercitare i tuoi diritti hai a disposizione un canale diretto con la nostra azienda all\u2019indirizzo mail office@brightym.com e all\u2019indirizzo postale Calle Muelle Viejo N.17, 2.piso, 07012 Palma di Maiorca, Spagna indicando nell\u2019oggetto la protezione dei dati.<\/p>\n<p>\u2013 Privacy nella navigazione:<\/p>\n<p>Il proprietario del portale prende molto sul serio la privacy e si adopera per la trasparenza in tutti gli aspetti legati ai dati personali. Per maggiori informazioni, consulta la politica sui cookie del nostro sito web.<\/p>\n<p>Inoltre, Bright Yacht Management S.L. dichiara di rispettare la Legge 34\/2002 dell\u201911 luglio, Servizi della Societ\u00e0 dell\u2019Informazione e del Commercio Elettrico e richieder\u00e0 in ogni momento il tuo consenso al trattamento della tua email per scopi commerciali.<\/p>\n<p><strong>5 PROPRIET\u00c0 INTELLETTUALE E INDUSTRIALE<\/strong><\/p>\n<p>Tutti i diritti riservati. Ai sensi degli articoli 8 e 32.1, secondo comma, della Legge sulla Propriet\u00e0 Intellettuale, sono espressamente vietate la riproduzione, la distribuzione e la comunicazione pubblica, comprese le modalit\u00e0 di messa a disposizione, di tutti o parte dei contenuti di questo sito web, a fini commerciali, su qualsiasi supporto e con qualsiasi mezzo tecnico, senza l\u2019autorizzazione di Bright Yacht Management S.L..<\/p>\n<p>L\u2019UTENTE si impegna a rispettare i diritti di propriet\u00e0 intellettuale e industriale di Bright Yacht Management SL\u2026 L\u2019utente pu\u00f2 visualizzare gli elementi del portale e anche stamparli, copiarli e memorizzarli sul disco rigido del proprio computer o di qualsiasi altro hardware, a condizione che sia solo ed esclusivamente per uso personale e privato. L\u2019UTENTE si asterr\u00e0 dal cancellare, alterare, eludere o manipolare qualsiasi dispositivo di protezione o sistema di sicurezza installato sulle pagine di .<\/p>\n<p><strong>6 ESCLUSIONE DI GARANZIE E RESPONSABILIT\u00c0<\/strong><\/p>\n<p>Bright Yacht Management S.L. non \u00e8 responsabile, in nessun caso, per i danni di qualsiasi tipo che possano causare, a titolo esemplificativo e non esaustivo: errori o omissioni nei contenuti, mancanza di disponibilit\u00e0 del portale o trasmissione di virus o programmi dannosi o nocivi nei contenuti, pur avendo predisposto tutte le misure tecnologiche necessarie per impedirlo.<\/p>\n<p><strong>7 MODIFICHE<\/strong><\/p>\n<p>Bright Yacht Management S.L. si riserva il diritto di apportare senza preavviso le modifiche che riterr\u00e0 opportune al proprio sito web, potr\u00e0 modificare, eliminare o aggiungere contenuti e servizi forniti attraverso lo stesso cos\u00ec come il modo in cui sono presentati o collocati sul proprio sito web.<\/p>\n<p><strong>8 LINK<\/strong><\/p>\n<p>Nel caso in cui Bright Yacht Management S.L. abbia link o collegamenti ipertestuali ad altri siti Internet, non eserciter\u00e0 alcun controllo su tali siti e contenuti. In nessun caso Bright Yacht Management S.L. si assume alcuna responsabilit\u00e0 per i contenuti di qualsiasi link appartenente a un altro sito web, n\u00e9 garantisce la disponibilit\u00e0 tecnica, la qualit\u00e0, l\u2019affidabilit\u00e0, l\u2019accuratezza, la completezza, la precisione, la validit\u00e0 e la costituzionalit\u00e0 di qualsiasi materiale o informazione contenuta in tali collegamenti ipertestuali o in altri siti Internet. In caso di utilizzo di link, si prega di consultare l\u2019informativa sulla privacy e le note legali della pagina visitata.<\/p>\n<p>Allo stesso modo, l\u2019inclusione di questi link esterni non implica alcun tipo di associazione, fusione o partecipazione con le entit\u00e0 collegate.<\/p>\n<p><strong>9 DIRITTO DI ESCLUSIONE<\/strong><\/p>\n<p>Bright Yacht Management S.L. si riserva il diritto di negare o ritirare l\u2019accesso al portale e\/o ai servizi offerti senza preavviso, su propria richiesta o su richiesta di terzi, agli utenti che non rispettano le presenti Condizioni Generali d\u2019Uso.<\/p>\n<p><strong>10 GENERALE<\/strong><\/p>\n<p>Bright Yacht Management S.L. perseguir\u00e0 la violazione di queste condizioni e qualsiasi uso improprio del suo sito web esercitando tutte le azioni civili e penali che le competono per legge.<\/p>\n<p><strong>11 MODIFICA DELLE PRESENTI CONDIZIONI E DELLA DURATA<\/strong><\/p>\n<p>Bright Yacht Management S.L. pu\u00f2 modificare in qualsiasi momento le condizioni qui stabilite, che sono debitamente pubblicate come appaiono qui.<\/p>\n<p>La validit\u00e0 di queste condizioni dipender\u00e0 dalla loro esposizione e sar\u00e0 in vigore fino a quando non saranno debitamente pubblicate, modificate da altri.<\/p>\n<p><strong>12 LEGGE APPLICABILE E GIURISDIZIONE<\/strong><\/p>\n<p>Il rapporto tra Bright Yacht Management S.L. e l\u2019UTENTE sar\u00e0 regolato dalla legislazione spagnola in vigore e qualsiasi controversia sar\u00e0 sottoposta all\u2019autorit\u00e0 competente.[\/vc_column_text][\/vc_column][\/vc_row]<\/p>\n<\/body><\/div>","protected":false},"excerpt":{"rendered":"<p>[vc_section][vc_row unlock_row_content=\u201dyes\u201d row_height_percent=\u201d60\u2033 override_padding=\u201dyes\u201d h_padding=\u201d2\u2033 top_padding=\u201d2\u2033 bottom_padding=\u201d2\u2033 back_image=\u201d576\u2033 back_position=\u201dcenter center\u201d overlay_color=\u201dcolor-210407\u2033 overlay_alpha=\u201d30\u2033 gutter_size=\u201d3\u2033 column_width_percent=\u201d100\u2033 shift_y=\u201d0\u2033 z_index=\u201d0\u2033 uncode_shortcode_id=\u201d345302\u2033 el_id=\u201dprincipale\u201d el_class=\u201drounded\u201d overlay_color_type=\u201duncode-palette\u201d][vc_column [&hellip;]<\/p>\n","protected":false},"author":1,"featured_media":0,"parent":0,"menu_order":0,"comment_status":"closed","ping_status":"closed","template":"","meta":{"footnotes":""},"class_list":["post-1101","page","type-page","status-publish","hentry"],"yoast_head":"<!-- This site is optimized with the Yoast SEO plugin v27.4 - https:\/\/yoast.com\/product\/yoast-seo-wordpress\/ -->\n<title>Informazioni legali - Bright Yacht Management<\/title>\n<meta name=\"robots\" content=\"index, follow, max-snippet:-1, max-image-preview:large, max-video-preview:-1\" \/>\n<link rel=\"canonical\" href=\"https:\/\/www.brightyacht.com\/it\/informazioni-legali\/\" \/>\n<meta property=\"og:locale\" content=\"it_IT\" \/>\n<meta property=\"og:type\" content=\"article\" \/>\n<meta property=\"og:title\" content=\"Informazioni legali - Bright Yacht Management\" \/>\n<meta property=\"og:description\" content=\"[vc_section][vc_row unlock_row_content=\u201dyes\u201d row_height_percent=\u201d60\u2033 override_padding=\u201dyes\u201d h_padding=\u201d2\u2033 top_padding=\u201d2\u2033 bottom_padding=\u201d2\u2033 back_image=\u201d576\u2033 back_position=\u201dcenter center\u201d overlay_color=\u201dcolor-210407\u2033 overlay_alpha=\u201d30\u2033 gutter_size=\u201d3\u2033 column_width_percent=\u201d100\u2033 shift_y=\u201d0\u2033 z_index=\u201d0\u2033 uncode_shortcode_id=\u201d345302\u2033 el_id=\u201dprincipale\u201d el_class=\u201drounded\u201d overlay_color_type=\u201duncode-palette\u201d][vc_column [&hellip;]\" \/>\n<meta property=\"og:url\" content=\"https:\/\/www.brightyacht.com\/it\/informazioni-legali\/\" \/>\n<meta property=\"og:site_name\" content=\"Bright Yacht Management\" \/>\n<meta property=\"article:modified_time\" content=\"2025-01-07T09:48:59+00:00\" \/>\n<meta name=\"twitter:card\" content=\"summary_large_image\" \/>\n<meta name=\"twitter:label1\" content=\"Tempo di lettura stimato\" \/>\n\t<meta name=\"twitter:data1\" content=\"6 minuti\" \/>\n<script type=\"application\/ld+json\" class=\"yoast-schema-graph\">{\"@context\":\"https:\\\/\\\/schema.org\",\"@graph\":[{\"@type\":\"WebPage\",\"@id\":\"https:\\\/\\\/www.brightyacht.com\\\/it\\\/informazioni-legali\\\/\",\"url\":\"https:\\\/\\\/www.brightyacht.com\\\/it\\\/informazioni-legali\\\/\",\"name\":\"Informazioni legali - Bright Yacht Management\",\"isPartOf\":{\"@id\":\"https:\\\/\\\/www.brightyacht.com\\\/#website\"},\"datePublished\":\"2024-11-25T15:27:01+00:00\",\"dateModified\":\"2025-01-07T09:48:59+00:00\",\"breadcrumb\":{\"@id\":\"https:\\\/\\\/www.brightyacht.com\\\/it\\\/informazioni-legali\\\/#breadcrumb\"},\"inLanguage\":\"it-IT\",\"potentialAction\":[{\"@type\":\"ReadAction\",\"target\":[\"https:\\\/\\\/www.brightyacht.com\\\/it\\\/informazioni-legali\\\/\"]}]},{\"@type\":\"BreadcrumbList\",\"@id\":\"https:\\\/\\\/www.brightyacht.com\\\/it\\\/informazioni-legali\\\/#breadcrumb\",\"itemListElement\":[{\"@type\":\"ListItem\",\"position\":1,\"name\":\"Home\",\"item\":\"https:\\\/\\\/www.brightyacht.com\\\/it\\\/\"},{\"@type\":\"ListItem\",\"position\":2,\"name\":\"Informazioni legali\"}]},{\"@type\":\"WebSite\",\"@id\":\"https:\\\/\\\/www.brightyacht.com\\\/#website\",\"url\":\"https:\\\/\\\/www.brightyacht.com\\\/\",\"name\":\"Bright Yacht Management\",\"description\":\"Yacht Management and Services in the Balearics\",\"publisher\":{\"@id\":\"https:\\\/\\\/www.brightyacht.com\\\/#organization\"},\"potentialAction\":[{\"@type\":\"SearchAction\",\"target\":{\"@type\":\"EntryPoint\",\"urlTemplate\":\"https:\\\/\\\/www.brightyacht.com\\\/?s={search_term_string}\"},\"query-input\":{\"@type\":\"PropertyValueSpecification\",\"valueRequired\":true,\"valueName\":\"search_term_string\"}}],\"inLanguage\":\"it-IT\"},{\"@type\":\"Organization\",\"@id\":\"https:\\\/\\\/www.brightyacht.com\\\/#organization\",\"name\":\"Bright Yacht Management\",\"url\":\"https:\\\/\\\/www.brightyacht.com\\\/\",\"logo\":{\"@type\":\"ImageObject\",\"inLanguage\":\"it-IT\",\"@id\":\"https:\\\/\\\/www.brightyacht.com\\\/#\\\/schema\\\/logo\\\/image\\\/\",\"url\":\"https:\\\/\\\/www.brightyacht.com\\\/wp-content\\\/uploads\\\/2024\\\/10\\\/07Asset-4.png\",\"contentUrl\":\"https:\\\/\\\/www.brightyacht.com\\\/wp-content\\\/uploads\\\/2024\\\/10\\\/07Asset-4.png\",\"width\":515,\"height\":178,\"caption\":\"Bright Yacht Management\"},\"image\":{\"@id\":\"https:\\\/\\\/www.brightyacht.com\\\/#\\\/schema\\\/logo\\\/image\\\/\"},\"sameAs\":[\"https:\\\/\\\/www.linkedin.com\\\/company\\\/bright-yacht-management-s-l\",\"https:\\\/\\\/www.instagram.com\\\/brightyachtmanagement\\\/\"]}]}<\/script>\n<!-- \/ Yoast SEO plugin. -->","yoast_head_json":{"title":"Informazioni legali - Bright Yacht Management","robots":{"index":"index","follow":"follow","max-snippet":"max-snippet:-1","max-image-preview":"max-image-preview:large","max-video-preview":"max-video-preview:-1"},"canonical":"https:\/\/www.brightyacht.com\/it\/informazioni-legali\/","og_locale":"it_IT","og_type":"article","og_title":"Informazioni legali - Bright Yacht Management","og_description":"[vc_section][vc_row unlock_row_content=\u201dyes\u201d row_height_percent=\u201d60\u2033 override_padding=\u201dyes\u201d h_padding=\u201d2\u2033 top_padding=\u201d2\u2033 bottom_padding=\u201d2\u2033 back_image=\u201d576\u2033 back_position=\u201dcenter center\u201d overlay_color=\u201dcolor-210407\u2033 overlay_alpha=\u201d30\u2033 gutter_size=\u201d3\u2033 column_width_percent=\u201d100\u2033 shift_y=\u201d0\u2033 z_index=\u201d0\u2033 uncode_shortcode_id=\u201d345302\u2033 el_id=\u201dprincipale\u201d el_class=\u201drounded\u201d overlay_color_type=\u201duncode-palette\u201d][vc_column [&hellip;]","og_url":"https:\/\/www.brightyacht.com\/it\/informazioni-legali\/","og_site_name":"Bright Yacht Management","article_modified_time":"2025-01-07T09:48:59+00:00","twitter_card":"summary_large_image","twitter_misc":{"Tempo di lettura stimato":"6 minuti"},"schema":{"@context":"https:\/\/schema.org","@graph":[{"@type":"WebPage","@id":"https:\/\/www.brightyacht.com\/it\/informazioni-legali\/","url":"https:\/\/www.brightyacht.com\/it\/informazioni-legali\/","name":"Informazioni legali - Bright Yacht Management","isPartOf":{"@id":"https:\/\/www.brightyacht.com\/#website"},"datePublished":"2024-11-25T15:27:01+00:00","dateModified":"2025-01-07T09:48:59+00:00","breadcrumb":{"@id":"https:\/\/www.brightyacht.com\/it\/informazioni-legali\/#breadcrumb"},"inLanguage":"it-IT","potentialAction":[{"@type":"ReadAction","target":["https:\/\/www.brightyacht.com\/it\/informazioni-legali\/"]}]},{"@type":"BreadcrumbList","@id":"https:\/\/www.brightyacht.com\/it\/informazioni-legali\/#breadcrumb","itemListElement":[{"@type":"ListItem","position":1,"name":"Home","item":"https:\/\/www.brightyacht.com\/it\/"},{"@type":"ListItem","position":2,"name":"Informazioni legali"}]},{"@type":"WebSite","@id":"https:\/\/www.brightyacht.com\/#website","url":"https:\/\/www.brightyacht.com\/","name":"Bright Yacht Management","description":"Yacht Management and Services in the Balearics","publisher":{"@id":"https:\/\/www.brightyacht.com\/#organization"},"potentialAction":[{"@type":"SearchAction","target":{"@type":"EntryPoint","urlTemplate":"https:\/\/www.brightyacht.com\/?s={search_term_string}"},"query-input":{"@type":"PropertyValueSpecification","valueRequired":true,"valueName":"search_term_string"}}],"inLanguage":"it-IT"},{"@type":"Organization","@id":"https:\/\/www.brightyacht.com\/#organization","name":"Bright Yacht Management","url":"https:\/\/www.brightyacht.com\/","logo":{"@type":"ImageObject","inLanguage":"it-IT","@id":"https:\/\/www.brightyacht.com\/#\/schema\/logo\/image\/","url":"https:\/\/www.brightyacht.com\/wp-content\/uploads\/2024\/10\/07Asset-4.png","contentUrl":"https:\/\/www.brightyacht.com\/wp-content\/uploads\/2024\/10\/07Asset-4.png","width":515,"height":178,"caption":"Bright Yacht Management"},"image":{"@id":"https:\/\/www.brightyacht.com\/#\/schema\/logo\/image\/"},"sameAs":["https:\/\/www.linkedin.com\/company\/bright-yacht-management-s-l","https:\/\/www.instagram.com\/brightyachtmanagement\/"]}]}},"_links":{"self":[{"href":"https:\/\/www.brightyacht.com\/it\/wp-json\/wp\/v2\/pages\/1101","targetHints":{"allow":["GET"]}}],"collection":[{"href":"https:\/\/www.brightyacht.com\/it\/wp-json\/wp\/v2\/pages"}],"about":[{"href":"https:\/\/www.brightyacht.com\/it\/wp-json\/wp\/v2\/types\/page"}],"author":[{"embeddable":true,"href":"https:\/\/www.brightyacht.com\/it\/wp-json\/wp\/v2\/users\/1"}],"replies":[{"embeddable":true,"href":"https:\/\/www.brightyacht.com\/it\/wp-json\/wp\/v2\/comments?post=1101"}],"version-history":[{"count":5,"href":"https:\/\/www.brightyacht.com\/it\/wp-json\/wp\/v2\/pages\/1101\/revisions"}],"predecessor-version":[{"id":1112,"href":"https:\/\/www.brightyacht.com\/it\/wp-json\/wp\/v2\/pages\/1101\/revisions\/1112"}],"wp:attachment":[{"href":"https:\/\/www.brightyacht.com\/it\/wp-json\/wp\/v2\/media?parent=1101"}],"curies":[{"name":"wp","href":"https:\/\/api.w.org\/{rel}","templated":true}]}}