{"id":1257,"date":"2024-09-26T11:13:18","date_gmt":"2024-09-26T11:13:18","guid":{"rendered":"https:\/\/compassdesign.biz\/work\/bright\/quienes-somos\/"},"modified":"2025-01-14T14:14:25","modified_gmt":"2025-01-14T14:14:25","slug":"quienes-somos","status":"publish","type":"page","link":"https:\/\/www.brightyacht.com\/es\/quienes-somos\/","title":{"rendered":"Qui\u00e9nes somos"},"content":{"rendered":"<div class=\"wpb-content-wrapper\"><body><p>[vc_section][vc_row unlock_row_content=\u201dyes\u201d row_height_percent=\u201d60\u2033 override_padding=\u201dyes\u201d h_padding=\u201d2\u2033 top_padding=\u201d2\u2033 bottom_padding=\u201d2\u2033 back_image=\u201d985\u2033 back_position=\u201dcenter center\u201d overlay_color=\u201dcolor-210407\u2033 overlay_alpha=\u201d30\u2033 gutter_size=\u201d3\u2033 column_width_percent=\u201d100\u2033 shift_y=\u201d0\u2033 z_index=\u201d0\u2033 uncode_shortcode_id=\u201d341313\u2033 el_id=\u201dmain\u201d el_class=\u201drounded\u201d overlay_color_type=\u201duncode-palette\u201d][vc_column column_width_percent=\u201d100\u2033 position_horizontal=\u201dleft\u201d position_vertical=\u201dbottom\u201d gutter_size=\u201d3\u2033 overlay_alpha=\u201d50\u2033 shift_x=\u201d0\u2033 shift_y=\u201d0\u2033 shift_y_down=\u201d0\u2033 z_index=\u201d0\u2033 medium_width=\u201d0\u2033 mobile_width=\u201d0\u2033 width=\u201d1\/4\u2033 uncode_shortcode_id=\u201d163406\u2033 css=\u201d.vc_custom_1727695199147{padding-bottom: 30px !important;padding-left: 30px !important;}\u201d][\/vc_column][vc_column column_width_percent=\u201d100\u2033 position_vertical=\u201dbottom\u201d align_horizontal=\u201dalign_center\u201d gutter_size=\u201d3\u2033 style=\u201dlight\u201d overlay_alpha=\u201d50\u2033 shift_x=\u201d0\u2033 shift_y=\u201d0\u2033 shift_y_down=\u201d0\u2033 z_index=\u201d0\u2033 medium_width=\u201d0\u2033 mobile_width=\u201d0\u2033 width=\u201d1\/2\u2033 uncode_shortcode_id=\u201d812805\u2033][vc_empty_space empty_h=\u201d2\u2033][\/vc_column][vc_column width=\u201d1\/4\u2033][\/vc_column][\/vc_row][\/vc_section][vc_row row_height_percent=\u201d50\u2033 override_padding=\u201dyes\u201d h_padding=\u201d2\u2033 top_padding=\u201d3\u2033 bottom_padding=\u201d3\u2033 overlay_alpha=\u201d50\u2033 gutter_size=\u201d3\u2033 column_width_percent=\u201d100\u2033 shift_y=\u201d0\u2033 z_index=\u201d0\u2033 uncode_shortcode_id=\u201d178372\u2033][vc_column column_width_use_pixel=\u201dyes\u201d position_vertical=\u201dmiddle\u201d align_horizontal=\u201dalign_center\u201d gutter_size=\u201d3\u2033 style=\u201dlight\u201d overlay_alpha=\u201d50\u2033 shift_x=\u201d0\u2033 shift_y=\u201d0\u2033 shift_y_down=\u201d0\u2033 z_index=\u201d0\u2033 medium_width=\u201d0\u2033 mobile_width=\u201d0\u2033 width=\u201d1\/1\u2033 column_width_pixel=\u201d900\u2033 uncode_shortcode_id=\u201d188153\u2033 css=\u201d.vc_custom_1733157737176{padding-bottom: 0px !important;}\u201d][vc_custom_heading text_size=\u201dcustom\u201d text_weight=\u201d100\u2033 css_animation=\u201dalpha-anim\u201d animation_delay=\u201d300\u2033 uncode_shortcode_id=\u201d693068\u2033 heading_custom_size=\u201d60px\u201d text_color_type=\u201duncode-solid\u201d text_color_solid=\u201d#f2b122\u2033]Sobre nosotros[\/vc_custom_heading][vc_column_text css_animation=\u201dalpha-anim\u201d animation_delay=\u201d600\u2033 uncode_shortcode_id=\u201d388716\u2033 css=\u201d.vc_custom_1733157714504{margin-top: 30px !important;margin-bottom: 30px !important;}\u201d]<\/p>\n<h3 style=\"text-align: center;\">Con m\u00e1s de 35 a\u00f1os de experiencia en la industria n\u00e1utica, Tim Bright, como Director General al tim\u00f3n, ofrece un profundo conocimiento de lo que se necesita para ofrecer excelencia en este sector.<\/h3>\n<p>[\/vc_column_text][vc_column_text css_animation=\u201dalpha-anim\u201d animation_delay=\u201d600\u2033 uncode_shortcode_id=\u201d772410\u2033 css=\u201d.vc_custom_1733157726976{margin-top: 30px !important;margin-bottom: 30px !important;}\u201d]<\/p>\n<p style=\"text-align: center;\">Junto con su equipo, ha dirigido con \u00e9xito reformas de yates y supervisado proyectos de nueva construcci\u00f3n en algunos de los destinos n\u00e1uticos m\u00e1s prestigiosos del mundo, como el norte de Europa, el Mediterr\u00e1neo, EE.UU. y el Caribe. Esto le da una perspectiva \u00fanica y completa de los diversos retos y oportunidades del sector.<\/p>\n<p style=\"text-align: center;\">Este enfoque pr\u00e1ctico de la ejecuci\u00f3n de proyectos complejos significa que estamos ah\u00ed para guiar a los propietarios y capitanes de yates en cada paso del proceso. Desde las fases iniciales de planificaci\u00f3n hasta los toques finales, nos aseguramos de que cada detalle se ejecute con el m\u00e1ximo nivel de calidad.<\/p>\n<p style=\"text-align: center;\"><strong>Nuestro compromiso no termina con la finalizaci\u00f3n de un proyecto. Creemos en las relaciones a largo plazo con nuestros clientes, basadas en la confianza y la transparencia. <\/strong><\/p>\n<p>[\/vc_column_text][vc_button size=\u201dbtn-lg\u201d radius=\u201dbtn-circle\u201d border_width=\u201d0\u2033 icon_position=\u201dright\u201d display=\u201dinline\u201d css_animation=\u201dalpha-anim\u201d animation_delay=\u201d700\u2033 button_color_type=\u201duncode-solid\u201d uncode_shortcode_id=\u201d525061\u2033 icon=\u201dfa fa-arrow-circle-right\u201d button_color_solid=\u201d#f2b122\u2033 link=\u201durl:https%3A%2F%2Fwww.brightyacht.com%2Fes%2Fcontacto%2F|title:Ponte%20en%20contacto%20con\u201d]contacta con nosotros[\/vc_button][\/vc_column][\/vc_row][vc_row row_height_percent=\u201d0\u2033 override_padding=\u201dyes\u201d h_padding=\u201d2\u2033 top_padding=\u201d2\u2033 bottom_padding=\u201d2\u2033 overlay_alpha=\u201d50\u2033 gutter_size=\u201d3\u2033 column_width_percent=\u201d100\u2033 shift_y=\u201d0\u2033 z_index=\u201d0\u2033 uncode_shortcode_id=\u201d188090\u2033][vc_column column_width_use_pixel=\u201dyes\u201d position_vertical=\u201dmiddle\u201d align_horizontal=\u201dalign_center\u201d gutter_size=\u201d3\u2033 style=\u201dlight\u201d overlay_alpha=\u201d50\u2033 shift_x=\u201d0\u2033 shift_y=\u201d0\u2033 shift_y_down=\u201d0\u2033 z_index=\u201d0\u2033 medium_width=\u201d0\u2033 mobile_width=\u201d0\u2033 width=\u201d1\/1\u2033 column_width_pixel=\u201d900\u2033 uncode_shortcode_id=\u201d465005\u2033 css=\u201d.vc_custom_1732103257869{padding-bottom: 0px !important;}\u201d][vc_custom_heading heading_semantic=\u201dh3\u2033 text_size=\u201dcustom\u201d text_weight=\u201d100\u2033 css_animation=\u201dalpha-anim\u201d animation_delay=\u201d300\u2033 uncode_shortcode_id=\u201d596099\u2033 heading_custom_size=\u201d60px\u201d text_color_type=\u201duncode-solid\u201d text_color_solid=\u201d#f2b122\u2033]Nuestros servicios[\/vc_custom_heading][\/vc_column][\/vc_row][vc_row unlock_row_content=\u201dyes\u201d row_height_percent=\u201d33\u2033 override_padding=\u201dyes\u201d h_padding=\u201d0\u2033 top_padding=\u201d0\u2033 bottom_padding=\u201d1\u2033 overlay_alpha=\u201d50\u2033 equal_height=\u201dyes\u201d gutter_size=\u201d2\u2033 column_width_percent=\u201d100\u2033 shift_y=\u201d0\u2033 z_index=\u201d0\u2033 uncode_shortcode_id=\u201d219283\u2033 css=\u201d.vc_custom_1732619256329{padding-right: 20px !important;padding-left: 20px !important;}\u201d][vc_column column_width_percent=\u201d100\u2033 gutter_size=\u201d3\u2033 override_padding=\u201dyes\u201d column_padding=\u201d2\u2033 style=\u201ddark\u201d back_image=\u201d899\u2033 overlay_color=\u201dcolor-210407\u2033 overlay_alpha=\u201d30\u2033 shift_x=\u201d0\u2033 shift_y=\u201d0\u2033 shift_y_down=\u201d0\u2033 z_index=\u201d0\u2033 medium_width=\u201d0\u2033 mobile_width=\u201d0\u2033 css_animation=\u201dbottom-t-top\u201d animation_delay=\u201d300\u2033 width=\u201d1\/3\u2033 uncode_shortcode_id=\u201d910309\u2033 el_class=\u201drounded-row\u201d overlay_color_type=\u201duncode-palette\u201d back_size=\u201dcover\u201d link_to=\u201durl:https%3A%2F%2Fwww.brightyacht.com%2Fes%2Fgestion-de-yates%2Fgestion-de-obra-nueva%2F|title:Gesti%C3%B3n%20de%20yates\u201d][vc_custom_heading text_color=\u201daccent\u201d heading_semantic=\u201dh4\u2033 text_size=\u201dcustom\u201d text_weight=\u201d700\u2033 uncode_shortcode_id=\u201d351282\u2033 text_color_type=\u201duncode-palette\u201d heading_custom_size=\u201d28px\u201d]<\/p>\n<h3>Nueva construcci\u00f3n<\/h3>\n<p>[\/vc_custom_heading][\/vc_column][vc_column column_width_percent=\u201d100\u2033 gutter_size=\u201d3\u2033 override_padding=\u201dyes\u201d column_padding=\u201d2\u2033 style=\u201ddark\u201d back_image=\u201d905\u2033 back_position=\u201dcenter center\u201d overlay_color=\u201dcolor-210407\u2033 overlay_alpha=\u201d30\u2033 shift_x=\u201d0\u2033 shift_y=\u201d0\u2033 shift_y_down=\u201d0\u2033 z_index=\u201d0\u2033 medium_width=\u201d0\u2033 mobile_width=\u201d0\u2033 css_animation=\u201dbottom-t-top\u201d animation_delay=\u201d500\u2033 width=\u201d1\/3\u2033 uncode_shortcode_id=\u201d201129\u2033 el_class=\u201drounded-row\u201d overlay_color_type=\u201duncode-palette\u201d back_size=\u201dcover\u201d link_to=\u201durl:https%3A%2F%2Fwww.brightyacht.com%2Fes%2Fgestion-de-yates%2Fgestion-del-reacondicionamiento%2F|title:Servicios%20a%20la%20tripulaci%C3%B3n\u201d][vc_custom_heading text_color=\u201daccent\u201d heading_semantic=\u201dh4\u2033 text_size=\u201dcustom\u201d text_weight=\u201d700\u2033 uncode_shortcode_id=\u201d192653\u2033 text_color_type=\u201duncode-palette\u201d heading_custom_size=\u201d28px\u201d]<\/p>\n<h3>Refit<\/h3>\n<p>[\/vc_custom_heading][\/vc_column][vc_column column_width_percent=\u201d100\u2033 gutter_size=\u201d3\u2033 override_padding=\u201dyes\u201d column_padding=\u201d2\u2033 style=\u201ddark\u201d back_image=\u201d1002\u2033 overlay_color=\u201dcolor-210407\u2033 overlay_alpha=\u201d30\u2033 shift_x=\u201d0\u2033 shift_y=\u201d0\u2033 shift_y_down=\u201d0\u2033 z_index=\u201d0\u2033 medium_width=\u201d0\u2033 mobile_width=\u201d0\u2033 css_animation=\u201dbottom-t-top\u201d animation_delay=\u201d700\u2033 width=\u201d1\/3\u2033 uncode_shortcode_id=\u201d163608\u2033 el_class=\u201drounded-row\u201d overlay_color_type=\u201duncode-palette\u201d link_to=\u201durl:https%3A%2F%2Fwww.brightyacht.com%2Fes%2Fgestion-de-yates%2Fmantenimiento-y-gestion-tecnica%2F|title:Seguridad%20y%20cumplimiento\u201d][vc_custom_heading text_color=\u201daccent\u201d heading_semantic=\u201dh4\u2033 text_size=\u201dcustom\u201d text_weight=\u201d700\u2033 uncode_shortcode_id=\u201d738978\u2033 text_color_type=\u201duncode-palette\u201d heading_custom_size=\u201d28px\u201d]<\/p>\n<h3>Mantenimiento y<\/h3>\n<h3>T\u00e9cnico<\/h3>\n<p>[\/vc_custom_heading][\/vc_column][\/vc_row][vc_row unlock_row_content=\u201dyes\u201d row_height_percent=\u201d33\u2033 override_padding=\u201dyes\u201d h_padding=\u201d0\u2033 top_padding=\u201d1\u2033 bottom_padding=\u201d1\u2033 overlay_alpha=\u201d50\u2033 equal_height=\u201dyes\u201d gutter_size=\u201d2\u2033 column_width_percent=\u201d100\u2033 shift_y=\u201d0\u2033 z_index=\u201d0\u2033 uncode_shortcode_id=\u201d112381\u2033 css=\u201d.vc_custom_1732619674635{padding-top: 20px !important;padding-right: 20px !important;padding-left: 20px !important;}\u201d][vc_column column_width_percent=\u201d100\u2033 gutter_size=\u201d3\u2033 override_padding=\u201dyes\u201d column_padding=\u201d2\u2033 style=\u201ddark\u201d back_image=\u201d887\u2033 overlay_color=\u201dcolor-210407\u2033 overlay_alpha=\u201d30\u2033 shift_x=\u201d0\u2033 shift_y=\u201d0\u2033 shift_y_down=\u201d0\u2033 z_index=\u201d0\u2033 medium_width=\u201d0\u2033 mobile_width=\u201d0\u2033 css_animation=\u201dbottom-t-top\u201d animation_delay=\u201d300\u2033 width=\u201d1\/3\u2033 uncode_shortcode_id=\u201d401126\u2033 el_class=\u201drounded-row\u201d overlay_color_type=\u201duncode-palette\u201d back_size=\u201dcover\u201d link_to=\u201durl:https%3A%2F%2Fwww.brightyacht.com%2Fes%2Fgestion-de-yates%2Fgestion-financiera%2F|title:Gesti%C3%B3n%20de%20yates\u201d][vc_custom_heading text_color=\u201daccent\u201d heading_semantic=\u201dh4\u2033 text_size=\u201dcustom\u201d text_weight=\u201d700\u2033 uncode_shortcode_id=\u201d212314\u2033 text_color_type=\u201duncode-palette\u201d heading_custom_size=\u201d28px\u201d]<\/p>\n<h3>Financiera<\/h3>\n<p>[\/vc_custom_heading][\/vc_column][vc_column column_width_percent=\u201d100\u2033 gutter_size=\u201d3\u2033 override_padding=\u201dyes\u201d column_padding=\u201d2\u2033 style=\u201ddark\u201d back_image=\u201d911\u2033 back_position=\u201dcenter center\u201d overlay_color=\u201dcolor-210407\u2033 overlay_alpha=\u201d30\u2033 shift_x=\u201d0\u2033 shift_y=\u201d0\u2033 shift_y_down=\u201d0\u2033 z_index=\u201d0\u2033 medium_width=\u201d0\u2033 mobile_width=\u201d0\u2033 css_animation=\u201dbottom-t-top\u201d animation_delay=\u201d500\u2033 width=\u201d1\/3\u2033 uncode_shortcode_id=\u201d141085\u2033 el_class=\u201drounded-row\u201d overlay_color_type=\u201duncode-palette\u201d back_size=\u201dcover\u201d link_to=\u201durl:https%3A%2F%2Fwww.brightyacht.com%2Fes%2Fgestion-de-yates%2Fseguridad-y-cumplimiento%2F|title:Servicios%20a%20la%20tripulaci%C3%B3n\u201d][vc_custom_heading text_color=\u201daccent\u201d heading_semantic=\u201dh4\u2033 text_size=\u201dcustom\u201d text_weight=\u201d700\u2033 uncode_shortcode_id=\u201d187249\u2033 text_color_type=\u201duncode-palette\u201d heading_custom_size=\u201d28px\u201d]<\/p>\n<h3>Seguridad<\/h3>\n<h3>Conformidad<\/h3>\n<p>[\/vc_custom_heading][\/vc_column][vc_column column_width_percent=\u201d100\u2033 gutter_size=\u201d3\u2033 override_padding=\u201dyes\u201d column_padding=\u201d2\u2033 style=\u201ddark\u201d back_image=\u201d1502\u2033 overlay_color=\u201dcolor-210407\u2033 overlay_alpha=\u201d30\u2033 shift_x=\u201d0\u2033 shift_y=\u201d0\u2033 shift_y_down=\u201d0\u2033 z_index=\u201d0\u2033 medium_width=\u201d0\u2033 mobile_width=\u201d0\u2033 css_animation=\u201dbottom-t-top\u201d animation_delay=\u201d700\u2033 width=\u201d1\/3\u2033 uncode_shortcode_id=\u201d651963\u2033 el_class=\u201drounded-row\u201d overlay_color_type=\u201duncode-palette\u201d link_to=\u201durl:https%3A%2F%2Fwww.brightyacht.com%2Fes%2Fgestion-de-yates%2Fgestion-de-tripulaciones%2F|title:Seguridad%20y%20cumplimiento\u201d][vc_custom_heading text_color=\u201daccent\u201d heading_semantic=\u201dh3\u2033 text_size=\u201dcustom\u201d text_weight=\u201d700\u2033 uncode_shortcode_id=\u201d199302\u2033 text_color_type=\u201duncode-palette\u201d heading_custom_size=\u201d28px\u201d]<\/p>\n<h3>Tripulaci\u00f3n<\/h3>\n<p>[\/vc_custom_heading][\/vc_column][\/vc_row]<\/p>\n<\/body><\/div>","protected":false},"excerpt":{"rendered":"<p>[vc_section][vc_row unlock_row_content=\u201dyes\u201d row_height_percent=\u201d60\u2033 override_padding=\u201dyes\u201d h_padding=\u201d2\u2033 top_padding=\u201d2\u2033 bottom_padding=\u201d2\u2033 back_image=\u201d985\u2033 back_position=\u201dcenter center\u201d overlay_color=\u201dcolor-210407\u2033 overlay_alpha=\u201d30\u2033 gutter_size=\u201d3\u2033 column_width_percent=\u201d100\u2033 shift_y=\u201d0\u2033 z_index=\u201d0\u2033 uncode_shortcode_id=\u201d341313\u2033 el_id=\u201dmain\u201d el_class=\u201drounded\u201d overlay_color_type=\u201duncode-palette\u201d][vc_column [&hellip;]<\/p>\n","protected":false},"author":1,"featured_media":0,"parent":0,"menu_order":2,"comment_status":"closed","ping_status":"closed","template":"","meta":{"footnotes":""},"class_list":["post-1257","page","type-page","status-publish","hentry"],"yoast_head":"<!-- This site is optimized with the Yoast SEO plugin v27.4 - https:\/\/yoast.com\/product\/yoast-seo-wordpress\/ -->\n<title>Qui\u00e9nes somos - Bright Yacht Management<\/title>\n<meta name=\"robots\" content=\"index, follow, max-snippet:-1, max-image-preview:large, max-video-preview:-1\" \/>\n<link rel=\"canonical\" href=\"https:\/\/www.brightyacht.com\/es\/quienes-somos\/\" \/>\n<meta property=\"og:locale\" content=\"es_ES\" \/>\n<meta property=\"og:type\" content=\"article\" \/>\n<meta property=\"og:title\" content=\"Qui\u00e9nes somos - Bright Yacht Management\" \/>\n<meta property=\"og:description\" content=\"[vc_section][vc_row unlock_row_content=\u201dyes\u201d row_height_percent=\u201d60\u2033 override_padding=\u201dyes\u201d h_padding=\u201d2\u2033 top_padding=\u201d2\u2033 bottom_padding=\u201d2\u2033 back_image=\u201d985\u2033 back_position=\u201dcenter center\u201d overlay_color=\u201dcolor-210407\u2033 overlay_alpha=\u201d30\u2033 gutter_size=\u201d3\u2033 column_width_percent=\u201d100\u2033 shift_y=\u201d0\u2033 z_index=\u201d0\u2033 uncode_shortcode_id=\u201d341313\u2033 el_id=\u201dmain\u201d el_class=\u201drounded\u201d overlay_color_type=\u201duncode-palette\u201d][vc_column [&hellip;]\" \/>\n<meta property=\"og:url\" content=\"https:\/\/www.brightyacht.com\/es\/quienes-somos\/\" \/>\n<meta property=\"og:site_name\" content=\"Bright Yacht Management\" \/>\n<meta property=\"article:modified_time\" content=\"2025-01-14T14:14:25+00:00\" \/>\n<meta name=\"twitter:card\" content=\"summary_large_image\" \/>\n<meta name=\"twitter:label1\" content=\"Tiempo de lectura\" \/>\n\t<meta name=\"twitter:data1\" content=\"3 minutos\" \/>\n<script type=\"application\/ld+json\" class=\"yoast-schema-graph\">{\"@context\":\"https:\\\/\\\/schema.org\",\"@graph\":[{\"@type\":\"WebPage\",\"@id\":\"https:\\\/\\\/www.brightyacht.com\\\/es\\\/quienes-somos\\\/\",\"url\":\"https:\\\/\\\/www.brightyacht.com\\\/es\\\/quienes-somos\\\/\",\"name\":\"Qui\u00e9nes somos - Bright Yacht Management\",\"isPartOf\":{\"@id\":\"https:\\\/\\\/www.brightyacht.com\\\/#website\"},\"datePublished\":\"2024-09-26T11:13:18+00:00\",\"dateModified\":\"2025-01-14T14:14:25+00:00\",\"breadcrumb\":{\"@id\":\"https:\\\/\\\/www.brightyacht.com\\\/es\\\/quienes-somos\\\/#breadcrumb\"},\"inLanguage\":\"es\",\"potentialAction\":[{\"@type\":\"ReadAction\",\"target\":[\"https:\\\/\\\/www.brightyacht.com\\\/es\\\/quienes-somos\\\/\"]}]},{\"@type\":\"BreadcrumbList\",\"@id\":\"https:\\\/\\\/www.brightyacht.com\\\/es\\\/quienes-somos\\\/#breadcrumb\",\"itemListElement\":[{\"@type\":\"ListItem\",\"position\":1,\"name\":\"Home\",\"item\":\"https:\\\/\\\/www.brightyacht.com\\\/es\\\/\"},{\"@type\":\"ListItem\",\"position\":2,\"name\":\"Qui\u00e9nes somos\"}]},{\"@type\":\"WebSite\",\"@id\":\"https:\\\/\\\/www.brightyacht.com\\\/#website\",\"url\":\"https:\\\/\\\/www.brightyacht.com\\\/\",\"name\":\"Bright Yacht Management\",\"description\":\"Yacht Management and Services in the Balearics\",\"publisher\":{\"@id\":\"https:\\\/\\\/www.brightyacht.com\\\/#organization\"},\"potentialAction\":[{\"@type\":\"SearchAction\",\"target\":{\"@type\":\"EntryPoint\",\"urlTemplate\":\"https:\\\/\\\/www.brightyacht.com\\\/?s={search_term_string}\"},\"query-input\":{\"@type\":\"PropertyValueSpecification\",\"valueRequired\":true,\"valueName\":\"search_term_string\"}}],\"inLanguage\":\"es\"},{\"@type\":\"Organization\",\"@id\":\"https:\\\/\\\/www.brightyacht.com\\\/#organization\",\"name\":\"Bright Yacht Management\",\"url\":\"https:\\\/\\\/www.brightyacht.com\\\/\",\"logo\":{\"@type\":\"ImageObject\",\"inLanguage\":\"es\",\"@id\":\"https:\\\/\\\/www.brightyacht.com\\\/#\\\/schema\\\/logo\\\/image\\\/\",\"url\":\"https:\\\/\\\/www.brightyacht.com\\\/wp-content\\\/uploads\\\/2024\\\/10\\\/07Asset-4.png\",\"contentUrl\":\"https:\\\/\\\/www.brightyacht.com\\\/wp-content\\\/uploads\\\/2024\\\/10\\\/07Asset-4.png\",\"width\":515,\"height\":178,\"caption\":\"Bright Yacht Management\"},\"image\":{\"@id\":\"https:\\\/\\\/www.brightyacht.com\\\/#\\\/schema\\\/logo\\\/image\\\/\"},\"sameAs\":[\"https:\\\/\\\/www.linkedin.com\\\/company\\\/bright-yacht-management-s-l\",\"https:\\\/\\\/www.instagram.com\\\/brightyachtmanagement\\\/\"]}]}<\/script>\n<!-- \/ Yoast SEO plugin. -->","yoast_head_json":{"title":"Qui\u00e9nes somos - Bright Yacht Management","robots":{"index":"index","follow":"follow","max-snippet":"max-snippet:-1","max-image-preview":"max-image-preview:large","max-video-preview":"max-video-preview:-1"},"canonical":"https:\/\/www.brightyacht.com\/es\/quienes-somos\/","og_locale":"es_ES","og_type":"article","og_title":"Qui\u00e9nes somos - Bright Yacht Management","og_description":"[vc_section][vc_row unlock_row_content=\u201dyes\u201d row_height_percent=\u201d60\u2033 override_padding=\u201dyes\u201d h_padding=\u201d2\u2033 top_padding=\u201d2\u2033 bottom_padding=\u201d2\u2033 back_image=\u201d985\u2033 back_position=\u201dcenter center\u201d overlay_color=\u201dcolor-210407\u2033 overlay_alpha=\u201d30\u2033 gutter_size=\u201d3\u2033 column_width_percent=\u201d100\u2033 shift_y=\u201d0\u2033 z_index=\u201d0\u2033 uncode_shortcode_id=\u201d341313\u2033 el_id=\u201dmain\u201d el_class=\u201drounded\u201d overlay_color_type=\u201duncode-palette\u201d][vc_column [&hellip;]","og_url":"https:\/\/www.brightyacht.com\/es\/quienes-somos\/","og_site_name":"Bright Yacht Management","article_modified_time":"2025-01-14T14:14:25+00:00","twitter_card":"summary_large_image","twitter_misc":{"Tiempo de lectura":"3 minutos"},"schema":{"@context":"https:\/\/schema.org","@graph":[{"@type":"WebPage","@id":"https:\/\/www.brightyacht.com\/es\/quienes-somos\/","url":"https:\/\/www.brightyacht.com\/es\/quienes-somos\/","name":"Qui\u00e9nes somos - Bright Yacht Management","isPartOf":{"@id":"https:\/\/www.brightyacht.com\/#website"},"datePublished":"2024-09-26T11:13:18+00:00","dateModified":"2025-01-14T14:14:25+00:00","breadcrumb":{"@id":"https:\/\/www.brightyacht.com\/es\/quienes-somos\/#breadcrumb"},"inLanguage":"es","potentialAction":[{"@type":"ReadAction","target":["https:\/\/www.brightyacht.com\/es\/quienes-somos\/"]}]},{"@type":"BreadcrumbList","@id":"https:\/\/www.brightyacht.com\/es\/quienes-somos\/#breadcrumb","itemListElement":[{"@type":"ListItem","position":1,"name":"Home","item":"https:\/\/www.brightyacht.com\/es\/"},{"@type":"ListItem","position":2,"name":"Qui\u00e9nes somos"}]},{"@type":"WebSite","@id":"https:\/\/www.brightyacht.com\/#website","url":"https:\/\/www.brightyacht.com\/","name":"Bright Yacht Management","description":"Yacht Management and Services in the Balearics","publisher":{"@id":"https:\/\/www.brightyacht.com\/#organization"},"potentialAction":[{"@type":"SearchAction","target":{"@type":"EntryPoint","urlTemplate":"https:\/\/www.brightyacht.com\/?s={search_term_string}"},"query-input":{"@type":"PropertyValueSpecification","valueRequired":true,"valueName":"search_term_string"}}],"inLanguage":"es"},{"@type":"Organization","@id":"https:\/\/www.brightyacht.com\/#organization","name":"Bright Yacht Management","url":"https:\/\/www.brightyacht.com\/","logo":{"@type":"ImageObject","inLanguage":"es","@id":"https:\/\/www.brightyacht.com\/#\/schema\/logo\/image\/","url":"https:\/\/www.brightyacht.com\/wp-content\/uploads\/2024\/10\/07Asset-4.png","contentUrl":"https:\/\/www.brightyacht.com\/wp-content\/uploads\/2024\/10\/07Asset-4.png","width":515,"height":178,"caption":"Bright Yacht Management"},"image":{"@id":"https:\/\/www.brightyacht.com\/#\/schema\/logo\/image\/"},"sameAs":["https:\/\/www.linkedin.com\/company\/bright-yacht-management-s-l","https:\/\/www.instagram.com\/brightyachtmanagement\/"]}]}},"_links":{"self":[{"href":"https:\/\/www.brightyacht.com\/es\/wp-json\/wp\/v2\/pages\/1257","targetHints":{"allow":["GET"]}}],"collection":[{"href":"https:\/\/www.brightyacht.com\/es\/wp-json\/wp\/v2\/pages"}],"about":[{"href":"https:\/\/www.brightyacht.com\/es\/wp-json\/wp\/v2\/types\/page"}],"author":[{"embeddable":true,"href":"https:\/\/www.brightyacht.com\/es\/wp-json\/wp\/v2\/users\/1"}],"replies":[{"embeddable":true,"href":"https:\/\/www.brightyacht.com\/es\/wp-json\/wp\/v2\/comments?post=1257"}],"version-history":[{"count":5,"href":"https:\/\/www.brightyacht.com\/es\/wp-json\/wp\/v2\/pages\/1257\/revisions"}],"predecessor-version":[{"id":1451,"href":"https:\/\/www.brightyacht.com\/es\/wp-json\/wp\/v2\/pages\/1257\/revisions\/1451"}],"wp:attachment":[{"href":"https:\/\/www.brightyacht.com\/es\/wp-json\/wp\/v2\/media?parent=1257"}],"curies":[{"name":"wp","href":"https:\/\/api.w.org\/{rel}","templated":true}]}}