{"id":1161,"date":"2024-11-25T15:36:09","date_gmt":"2024-11-25T15:36:09","guid":{"rendered":"https:\/\/compassdesign.biz\/work\/bright\/politica-de-privacidad\/"},"modified":"2025-01-07T10:05:19","modified_gmt":"2025-01-07T10:05:19","slug":"politica-de-privacidad","status":"publish","type":"page","link":"https:\/\/www.brightyacht.com\/es\/politica-de-privacidad\/","title":{"rendered":"Pol\u00edtica de privacidad"},"content":{"rendered":"<div class=\"wpb-content-wrapper\"><body><p>[vc_section][vc_row unlock_row_content=\u201dyes\u201d row_height_percent=\u201d60\u2033 override_padding=\u201dyes\u201d h_padding=\u201d2\u2033 top_padding=\u201d2\u2033 bottom_padding=\u201d2\u2033 back_image=\u201d393\u2033 back_position=\u201dcenter center\u201d overlay_color=\u201dcolor-210407\u2033 overlay_alpha=\u201d30\u2033 gutter_size=\u201d3\u2033 column_width_percent=\u201d100\u2033 shift_y=\u201d0\u2033 z_index=\u201d0\u2033 uncode_shortcode_id=\u201d142339\u2033 el_id=\u201dprincipal\u201d el_class=\u201drounded\u201d overlay_color_type=\u201duncode-palette\u201d][vc_column column_width_percent=\u201d100\u2033 position_horizontal=\u201dleft\u201d position_vertical=\u201dbottom\u201d gutter_size=\u201d3\u2033 overlay_alpha=\u201d50\u2033 shift_x=\u201d0\u2033 shift_y=\u201d0\u2033 shift_y_down=\u201d0\u2033 z_index=\u201d0\u2033 medium_width=\u201d0\u2033 mobile_width=\u201d0\u2033 width=\u201d1\/4\u2033 uncode_shortcode_id=\u201d163406\u2033 css=\u201d.vc_custom_1727695199147{padding-bottom: 30px !important;padding-left: 30px !important;}\u201d][\/vc_column][vc_column column_width_percent=\u201d100\u2033 position_vertical=\u201dbottom\u201d align_horizontal=\u201dalign_center\u201d gutter_size=\u201d3\u2033 style=\u201dlight\u201d overlay_alpha=\u201d50\u2033 shift_x=\u201d0\u2033 shift_y=\u201d0\u2033 shift_y_down=\u201d0\u2033 z_index=\u201d0\u2033 medium_width=\u201d0\u2033 mobile_width=\u201d0\u2033 width=\u201d1\/2\u2033 uncode_shortcode_id=\u201d812805\u2033][vc_empty_space empty_h=\u201d2\u2033][\/vc_column][vc_column width=\u201d1\/4\u2033][\/vc_column][\/vc_row][\/vc_section][vc_row unlock_row=\u201d\u201d row_height_percent=\u201d0\u2033 overlay_alpha=\u201d50\u2033 gutter_size=\u201d3\u2033 column_width_percent=\u201d100\u2033 shift_y=\u201d0\u2033 z_index=\u201d0\u2033 uncode_shortcode_id=\u201d120554\u2033][vc_column width=\u201d1\/1\u2033][vc_column_text uncode_shortcode_id=\u201d125330\u2033]<\/p>\n<h2>Pol\u00edtica de privacidad<\/h2>\n<h3>INFORMACI\u00d3N ADICIONAL SOBRE PROTECCI\u00d3N DE DATOS<\/h3>\n<p>Lo que se hace y lo que no se hace con tus datos personales en este sitio web se puede consultar aqu\u00ed. Esta pol\u00edtica expresa c\u00f3mo trataremos y protegeremos la informaci\u00f3n personal de todas las personas que interact\u00faen con BRIGHT YACHT MANAGEMENT SL a trav\u00e9s de este sitio web. Por favor, debes leer todos los apartados del Aviso Legal, la pol\u00edtica de cookies y esta pol\u00edtica de privacidad antes de utilizar este sitio web. De conformidad con lo dispuesto en el Reglamento UE 2016\/679, del Parlamento Europeo y del Consejo de 27 de abril de 2016 (GDPR) y la Ley Org\u00e1nica 3\/2018, de 5 de diciembre, de Protecci\u00f3n de Datos de Car\u00e1cter Personal y garant\u00eda de los derechos digitales, BRIGHT YACHT MANAGEMENT SL, le informa que, mediante la aceptaci\u00f3n de la presente Pol\u00edtica de Privacidad, prestas tu consentimiento expreso, informado, libre e inequ\u00edvoco para que los Datos que facilitas, y sobre los que se aplican las medidas de seguridad, t\u00e9cnicas y organizativas previstas en la normativa vigente, sean tratados por BRIGHT YACHT MANAGEMENT SL, como responsable del tratamiento.<\/p>\n<h3>\u00bfQUI\u00c9N ES RESPONSABLE DE ESTE SITIO WEB?<\/h3>\n<p>Identidad del Responsable: TIMOTHY JOHN BRIGHT<br>\nNombre comercial: BRIGHT YACHT MANAGMENT SL<br>\nNIF\/CIF: B57683583<br>\nDirecci\u00f3n: CALLE MUELLE VIEJO N.17. 2.PISO, 07012 PALMA DE MALLORCA, ESPA\u00d1A<br>\nE-mail: OFFICE@BRIGHTYM.COM<br>\nActividad: NAUTICO<br>\nDatos de contacto del responsable o representante, y del delegado de protecci\u00f3n de datos en su caso: CALLE MUELLE VIEJO N.17. 2.PISO, 07012 PALMA DE MALLORCA, ESPA\u00d1A, TIM@BRIGHYM.COM<br>\nInscrita en el Registro Mercantil de PALMA DE MALLORCA, tomo 2440, libro 0, folio 19 y hoja pm66536, el 25.11.2019.<br>\nT\u00edtulo: BRIGHT, TIMOTHY JONH<\/p>\n<h3>\u00bfQU\u00c9 DATOS PERSONALES SE RECOGEN EN ESTE SITIO WEB?<\/h3>\n<p>Para las finalidades establecidas en la presente Pol\u00edtica de Privacidad, BRIGHT YACHT MANAGEMENT SL recoge y trata los Datos Personales que se detallan a continuaci\u00f3n, que depender\u00e1n de los distintos productos o servicios que solicites en este Sitio Web. Datos de identificaci\u00f3n: nombre, apellidos. Datos de contacto: direcci\u00f3n postal, correo electr\u00f3nico, n\u00famero de tel\u00e9fono m\u00f3vil. Datos de navegaci\u00f3n: Direcci\u00f3n IP, tipo e identificaci\u00f3n del dispositivo, tipo de navegador, dominio a trav\u00e9s del cual accedes al Sitio Web, datos de navegaci\u00f3n y actividad en el Sitio Web.<\/p>\n<h3>\u00bfSOBRE QU\u00c9 BASE JUR\u00cdDICA SE TRATAN ESTOS DATOS?<\/h3>\n<p>Tratamos tus datos personales en base a las siguientes bases legales: La ejecuci\u00f3n de un contrato con BRIGHT YACHT MANAGEMENT SL, para la contrataci\u00f3n de servicios, publicaci\u00f3n de anuncios y gesti\u00f3n de los servicios solicitados.<br>\nEl consentimiento del usuario en relaci\u00f3n con el contacto, la suscripci\u00f3n a contenidos y el env\u00edo de comunicaciones comerciales, a trav\u00e9s de correo, cookies o sistemas de mensajer\u00eda.<br>\nEl inter\u00e9s leg\u00edtimo del responsable del tratamiento para proteger a los usuarios del sitio web de BRIGHT YACHT MANAGEMENT SL de abusos y fraudes en el uso de nuestros servicios.<\/p>\n<h3>\u00bfCON QU\u00c9 FINES TRATAREMOS TUS DATOS?<\/h3>\n<p>En este sitio web, existen diferentes formularios, en cada uno de ellos, la informaci\u00f3n recogida ser\u00e1 utilizada de la siguiente manera: Formulario de consulta: Los datos personales introducidos en el formulario para insertar estos comentarios se utilizar\u00e1n exclusivamente para moderarlos y publicarlos. Formulario de contacto: Tambi\u00e9n existe un formulario de contacto para consultas, sugerencias o contacto profesional. En este caso se utilizar\u00e1 la direcci\u00f3n de correo electr\u00f3nico para responder a las mismas y enviar la informaci\u00f3n que el usuario requiera a trav\u00e9s de la web.<\/p>\n<h3>TIEMPO DE CONSERVACI\u00d3N DE LOS DATOS PERSONALES<\/h3>\n<p>Datos del Cliente: El plazo de conservaci\u00f3n de los datos personales variar\u00e1 en funci\u00f3n del servicio que contrate el Cliente. En todo caso, ser\u00e1 el m\u00ednimo necesario, pudiendo conservarse hasta: \u2013 4 a\u00f1os: Ley sobre Infracciones y Sanciones en el Orden Social (obligaciones en materia de afiliaci\u00f3n, altas, bajas, cotizaciones, pago de salarios\u2026); Arts. 66 y ss. Ley General Tributaria (libros contables\u2026). \u2013 5 a\u00f1os: Art. 1964 del C\u00f3digo Civil (acciones personales sin plazo especial). \u2013 6 a\u00f1os: Art. 30 del C\u00f3digo de Comercio (libros contables, facturas\u2026). \u2013 10 a\u00f1os: Art. 25 de la Ley de Prevenci\u00f3n del Blanqueo de Capitales y de la Financiaci\u00f3n del Terrorismo. Datos de clientes potenciales: los datos se conservar\u00e1n en todo caso durante la vigencia de la relaci\u00f3n comercial establecida y, una vez concluida, dos a\u00f1os, salvo que el usuario solicite su supresi\u00f3n con anterioridad.<\/p>\n<h3>\u00bfCU\u00c1LES SON TUS DERECHOS EN RELACI\u00d3N CON EL USO DE TUS DATOS?<\/h3>\n<p>Cualquier persona tiene derecho a obtener confirmaci\u00f3n sobre si en BRIGHT YACHT MANAGEMENT SL estamos tratando datos personales que les conciernan, o no. Las personas afectadas tienen derecho a: Solicitar el acceso a los datos personales que le conciernen.<br>\nSolicitar su rectificaci\u00f3n o supresi\u00f3n.<br>\nSolicitar su cancelaci\u00f3n<br>\nSolicitar la limitaci\u00f3n de su tratamiento.<br>\nOponerse al tratamiento.<br>\nSolicitar la portabilidad de los datos. Si has dado tu consentimiento para alguna finalidad concreta, tienes derecho a retirar el consentimiento prestado en cualquier momento, sin que ello afecte a la licitud del tratamiento basado en el consentimiento previo a su retirada. En caso de que consideres que se han vulnerado tus derechos relativos a la protecci\u00f3n de tus datos personales, especialmente cuando no hayas obtenido satisfacci\u00f3n en el ejercicio de tus derechos, puedes presentar una reclamaci\u00f3n ante la Autoridad de Control de Protecci\u00f3n de Datos competente a trav\u00e9s de su p\u00e1gina web: https:\/\/www.aepd.es\/es. Para ejercer estos derechos, puedes escribir a OFFICE@BRIGHTYM.COM. Existe un formulario para el ejercicio de tus derechos, puedes solicitarlo por correo electr\u00f3nico o si lo prefieres, puedes utilizar los elaborados por la Agencia Espa\u00f1ola de Protecci\u00f3n de Datos o por terceros. Estos formularios deben firmarse electr\u00f3nicamente o ir acompa\u00f1ados de una fotocopia de tu DNI. Si vas representado por alguien, deber\u00e1s adjuntar una copia de tu DNI, o bien firmarlo con tu firma electr\u00f3nica. Los formularios pueden presentarse en persona, enviarse por carta o por correo a la direcci\u00f3n del responsable que figura al principio de este texto.<\/p>\n<h3>NOTIFICACI\u00d3N Y DECLARACI\u00d3N DE INFRACCIONES<\/h3>\n<p>Notificaci\u00f3n de seguridad y declaraci\u00f3n de violaciones En BRIGHT YACHT MANAGEMENT SL adoptamos medidas de seguridad adecuadas al nivel de riesgo para proteger la informaci\u00f3n personal contra la p\u00e9rdida, el uso indebido y el acceso no autorizado, la divulgaci\u00f3n, la alteraci\u00f3n y la destrucci\u00f3n, teniendo en cuenta los riesgos que conlleva el tratamiento y la naturaleza de la informaci\u00f3n personal; no obstante, si BRIGHT YACHT MANAGEMENT SL, determina que tus datos de servicio han sido objeto de apropiaci\u00f3n indebida (incluso por parte de un empleado de { BRIGHT YACHT MANAGEMENT SL ha sido expuesta por una brecha de seguridad o adquirida indebidamente por un tercero, BRIGHT YACHT MANAGEMENT SL } te informar\u00e1 sin demora de dicha brecha de seguridad, apropiaci\u00f3n indebida o adquisici\u00f3n indebida.<\/p>\n<h3>\u00bfA QU\u00c9 DESTINATARIOS SE COMUNICAR\u00c1N TUS DATOS?<\/h3>\n<p>Muchas de las herramientas utilizadas en este sitio web para la gesti\u00f3n de datos son contratadas por terceros. Para prestar servicios estrictamente necesarios para el desarrollo de la actividad, BRIGHT YACHT MANAGEMENT SL, comparte datos con los siguientes prestadores bajo sus correspondientes condiciones de privacidad: Proveedores de servicios externos (por ejemplo, servicios de procesamiento de pagos, procesamiento de pedidos, an\u00e1lisis, gesti\u00f3n de campa\u00f1as de marketing, gesti\u00f3n del sitio web y distribuci\u00f3n de correo electr\u00f3nico y otros proveedores de servicios similares) para que puedan realizar funciones comerciales en nombre de BRIGHT YACHT MANAGEMENT SL A este sitio web puede acceder ocasionalmente la empresa de desarrollo y mantenimiento web, o la empresa de alojamiento. Han firmado un contrato de prestaci\u00f3n de servicios que les obliga a mantener el mismo nivel de privacidad que se aplica al tratamiento realizado en este sitio web. Cualquier transferencia internacional de datos derivada del uso de herramientas o proveedores de servicios, estar\u00e1 adherida al acuerdo Privacy Shield, que garantiza que las empresas de software estadounidenses cumplen las pol\u00edticas europeas de protecci\u00f3n de datos en materia de privacidad, secreto y seguridad de los datos. En concreto, este sitio web utiliza las siguientes herramientas: Herramienta de marketing por correo electr\u00f3nico.<br>\nHerramientas de an\u00e1lisis.<\/p>\n<h3>SEGMENTACI\u00d3N Y ELABORACI\u00d3N DE PERFILES<\/h3>\n<p>El registro de los datos personales facilitados en el momento de la suscripci\u00f3n, contacto, interacci\u00f3n con el sitio web y cualesquiera otros datos facilitados durante la navegaci\u00f3n, incluida la informaci\u00f3n proporcionada por las cookies en relaci\u00f3n con los h\u00e1bitos de navegaci\u00f3n, ser\u00e1n utilizados con la finalidad de ser segmentados o categorizados con el fin de aplicarlos a la actividad relacionada con (gesti\u00f3n de administraci\u00f3n general, informaci\u00f3n, comercializaci\u00f3n de espacios publicitarios, an\u00e1lisis de propuestas solicitadas por los usuarios\/clientes, estudio estad\u00edstico de los servicios y contenidos utilizados, gustos y preferencias, y encuestas o formularios). La elaboraci\u00f3n de perfiles, mediante el an\u00e1lisis de tus decisiones individuales automatizadas, consiste en la utilizaci\u00f3n de tus Datos Personales para evaluar determinados aspectos personales, tales como (el an\u00e1lisis y predicci\u00f3n de tu situaci\u00f3n econ\u00f3mica, preferencias personales, intereses, comportamiento, ubicaci\u00f3n, movimientos y actitudes). Siendo la l\u00f3gica aplicada para obtener estos perfiles la utilizaci\u00f3n de procedimientos estad\u00edsticos y siendo las consecuencias de este tratamiento de tus datos por perfilaci\u00f3n, el env\u00edo de comunicaciones personalizadas de tu inter\u00e9s con contenidos afines. La base legal para el tratamiento de tus datos con las finalidades indicadas y la elaboraci\u00f3n de decisiones automatizadas de elaboraci\u00f3n de perfiles individuales es el consentimiento prestado al marcar la casilla anterior. {Incluir una casilla espec\u00edfica en la primera capa si se utiliza esta secci\u00f3n}. Los datos que utilizamos en la elaboraci\u00f3n de perfiles y que mostramos a los anunciantes no son datos que nos permitan identificar a los usuarios, s\u00f3lo se muestra en un gr\u00e1fico el tipo de audiencia que tenemos, su edad, pa\u00eds, sexo, etc.<\/p>\n<h3>SECRETO Y SEGURIDAD DE LOS DATOS<\/h3>\n<p>WWW.BRIGHTYACHT.COM se compromete al uso y tratamiento de los datos personales del usuario, respetando su confidencialidad, de acuerdo con la finalidad de los mismos; as\u00ed como al cumplimiento de su obligaci\u00f3n de guardarlos y adaptar todas las medidas para evitar la alteraci\u00f3n, p\u00e9rdida, tratamiento o acceso no autorizado, de acuerdo con lo establecido en la normativa vigente de protecci\u00f3n de datos. Es un protocolo de seguridad que hace que tus datos viajen de forma \u00edntegra y segura; es decir, que la transmisi\u00f3n de datos entre un servidor y el usuario de la web, y en retroalimentaci\u00f3n sea totalmente cifrada o encriptada). WWW.BRIGHTYACHT.COM } no puede garantizar la absoluta inexpugnabilidad de la red Internet ni, por tanto, la violaci\u00f3n de los datos mediante accesos fraudulentos a ellos por parte de terceros. Con respecto a la confidencialidad del tratamiento, BRIGHT YACHT MANAGEMENT SL se asegurar\u00e1 de que cualquier persona que est\u00e9 autorizada por BRIGHT YACHT MANAGEMENT SL para tratar los datos del cliente (incluido su personal, colaboradores y proveedores de servicios), estar\u00e1 bajo la obligaci\u00f3n apropiada de confidencialidad (ya sea un deber contractual o legal). Cuando se produzca cualquier Incidente de Seguridad, al tener conocimiento del mismo BRIGHT YACHT MANAGEMENT SL lo notificar\u00e1 al Cliente sin demora indebida y proporcionar\u00e1 informaci\u00f3n oportuna relacionada con el Incidente de Seguridad tal como se conozca, o cuando el Cliente lo solicite razonablemente.<\/p>\n<h3>EXACTITUD Y VERACIDAD DE LOS DATOS<\/h3>\n<p>Como usuario, eres el \u00fanico responsable de la veracidad y correcci\u00f3n de los datos que remitas a WWW.BRIGHTYACHT.COM } exonerando a BRIGHT YACHT MANAGEMENT SL, de cualquier responsabilidad al respecto. El usuario garantiza y responde, en cualquier caso, de la exactitud, vigencia y autenticidad de los datos personales facilitados, y se compromete a mantenerlos debidamente actualizados. El usuario acepta proporcionar informaci\u00f3n completa y correcta en el formulario de contacto o suscripci\u00f3n.<\/p>\n<h3>REVOCABILIDAD<\/h3>\n<p>El consentimiento prestado, tanto para el tratamiento como para la cesi\u00f3n de los datos de los interesados, es revocable en cualquier momento comunic\u00e1ndolo a BRIGHT YACHT MANAGEMENT SL en los t\u00e9rminos establecidos en esta Pol\u00edtica para el ejercicio de los derechos ARCO. Esta revocaci\u00f3n no tendr\u00e1 en ning\u00fan caso car\u00e1cter retroactivo.<\/p>\n<h3>CAMBIOS EN LA POL\u00cdTICA DE PRIVACIDAD<\/h3>\n<p>BRIGHT YACHT MANAGEMENT SL se reserva el derecho a modificar la presente pol\u00edtica para adaptarla a novedades legislativas o jurisprudenciales, as\u00ed como a pr\u00e1cticas de la industria. En dichos supuestos, anunciar\u00e1 en esta p\u00e1gina los cambios introducidos con razonable antelaci\u00f3n a su puesta en pr\u00e1ctica. [\/vc_column_text][\/vc_column][\/vc_row]<\/p>\n<\/body><\/div>","protected":false},"excerpt":{"rendered":"<p>[vc_section][vc_row unlock_row_content=\u201dyes\u201d row_height_percent=\u201d60\u2033 override_padding=\u201dyes\u201d h_padding=\u201d2\u2033 top_padding=\u201d2\u2033 bottom_padding=\u201d2\u2033 back_image=\u201d393\u2033 back_position=\u201dcenter center\u201d overlay_color=\u201dcolor-210407\u2033 overlay_alpha=\u201d30\u2033 gutter_size=\u201d3\u2033 column_width_percent=\u201d100\u2033 shift_y=\u201d0\u2033 z_index=\u201d0\u2033 uncode_shortcode_id=\u201d142339\u2033 el_id=\u201dprincipal\u201d el_class=\u201drounded\u201d overlay_color_type=\u201duncode-palette\u201d][vc_column [&hellip;]<\/p>\n","protected":false},"author":1,"featured_media":0,"parent":0,"menu_order":0,"comment_status":"closed","ping_status":"closed","template":"","meta":{"footnotes":""},"class_list":["post-1161","page","type-page","status-publish","hentry"],"yoast_head":"<!-- This site is optimized with the Yoast SEO plugin v27.5 - https:\/\/yoast.com\/product\/yoast-seo-wordpress\/ -->\n<title>Pol\u00edtica de privacidad - Bright Yacht Management<\/title>\n<meta name=\"robots\" content=\"index, follow, max-snippet:-1, max-image-preview:large, max-video-preview:-1\" \/>\n<link rel=\"canonical\" href=\"https:\/\/www.brightyacht.com\/es\/politica-de-privacidad\/\" \/>\n<meta property=\"og:locale\" content=\"es_ES\" \/>\n<meta property=\"og:type\" content=\"article\" \/>\n<meta property=\"og:title\" content=\"Pol\u00edtica de privacidad - Bright Yacht Management\" \/>\n<meta property=\"og:description\" content=\"[vc_section][vc_row unlock_row_content=\u201dyes\u201d row_height_percent=\u201d60\u2033 override_padding=\u201dyes\u201d h_padding=\u201d2\u2033 top_padding=\u201d2\u2033 bottom_padding=\u201d2\u2033 back_image=\u201d393\u2033 back_position=\u201dcenter center\u201d overlay_color=\u201dcolor-210407\u2033 overlay_alpha=\u201d30\u2033 gutter_size=\u201d3\u2033 column_width_percent=\u201d100\u2033 shift_y=\u201d0\u2033 z_index=\u201d0\u2033 uncode_shortcode_id=\u201d142339\u2033 el_id=\u201dprincipal\u201d el_class=\u201drounded\u201d overlay_color_type=\u201duncode-palette\u201d][vc_column [&hellip;]\" \/>\n<meta property=\"og:url\" content=\"https:\/\/www.brightyacht.com\/es\/politica-de-privacidad\/\" \/>\n<meta property=\"og:site_name\" content=\"Bright Yacht Management\" \/>\n<meta property=\"article:modified_time\" content=\"2025-01-07T10:05:19+00:00\" \/>\n<meta name=\"twitter:card\" content=\"summary_large_image\" \/>\n<meta name=\"twitter:label1\" content=\"Tiempo de lectura\" \/>\n\t<meta name=\"twitter:data1\" content=\"9 minutos\" \/>\n<script type=\"application\/ld+json\" class=\"yoast-schema-graph\">{\"@context\":\"https:\\\/\\\/schema.org\",\"@graph\":[{\"@type\":\"WebPage\",\"@id\":\"https:\\\/\\\/www.brightyacht.com\\\/es\\\/politica-de-privacidad\\\/\",\"url\":\"https:\\\/\\\/www.brightyacht.com\\\/es\\\/politica-de-privacidad\\\/\",\"name\":\"Pol\u00edtica de privacidad - Bright Yacht Management\",\"isPartOf\":{\"@id\":\"https:\\\/\\\/www.brightyacht.com\\\/#website\"},\"datePublished\":\"2024-11-25T15:36:09+00:00\",\"dateModified\":\"2025-01-07T10:05:19+00:00\",\"breadcrumb\":{\"@id\":\"https:\\\/\\\/www.brightyacht.com\\\/es\\\/politica-de-privacidad\\\/#breadcrumb\"},\"inLanguage\":\"es\",\"potentialAction\":[{\"@type\":\"ReadAction\",\"target\":[\"https:\\\/\\\/www.brightyacht.com\\\/es\\\/politica-de-privacidad\\\/\"]}]},{\"@type\":\"BreadcrumbList\",\"@id\":\"https:\\\/\\\/www.brightyacht.com\\\/es\\\/politica-de-privacidad\\\/#breadcrumb\",\"itemListElement\":[{\"@type\":\"ListItem\",\"position\":1,\"name\":\"Home\",\"item\":\"https:\\\/\\\/www.brightyacht.com\\\/es\\\/\"},{\"@type\":\"ListItem\",\"position\":2,\"name\":\"Pol\u00edtica de privacidad\"}]},{\"@type\":\"WebSite\",\"@id\":\"https:\\\/\\\/www.brightyacht.com\\\/#website\",\"url\":\"https:\\\/\\\/www.brightyacht.com\\\/\",\"name\":\"Bright Yacht Management\",\"description\":\"Yacht Management and Services in the Balearics\",\"publisher\":{\"@id\":\"https:\\\/\\\/www.brightyacht.com\\\/#organization\"},\"potentialAction\":[{\"@type\":\"SearchAction\",\"target\":{\"@type\":\"EntryPoint\",\"urlTemplate\":\"https:\\\/\\\/www.brightyacht.com\\\/?s={search_term_string}\"},\"query-input\":{\"@type\":\"PropertyValueSpecification\",\"valueRequired\":true,\"valueName\":\"search_term_string\"}}],\"inLanguage\":\"es\"},{\"@type\":\"Organization\",\"@id\":\"https:\\\/\\\/www.brightyacht.com\\\/#organization\",\"name\":\"Bright Yacht Management\",\"url\":\"https:\\\/\\\/www.brightyacht.com\\\/\",\"logo\":{\"@type\":\"ImageObject\",\"inLanguage\":\"es\",\"@id\":\"https:\\\/\\\/www.brightyacht.com\\\/#\\\/schema\\\/logo\\\/image\\\/\",\"url\":\"https:\\\/\\\/www.brightyacht.com\\\/wp-content\\\/uploads\\\/2024\\\/10\\\/07Asset-4.png\",\"contentUrl\":\"https:\\\/\\\/www.brightyacht.com\\\/wp-content\\\/uploads\\\/2024\\\/10\\\/07Asset-4.png\",\"width\":515,\"height\":178,\"caption\":\"Bright Yacht Management\"},\"image\":{\"@id\":\"https:\\\/\\\/www.brightyacht.com\\\/#\\\/schema\\\/logo\\\/image\\\/\"},\"sameAs\":[\"https:\\\/\\\/www.linkedin.com\\\/company\\\/bright-yacht-management-s-l\",\"https:\\\/\\\/www.instagram.com\\\/brightyachtmanagement\\\/\"]}]}<\/script>\n<!-- \/ Yoast SEO plugin. -->","yoast_head_json":{"title":"Pol\u00edtica de privacidad - Bright Yacht Management","robots":{"index":"index","follow":"follow","max-snippet":"max-snippet:-1","max-image-preview":"max-image-preview:large","max-video-preview":"max-video-preview:-1"},"canonical":"https:\/\/www.brightyacht.com\/es\/politica-de-privacidad\/","og_locale":"es_ES","og_type":"article","og_title":"Pol\u00edtica de privacidad - Bright Yacht Management","og_description":"[vc_section][vc_row unlock_row_content=\u201dyes\u201d row_height_percent=\u201d60\u2033 override_padding=\u201dyes\u201d h_padding=\u201d2\u2033 top_padding=\u201d2\u2033 bottom_padding=\u201d2\u2033 back_image=\u201d393\u2033 back_position=\u201dcenter center\u201d overlay_color=\u201dcolor-210407\u2033 overlay_alpha=\u201d30\u2033 gutter_size=\u201d3\u2033 column_width_percent=\u201d100\u2033 shift_y=\u201d0\u2033 z_index=\u201d0\u2033 uncode_shortcode_id=\u201d142339\u2033 el_id=\u201dprincipal\u201d el_class=\u201drounded\u201d overlay_color_type=\u201duncode-palette\u201d][vc_column [&hellip;]","og_url":"https:\/\/www.brightyacht.com\/es\/politica-de-privacidad\/","og_site_name":"Bright Yacht Management","article_modified_time":"2025-01-07T10:05:19+00:00","twitter_card":"summary_large_image","twitter_misc":{"Tiempo de lectura":"9 minutos"},"schema":{"@context":"https:\/\/schema.org","@graph":[{"@type":"WebPage","@id":"https:\/\/www.brightyacht.com\/es\/politica-de-privacidad\/","url":"https:\/\/www.brightyacht.com\/es\/politica-de-privacidad\/","name":"Pol\u00edtica de privacidad - Bright Yacht Management","isPartOf":{"@id":"https:\/\/www.brightyacht.com\/#website"},"datePublished":"2024-11-25T15:36:09+00:00","dateModified":"2025-01-07T10:05:19+00:00","breadcrumb":{"@id":"https:\/\/www.brightyacht.com\/es\/politica-de-privacidad\/#breadcrumb"},"inLanguage":"es","potentialAction":[{"@type":"ReadAction","target":["https:\/\/www.brightyacht.com\/es\/politica-de-privacidad\/"]}]},{"@type":"BreadcrumbList","@id":"https:\/\/www.brightyacht.com\/es\/politica-de-privacidad\/#breadcrumb","itemListElement":[{"@type":"ListItem","position":1,"name":"Home","item":"https:\/\/www.brightyacht.com\/es\/"},{"@type":"ListItem","position":2,"name":"Pol\u00edtica de privacidad"}]},{"@type":"WebSite","@id":"https:\/\/www.brightyacht.com\/#website","url":"https:\/\/www.brightyacht.com\/","name":"Bright Yacht Management","description":"Yacht Management and Services in the Balearics","publisher":{"@id":"https:\/\/www.brightyacht.com\/#organization"},"potentialAction":[{"@type":"SearchAction","target":{"@type":"EntryPoint","urlTemplate":"https:\/\/www.brightyacht.com\/?s={search_term_string}"},"query-input":{"@type":"PropertyValueSpecification","valueRequired":true,"valueName":"search_term_string"}}],"inLanguage":"es"},{"@type":"Organization","@id":"https:\/\/www.brightyacht.com\/#organization","name":"Bright Yacht Management","url":"https:\/\/www.brightyacht.com\/","logo":{"@type":"ImageObject","inLanguage":"es","@id":"https:\/\/www.brightyacht.com\/#\/schema\/logo\/image\/","url":"https:\/\/www.brightyacht.com\/wp-content\/uploads\/2024\/10\/07Asset-4.png","contentUrl":"https:\/\/www.brightyacht.com\/wp-content\/uploads\/2024\/10\/07Asset-4.png","width":515,"height":178,"caption":"Bright Yacht Management"},"image":{"@id":"https:\/\/www.brightyacht.com\/#\/schema\/logo\/image\/"},"sameAs":["https:\/\/www.linkedin.com\/company\/bright-yacht-management-s-l","https:\/\/www.instagram.com\/brightyachtmanagement\/"]}]}},"_links":{"self":[{"href":"https:\/\/www.brightyacht.com\/es\/wp-json\/wp\/v2\/pages\/1161","targetHints":{"allow":["GET"]}}],"collection":[{"href":"https:\/\/www.brightyacht.com\/es\/wp-json\/wp\/v2\/pages"}],"about":[{"href":"https:\/\/www.brightyacht.com\/es\/wp-json\/wp\/v2\/types\/page"}],"author":[{"embeddable":true,"href":"https:\/\/www.brightyacht.com\/es\/wp-json\/wp\/v2\/users\/1"}],"replies":[{"embeddable":true,"href":"https:\/\/www.brightyacht.com\/es\/wp-json\/wp\/v2\/comments?post=1161"}],"version-history":[{"count":5,"href":"https:\/\/www.brightyacht.com\/es\/wp-json\/wp\/v2\/pages\/1161\/revisions"}],"predecessor-version":[{"id":1314,"href":"https:\/\/www.brightyacht.com\/es\/wp-json\/wp\/v2\/pages\/1161\/revisions\/1314"}],"wp:attachment":[{"href":"https:\/\/www.brightyacht.com\/es\/wp-json\/wp\/v2\/media?parent=1161"}],"curies":[{"name":"wp","href":"https:\/\/api.w.org\/{rel}","templated":true}]}}