{"id":1118,"date":"2024-11-25T15:27:01","date_gmt":"2024-11-25T15:27:01","guid":{"rendered":"https:\/\/compassdesign.biz\/work\/bright\/informacion-legal\/"},"modified":"2025-01-07T10:05:32","modified_gmt":"2025-01-07T10:05:32","slug":"informacion-legal","status":"publish","type":"page","link":"https:\/\/www.brightyacht.com\/es\/informacion-legal\/","title":{"rendered":"Informaci\u00f3n legal"},"content":{"rendered":"<div class=\"wpb-content-wrapper\"><body><p>[vc_section][vc_row unlock_row_content=\u201dyes\u201d row_height_percent=\u201d60\u2033 override_padding=\u201dyes\u201d h_padding=\u201d2\u2033 top_padding=\u201d2\u2033 bottom_padding=\u201d2\u2033 back_image=\u201d576\u2033 back_position=\u201dcenter center\u201d overlay_color=\u201dcolor-210407\u2033 overlay_alpha=\u201d30\u2033 gutter_size=\u201d3\u2033 column_width_percent=\u201d100\u2033 shift_y=\u201d0\u2033 z_index=\u201d0\u2033 uncode_shortcode_id=\u201d345302\u2033 el_id=\u201dprincipal\u201d el_class=\u201drounded\u201d overlay_color_type=\u201duncode-palette\u201d][vc_column column_width_percent=\u201d100\u2033 position_horizontal=\u201dleft\u201d position_vertical=\u201dbottom\u201d gutter_size=\u201d3\u2033 overlay_alpha=\u201d50\u2033 shift_x=\u201d0\u2033 shift_y=\u201d0\u2033 shift_y_down=\u201d0\u2033 z_index=\u201d0\u2033 medium_width=\u201d0\u2033 mobile_width=\u201d0\u2033 width=\u201d1\/4\u2033 uncode_shortcode_id=\u201d163406\u2033 css=\u201d.vc_custom_1727695199147{padding-bottom: 30px !important;padding-left: 30px !important;}\u201d][\/vc_column][vc_column column_width_percent=\u201d100\u2033 position_vertical=\u201dbottom\u201d align_horizontal=\u201dalign_center\u201d gutter_size=\u201d3\u2033 style=\u201dlight\u201d overlay_alpha=\u201d50\u2033 shift_x=\u201d0\u2033 shift_y=\u201d0\u2033 shift_y_down=\u201d0\u2033 z_index=\u201d0\u2033 medium_width=\u201d0\u2033 mobile_width=\u201d0\u2033 width=\u201d1\/2\u2033 uncode_shortcode_id=\u201d812805\u2033][vc_empty_space empty_h=\u201d2\u2033][\/vc_column][vc_column width=\u201d1\/4\u2033][\/vc_column][\/vc_row][\/vc_section][vc_row unlock_row=\u201d\u201d row_height_percent=\u201d0\u2033 overlay_alpha=\u201d50\u2033 gutter_size=\u201d3\u2033 column_width_percent=\u201d100\u2033 shift_y=\u201d0\u2033 z_index=\u201d0\u2033 uncode_shortcode_id=\u201d298400\u2033][vc_column width=\u201d1\/1\u2033][vc_column_text uncode_shortcode_id=\u201d768435\u2033]<\/p>\n<h2>Informaci\u00f3n legal<\/h2>\n<p><strong>1. DATOS DE IDENTIFICACI\u00d3N<\/strong><\/p>\n<p>En cumplimiento con el deber de informaci\u00f3n recogido en el art\u00edculo 10 de la Ley 34\/2002, de 11 de julio, de Servicios de la Sociedad de la Informaci\u00f3n y del Comercio Electr\u00f3nico, a continuaci\u00f3n se reflejan los siguientes datos: La empresa titular de este dominio web es Bright Yacht Management S.L., domiciliada a estos efectos en Calle Muelle Viejo N.17, 2.piso, 07012 Palma de Mallorca, Espa\u00f1a CIF n\u00famero: B57683583 , inscrita en el registro mercantil PM-66536 , email de contacto: office@brightym.com<\/p>\n<p><strong>2. USUARIOS<\/strong><\/p>\n<p>El acceso y\/o uso de este portal o sitio web atribuye la condici\u00f3n de USUARIO, que acepta, desde dicho acceso y\/o uso, las Condiciones Generales de Uso reflejadas en este aviso. Las Condiciones ser\u00e1n de aplicaci\u00f3n independientemente de las Condiciones Generales de Contrataci\u00f3n que en su caso sean de obligado cumplimiento. En todo caso, para cualquier finalidad espec\u00edfica, se solicitar\u00e1 tu consentimiento expreso.<\/p>\n<p><strong>3. USO DEL PORTAL<\/strong><\/p>\n<p>Nuestro portal proporciona el acceso a informaciones, servicios, programas o datos (en adelante, \u201clos contenidos\u201d) en Internet pertenecientes a Bright Yacht Management S.L., o a sus licenciantes a los que el USUARIO pueda tener acceso. El USUARIO asume la responsabilidad del uso correcto del portal. Dicha responsabilidad se extiende al registro que fuese necesario para acceder a determinados servicios o contenidos.<\/p>\n<ul>\n<li>En dicho registro el USUARIO ser\u00e1 responsable de aportar informaci\u00f3n veraz y l\u00edcita sobre sus datos. Como consecuencia de este registro, al USUARIO se le puede proporcionar una contrase\u00f1a de la que ser\u00e1 responsable, comprometi\u00e9ndose a hacer un uso diligente, \u00e9tico y confidencial de la misma. El USUARIO se compromete a hacer un uso adecuado de los contenidos y servicios (como por ejemplo servicios de chat, foros de discusi\u00f3n o grupos de noticias) que se ofrece a trav\u00e9s de su portal y con car\u00e1cter enunciativo pero no limitativo, a no emplearlos para:Incurrir en actividades il\u00edcitas, ilegales o contrarias a la buena fe y al orden p\u00fablico.<\/li>\n<li>Difundir contenidos o propaganda de car\u00e1cter racista, xen\u00f3fobo, pornogr\u00e1fico-ilegal, de apolog\u00eda del terrorismo o atentatorio contra los derechos humanos.<br>\nProvocar da\u00f1os en los sistemas f\u00edsicos y l\u00f3gicos del titular, de sus proveedores o de terceras personas, introducir o difundir en la red virus inform\u00e1ticos o cualesquiera otros sistemas f\u00edsicos o l\u00f3gicos que sean susceptibles de provocar los da\u00f1os anteriormente mencionados.<\/li>\n<li>Intentar acceder y, en su caso, utilizar las cuentas de correo electr\u00f3nico de otros usuarios y modificar o manipular sus mensajes. El titular del portal se reserva el derecho de retirar todos aquellos comentarios y aportaciones que vulneren el respeto a la dignidad de la persona, que sean discriminatorios, xen\u00f3fobos, racistas, pornogr\u00e1ficos, que atenten contra la juventud o la infancia, el orden o la seguridad p\u00fablica o que, a su juicio, no resultaran adecuados o apropiados para su publicaci\u00f3n. En cualquier caso, el titular del portal no ser\u00e1 responsable de las opiniones vertidas por los usuarios a trav\u00e9s de los foros, chats, u otras herramientas de participaci\u00f3n.<\/li>\n<\/ul>\n<p><strong>4 PROTECCI\u00d3N DE DATOS Y USO DE COOKIES<\/strong><\/p>\n<p>El uso de los datos personales se define en base al Reglamento General de Protecci\u00f3n de Datos y a la normativa espa\u00f1ola vigente. Con el fin de lograr la m\u00e1xima transparencia y en base a nuestra pol\u00edtica proactiva te informamos: \u2013 Uso compartido con terceros: Derechos: Tienes derecho a acceder a tus datos, rectificarlos, suprimirlos, limitarlos y oponerte a su tratamiento en cualquier momento, tambi\u00e9n puedes retirar el consentimiento prestado y reclamar ante la autoridad de control (Agencia Espa\u00f1ola de Protecci\u00f3n de Datos C\/ Jorge Juan n\u00ba6 28001 Madrid). Para ejercitar tus derechos tienes un canal directo con nuestra empresa en el correo office@brightym.com y en la direcci\u00f3n postal Calle Muelle Viejo N.17, 2.piso, 07012 Palma de Mallorca, Espa\u00f1a indicando en el asunto protecci\u00f3n de datos. \u2013 Privacidad en la navegaci\u00f3n: El propietario del portal se toma muy en serio la privacidad, y se esfuerza por la transparencia en todos los aspectos relacionados con los datos personales. Para m\u00e1s informaci\u00f3n, consulta la pol\u00edtica de cookies de nuestro sitio web. Asimismo, Bright Yacht Management S.L. informa que da cumplimiento a la Ley 34\/2002 de 11 de julio, de Servicios de la Sociedad de la Informaci\u00f3n y el Comercio Electr\u00f3nico y le solicitar\u00e1 su consentimiento al tratamiento de su correo electr\u00f3nico con fines comerciales en cada momento.<\/p>\n<p><strong>5 PROPIEDAD INTELECTUAL E INDUSTRIAL<\/strong><\/p>\n<p>Todos los derechos reservados. En virtud de lo dispuesto en los art\u00edculos 8 y 32.1, p\u00e1rrafo segundo, de la Ley de Propiedad Intelectual, quedan expresamente prohibidas la reproducci\u00f3n, la distribuci\u00f3n y la comunicaci\u00f3n p\u00fablica, incluida su modalidad de puesta a disposici\u00f3n, de la totalidad o parte de los contenidos de esta p\u00e1gina web, con fines comerciales, en cualquier soporte y por cualquier medio t\u00e9cnico, sin la autorizaci\u00f3n de Bright Yacht Management S.L.. El USUARIO se compromete a respetar los derechos de Propiedad Intelectual e Industrial titularidad de Bright Yacht Management S.L. Podr\u00e1 visualizar los elementos del portal e incluso imprimirlos, copiarlos y almacenarlos en el disco duro de su ordenador o en cualquier otro soporte f\u00edsico siempre y cuando sea, \u00fanica y exclusivamente, para su uso personal y privado. El USUARIO deber\u00e1 abstenerse de suprimir, alterar, eludir o manipular cualquier dispositivo de protecci\u00f3n o sistema de seguridad que estuviera instalado en el las p\u00e1ginas de .<\/p>\n<p><strong>6 EXCLUSI\u00d3N DE GARANT\u00cdAS Y RESPONSABILIDAD<\/strong><\/p>\n<p>Bright Yacht Management S.L. no se hace responsable, en ning\u00fan caso, de los da\u00f1os y perjuicios de cualquier naturaleza que pudieran ocasionar, a t\u00edtulo enunciativo: errores u omisiones en los contenidos, falta de disponibilidad del portal o la transmisi\u00f3n de virus o programas maliciosos o lesivos en los contenidos, a pesar de haber adoptado todas las medidas tecnol\u00f3gicas necesarias para evitarlo.<\/p>\n<p><strong>7 MODIFICACIONES<\/strong><\/p>\n<p>Bright Yacht Management S.L. se reserva el derecho de efectuar sin previo aviso las modificaciones que considere oportunas en su web, pudiendo cambiar, suprimir o a\u00f1adir tanto los contenidos y servicios que se presten a trav\u00e9s de la misma como la forma en la que \u00e9stos aparezcan presentados o localizados en su web.<\/p>\n<p><strong>8 ENLACES<\/strong><\/p>\n<p>En el caso de que en Bright Yacht Management S.L. se dispusiesen enlaces o hiperv\u00ednculos hac\u00eda otros sitios de Internet, no ejercer\u00e1 ning\u00fan tipo de control sobre dichos sitios y contenidos. En ning\u00fan caso Bright Yacht Management S.L. asumir\u00e1 responsabilidad alguna por los contenidos de alg\u00fan enlace perteneciente a un sitio web ajeno, ni garantizar\u00e1 la disponibilidad t\u00e9cnica, calidad, fiabilidad, exactitud, amplitud, veracidad, validez y constitucionalidad de cualquier material o informaci\u00f3n contenida en ninguno de dichos hiperv\u00ednculos u otros sitios de Internet. En caso de utilizar los enlaces, consulta la pol\u00edtica de privacidad y el aviso legal de la p\u00e1gina visitada. Igualmente la inclusi\u00f3n de estas conexiones externas no implicar\u00e1 ning\u00fan tipo de asociaci\u00f3n, fusi\u00f3n o participaci\u00f3n con las entidades conectadas.<\/p>\n<p><strong>9 DERECHO DE EXCLUSI\u00d3N<\/strong><\/p>\n<p>Bright Yacht Management S.L. se reserva el derecho a denegar o retirar el acceso a portal y\/o los servicios ofrecidos sin necesidad de preaviso, a instancia propia o de un tercero, a aquellos usuarios que incumplan las presentes Condiciones Generales de Uso.<\/p>\n<p><strong>10 GENERALIDADES<\/strong><\/p>\n<p>Bright Yacht Management S.L. perseguir\u00e1 el incumplimiento de las presentes condiciones as\u00ed como cualquier utilizaci\u00f3n indebida de su portal ejerciendo todas las acciones civiles y penales que le puedan corresponder en derecho.<\/p>\n<p><strong>11 MODIFICACI\u00d3N DE ESTAS CONDICIONES Y DURACI\u00d3N<\/strong><\/p>\n<p>Bright Yacht Management S.L. podr\u00e1 modificar en cualquier momento las condiciones aqu\u00ed determinadas, siendo debidamente publicadas como aqu\u00ed aparecen. La vigencia de las citadas condiciones ir\u00e1 en funci\u00f3n de su exposici\u00f3n y estar\u00e1n vigentes hasta debidamente publicadas que sean modificadas por otras.<\/p>\n<p><strong>12 LEY APLICABLE Y JURISDICCI\u00d3N<\/strong><\/p>\n<p>La relaci\u00f3n entre Bright Yacht Management S.L. y el USUARIO se regir\u00e1 por la normativa espa\u00f1ola vigente y cualquier controversia se someter\u00e1 a la autoridad competente.[\/vc_column_text][\/vc_column][\/vc_row]<\/p>\n<\/body><\/div>","protected":false},"excerpt":{"rendered":"<p>[vc_section][vc_row unlock_row_content=\u201dyes\u201d row_height_percent=\u201d60\u2033 override_padding=\u201dyes\u201d h_padding=\u201d2\u2033 top_padding=\u201d2\u2033 bottom_padding=\u201d2\u2033 back_image=\u201d576\u2033 back_position=\u201dcenter center\u201d overlay_color=\u201dcolor-210407\u2033 overlay_alpha=\u201d30\u2033 gutter_size=\u201d3\u2033 column_width_percent=\u201d100\u2033 shift_y=\u201d0\u2033 z_index=\u201d0\u2033 uncode_shortcode_id=\u201d345302\u2033 el_id=\u201dprincipal\u201d el_class=\u201drounded\u201d overlay_color_type=\u201duncode-palette\u201d][vc_column [&hellip;]<\/p>\n","protected":false},"author":1,"featured_media":0,"parent":0,"menu_order":0,"comment_status":"closed","ping_status":"closed","template":"","meta":{"footnotes":""},"class_list":["post-1118","page","type-page","status-publish","hentry"],"yoast_head":"<!-- This site is optimized with the Yoast SEO plugin v27.4 - https:\/\/yoast.com\/product\/yoast-seo-wordpress\/ -->\n<title>Informaci\u00f3n legal - Bright Yacht Management<\/title>\n<meta name=\"robots\" content=\"index, follow, max-snippet:-1, max-image-preview:large, max-video-preview:-1\" \/>\n<link rel=\"canonical\" href=\"https:\/\/www.brightyacht.com\/es\/informacion-legal\/\" \/>\n<meta property=\"og:locale\" content=\"es_ES\" \/>\n<meta property=\"og:type\" content=\"article\" \/>\n<meta property=\"og:title\" content=\"Informaci\u00f3n legal - Bright Yacht Management\" \/>\n<meta property=\"og:description\" content=\"[vc_section][vc_row unlock_row_content=\u201dyes\u201d row_height_percent=\u201d60\u2033 override_padding=\u201dyes\u201d h_padding=\u201d2\u2033 top_padding=\u201d2\u2033 bottom_padding=\u201d2\u2033 back_image=\u201d576\u2033 back_position=\u201dcenter center\u201d overlay_color=\u201dcolor-210407\u2033 overlay_alpha=\u201d30\u2033 gutter_size=\u201d3\u2033 column_width_percent=\u201d100\u2033 shift_y=\u201d0\u2033 z_index=\u201d0\u2033 uncode_shortcode_id=\u201d345302\u2033 el_id=\u201dprincipal\u201d el_class=\u201drounded\u201d overlay_color_type=\u201duncode-palette\u201d][vc_column [&hellip;]\" \/>\n<meta property=\"og:url\" content=\"https:\/\/www.brightyacht.com\/es\/informacion-legal\/\" \/>\n<meta property=\"og:site_name\" content=\"Bright Yacht Management\" \/>\n<meta property=\"article:modified_time\" content=\"2025-01-07T10:05:32+00:00\" \/>\n<meta name=\"twitter:card\" content=\"summary_large_image\" \/>\n<meta name=\"twitter:label1\" content=\"Tiempo de lectura\" \/>\n\t<meta name=\"twitter:data1\" content=\"6 minutos\" \/>\n<script type=\"application\/ld+json\" class=\"yoast-schema-graph\">{\"@context\":\"https:\\\/\\\/schema.org\",\"@graph\":[{\"@type\":\"WebPage\",\"@id\":\"https:\\\/\\\/www.brightyacht.com\\\/es\\\/informacion-legal\\\/\",\"url\":\"https:\\\/\\\/www.brightyacht.com\\\/es\\\/informacion-legal\\\/\",\"name\":\"Informaci\u00f3n legal - Bright Yacht Management\",\"isPartOf\":{\"@id\":\"https:\\\/\\\/www.brightyacht.com\\\/#website\"},\"datePublished\":\"2024-11-25T15:27:01+00:00\",\"dateModified\":\"2025-01-07T10:05:32+00:00\",\"breadcrumb\":{\"@id\":\"https:\\\/\\\/www.brightyacht.com\\\/es\\\/informacion-legal\\\/#breadcrumb\"},\"inLanguage\":\"es\",\"potentialAction\":[{\"@type\":\"ReadAction\",\"target\":[\"https:\\\/\\\/www.brightyacht.com\\\/es\\\/informacion-legal\\\/\"]}]},{\"@type\":\"BreadcrumbList\",\"@id\":\"https:\\\/\\\/www.brightyacht.com\\\/es\\\/informacion-legal\\\/#breadcrumb\",\"itemListElement\":[{\"@type\":\"ListItem\",\"position\":1,\"name\":\"Home\",\"item\":\"https:\\\/\\\/www.brightyacht.com\\\/es\\\/\"},{\"@type\":\"ListItem\",\"position\":2,\"name\":\"Informaci\u00f3n legal\"}]},{\"@type\":\"WebSite\",\"@id\":\"https:\\\/\\\/www.brightyacht.com\\\/#website\",\"url\":\"https:\\\/\\\/www.brightyacht.com\\\/\",\"name\":\"Bright Yacht Management\",\"description\":\"Yacht Management and Services in the Balearics\",\"publisher\":{\"@id\":\"https:\\\/\\\/www.brightyacht.com\\\/#organization\"},\"potentialAction\":[{\"@type\":\"SearchAction\",\"target\":{\"@type\":\"EntryPoint\",\"urlTemplate\":\"https:\\\/\\\/www.brightyacht.com\\\/?s={search_term_string}\"},\"query-input\":{\"@type\":\"PropertyValueSpecification\",\"valueRequired\":true,\"valueName\":\"search_term_string\"}}],\"inLanguage\":\"es\"},{\"@type\":\"Organization\",\"@id\":\"https:\\\/\\\/www.brightyacht.com\\\/#organization\",\"name\":\"Bright Yacht Management\",\"url\":\"https:\\\/\\\/www.brightyacht.com\\\/\",\"logo\":{\"@type\":\"ImageObject\",\"inLanguage\":\"es\",\"@id\":\"https:\\\/\\\/www.brightyacht.com\\\/#\\\/schema\\\/logo\\\/image\\\/\",\"url\":\"https:\\\/\\\/www.brightyacht.com\\\/wp-content\\\/uploads\\\/2024\\\/10\\\/07Asset-4.png\",\"contentUrl\":\"https:\\\/\\\/www.brightyacht.com\\\/wp-content\\\/uploads\\\/2024\\\/10\\\/07Asset-4.png\",\"width\":515,\"height\":178,\"caption\":\"Bright Yacht Management\"},\"image\":{\"@id\":\"https:\\\/\\\/www.brightyacht.com\\\/#\\\/schema\\\/logo\\\/image\\\/\"},\"sameAs\":[\"https:\\\/\\\/www.linkedin.com\\\/company\\\/bright-yacht-management-s-l\",\"https:\\\/\\\/www.instagram.com\\\/brightyachtmanagement\\\/\"]}]}<\/script>\n<!-- \/ Yoast SEO plugin. -->","yoast_head_json":{"title":"Informaci\u00f3n legal - Bright Yacht Management","robots":{"index":"index","follow":"follow","max-snippet":"max-snippet:-1","max-image-preview":"max-image-preview:large","max-video-preview":"max-video-preview:-1"},"canonical":"https:\/\/www.brightyacht.com\/es\/informacion-legal\/","og_locale":"es_ES","og_type":"article","og_title":"Informaci\u00f3n legal - Bright Yacht Management","og_description":"[vc_section][vc_row unlock_row_content=\u201dyes\u201d row_height_percent=\u201d60\u2033 override_padding=\u201dyes\u201d h_padding=\u201d2\u2033 top_padding=\u201d2\u2033 bottom_padding=\u201d2\u2033 back_image=\u201d576\u2033 back_position=\u201dcenter center\u201d overlay_color=\u201dcolor-210407\u2033 overlay_alpha=\u201d30\u2033 gutter_size=\u201d3\u2033 column_width_percent=\u201d100\u2033 shift_y=\u201d0\u2033 z_index=\u201d0\u2033 uncode_shortcode_id=\u201d345302\u2033 el_id=\u201dprincipal\u201d el_class=\u201drounded\u201d overlay_color_type=\u201duncode-palette\u201d][vc_column [&hellip;]","og_url":"https:\/\/www.brightyacht.com\/es\/informacion-legal\/","og_site_name":"Bright Yacht Management","article_modified_time":"2025-01-07T10:05:32+00:00","twitter_card":"summary_large_image","twitter_misc":{"Tiempo de lectura":"6 minutos"},"schema":{"@context":"https:\/\/schema.org","@graph":[{"@type":"WebPage","@id":"https:\/\/www.brightyacht.com\/es\/informacion-legal\/","url":"https:\/\/www.brightyacht.com\/es\/informacion-legal\/","name":"Informaci\u00f3n legal - Bright Yacht Management","isPartOf":{"@id":"https:\/\/www.brightyacht.com\/#website"},"datePublished":"2024-11-25T15:27:01+00:00","dateModified":"2025-01-07T10:05:32+00:00","breadcrumb":{"@id":"https:\/\/www.brightyacht.com\/es\/informacion-legal\/#breadcrumb"},"inLanguage":"es","potentialAction":[{"@type":"ReadAction","target":["https:\/\/www.brightyacht.com\/es\/informacion-legal\/"]}]},{"@type":"BreadcrumbList","@id":"https:\/\/www.brightyacht.com\/es\/informacion-legal\/#breadcrumb","itemListElement":[{"@type":"ListItem","position":1,"name":"Home","item":"https:\/\/www.brightyacht.com\/es\/"},{"@type":"ListItem","position":2,"name":"Informaci\u00f3n legal"}]},{"@type":"WebSite","@id":"https:\/\/www.brightyacht.com\/#website","url":"https:\/\/www.brightyacht.com\/","name":"Bright Yacht Management","description":"Yacht Management and Services in the Balearics","publisher":{"@id":"https:\/\/www.brightyacht.com\/#organization"},"potentialAction":[{"@type":"SearchAction","target":{"@type":"EntryPoint","urlTemplate":"https:\/\/www.brightyacht.com\/?s={search_term_string}"},"query-input":{"@type":"PropertyValueSpecification","valueRequired":true,"valueName":"search_term_string"}}],"inLanguage":"es"},{"@type":"Organization","@id":"https:\/\/www.brightyacht.com\/#organization","name":"Bright Yacht Management","url":"https:\/\/www.brightyacht.com\/","logo":{"@type":"ImageObject","inLanguage":"es","@id":"https:\/\/www.brightyacht.com\/#\/schema\/logo\/image\/","url":"https:\/\/www.brightyacht.com\/wp-content\/uploads\/2024\/10\/07Asset-4.png","contentUrl":"https:\/\/www.brightyacht.com\/wp-content\/uploads\/2024\/10\/07Asset-4.png","width":515,"height":178,"caption":"Bright Yacht Management"},"image":{"@id":"https:\/\/www.brightyacht.com\/#\/schema\/logo\/image\/"},"sameAs":["https:\/\/www.linkedin.com\/company\/bright-yacht-management-s-l","https:\/\/www.instagram.com\/brightyachtmanagement\/"]}]}},"_links":{"self":[{"href":"https:\/\/www.brightyacht.com\/es\/wp-json\/wp\/v2\/pages\/1118","targetHints":{"allow":["GET"]}}],"collection":[{"href":"https:\/\/www.brightyacht.com\/es\/wp-json\/wp\/v2\/pages"}],"about":[{"href":"https:\/\/www.brightyacht.com\/es\/wp-json\/wp\/v2\/types\/page"}],"author":[{"embeddable":true,"href":"https:\/\/www.brightyacht.com\/es\/wp-json\/wp\/v2\/users\/1"}],"replies":[{"embeddable":true,"href":"https:\/\/www.brightyacht.com\/es\/wp-json\/wp\/v2\/comments?post=1118"}],"version-history":[{"count":2,"href":"https:\/\/www.brightyacht.com\/es\/wp-json\/wp\/v2\/pages\/1118\/revisions"}],"predecessor-version":[{"id":1315,"href":"https:\/\/www.brightyacht.com\/es\/wp-json\/wp\/v2\/pages\/1118\/revisions\/1315"}],"wp:attachment":[{"href":"https:\/\/www.brightyacht.com\/es\/wp-json\/wp\/v2\/media?parent=1118"}],"curies":[{"name":"wp","href":"https:\/\/api.w.org\/{rel}","templated":true}]}}