{"id":1104,"date":"2024-11-25T15:27:01","date_gmt":"2024-11-25T15:27:01","guid":{"rendered":"https:\/\/compassdesign.biz\/work\/bright\/rechtliche-informationen\/"},"modified":"2025-01-07T09:56:58","modified_gmt":"2025-01-07T09:56:58","slug":"rechtliche-informationen","status":"publish","type":"page","link":"https:\/\/www.brightyacht.com\/de\/rechtliche-informationen\/","title":{"rendered":"Rechtliche Informationen"},"content":{"rendered":"<div class=\"wpb-content-wrapper\"><body><p>[vc_section][vc_row unlock_row_content=\u201dyes\u201d row_height_percent=\u201d60\u2033 override_padding=\u201dyes\u201d h_padding=\u201d2\u2033 top_padding=\u201d2\u2033 bottom_padding=\u201d2\u2033 back_image=\u201d576\u2033 back_position=\u201dcenter center\u201d overlay_color=\u201dcolor-210407\u2033 overlay_alpha=\u201d30\u2033 gutter_size=\u201d3\u2033 column_width_percent=\u201d100\u2033 shift_y=\u201d0\u2033 z_index=\u201d0\u2033 uncode_shortcode_id=\u201d345302\u2033 el_id=\u201dHaupt\u201d el_class=\u201drounded\u201d overlay_color_type=\u201duncode-palette\u201d][vc_column column_width_percent=\u201d100\u2033 position_horizontal=\u201dleft\u201d position_vertical=\u201dbottom\u201d gutter_size=\u201d3\u2033 overlay_alpha=\u201d50\u2033 shift_x=\u201d0\u2033 shift_y=\u201d0\u2033 shift_y_down=\u201d0\u2033 z_index=\u201d0\u2033 medium_width=\u201d0\u2033 mobile_width=\u201d0\u2033 width=\u201d1\/4\u2033 uncode_shortcode_id=\u201d163406\u2033 css=\u201d.vc_custom_1727695199147{padding-bottom: 30px !important;padding-left: 30px !important;}\u201d][\/vc_column][vc_column column_width_percent=\u201d100\u2033 position_vertical=\u201dbottom\u201d align_horizontal=\u201dalign_center\u201d gutter_size=\u201d3\u2033 style=\u201dlight\u201d overlay_alpha=\u201d50\u2033 shift_x=\u201d0\u2033 shift_y=\u201d0\u2033 shift_y_down=\u201d0\u2033 z_index=\u201d0\u2033 medium_width=\u201d0\u2033 mobile_width=\u201d0\u2033 width=\u201d1\/2\u2033 uncode_shortcode_id=\u201d812805\u2033][vc_empty_space empty_h=\u201d2\u2033][\/vc_column][vc_column width=\u201d1\/4\u2033][\/vc_column][\/vc_row][\/vc_section][vc_row unlock_row=\u201d\u201d row_height_percent=\u201d0\u2033 overlay_alpha=\u201d50\u2033 gutter_size=\u201d3\u2033 column_width_percent=\u201d100\u2033 shift_y=\u201d0\u2033 z_index=\u201d0\u2033 uncode_shortcode_id=\u201d298400\u2033][vc_column width=\u201d1\/1\u2033][vc_column_text uncode_shortcode_id=\u201d768435\u2033]<\/p>\n<h2>Rechtliche Informationen<\/h2>\n<p><strong>1. IDENTIFIKATIONSDATEN<\/strong><\/p>\n<p>In Erf\u00fcllung der Informationspflicht gem\u00e4\u00df Artikel 10 des Gesetzes 34\/2002 vom 11. Juli \u00fcber die Dienste der Informationsgesellschaft und den elektronischen Gesch\u00e4ftsverkehr werden im Folgenden die folgenden Daten wiedergegeben: Der Inhaber dieser Webdomain ist Bright Yacht Management S.L., mit Sitz in der Calle Muelle Viejo N.17, 2.piso, 07012 Palma de Mallorca, Spanien CIF-Nummer: B57683583 , eingetragen im Handelsregister PM-66536 , Kontakt-E-Mail: office@brightym.com<\/p>\n<p><strong>2. BENUTZER<\/strong><\/p>\n<p>Der Zugang und\/oder die Nutzung dieses Portals oder dieser Website setzt voraus, dass der BENUTZER mit dem Zugang und\/oder der Nutzung die in dieser Mitteilung enthaltenen Allgemeinen Nutzungsbedingungen akzeptiert. Die Bedingungen gelten unabh\u00e4ngig von den Allgemeinen Vertragsbedingungen, die in diesem Fall zwingend zu erf\u00fcllen sind. In jedem Fall wird f\u00fcr jeden spezifischen Zweck Ihre ausdr\u00fcckliche Zustimmung eingeholt.<\/p>\n<p><strong>3. NUTZUNG DES PORTALS<\/strong><\/p>\n<p>Unsere Website bietet Zugang zu Informationen, Dienstleistungen, Programmen oder Daten (im Folgenden als \u201cInhalt\u201d bezeichnet) im Internet, die Bright Yacht Management S.L. oder seinen Lizenzgebern geh\u00f6ren und zu denen der BENUTZER Zugang haben kann. Der BENUTZER \u00fcbernimmt die Verantwortung f\u00fcr die korrekte Nutzung des Portals. Diese Verantwortung erstreckt sich auch auf die Registrierung, die f\u00fcr den Zugang zu bestimmten Dienstleistungen oder Inhalten erforderlich war.<\/p>\n<ul>\n<li>In diesem Register ist die USUARIO daf\u00fcr verantwortlich, verl\u00e4ssliche und eindeutige Informationen \u00fcber ihre Daten zu \u00fcbermitteln. Als Folge dieser Registrierung kann die USUARIO eine Kopie der Daten, f\u00fcr die sie verantwortlich ist, zur Verf\u00fcgung stellen und sich verpflichten, diese Daten sorgf\u00e4ltig, vertraulich und sicher zu verwenden. El USUARIO se compromete a hacer un uso adecuado de los contenidos y servicios (como por ejemplo servicios de chat, foros de discusi\u00f3n o grupos de noticias) que se ofrece a trav\u00e9s de su portal y con car\u00e1cter enunciativo pero no limitativo, a no emplearlos para:Incurring in illicit, illegal or contrary to good faith and public order activities.<\/li>\n<li>Inhalte oder Propaganda rassistischer, fremdenfeindlicher, pornografisch-illegaler, terroristischer oder gegen die Menschenrechte gerichteter Art zu verbreiten.<br>\nSch\u00e4den an den physischen und logischen Systemen des Eigent\u00fcmers, seiner Lieferanten oder Dritter zu verursachen, Computerviren oder andere physische oder logische Systeme einzuf\u00fchren oder zu verbreiten, die geeignet sind, die vorgenannten Sch\u00e4den zu verursachen.<\/li>\n<li>Versuchen, auf die E-Mail-Konten anderer Nutzer zuzugreifen und diese gegebenenfalls zu nutzen und ihre Nachrichten zu ver\u00e4ndern oder zu manipulieren. Der Eigent\u00fcmer des Portals beh\u00e4lt sich das Recht vor, Kommentare und Beitr\u00e4ge zu entfernen, die die Achtung der W\u00fcrde der Person verletzen, die diskriminierend, fremdenfeindlich, rassistisch oder pornografisch sind, die die Jugend oder die Kindheit, die Ordnung oder die \u00f6ffentliche Sicherheit verletzen oder die seiner Meinung nach nicht angemessen oder f\u00fcr die Ver\u00f6ffentlichung geeignet sind. In jedem Fall ist der Eigent\u00fcmer des Portals nicht f\u00fcr die Meinungen verantwortlich, die von den Nutzern in Foren, Chats oder anderen Beteiligungsinstrumenten ge\u00e4u\u00dfert werden.<\/li>\n<\/ul>\n<p><strong>4 DATENSCHUTZ UND VERWENDUNG VON COOKIES<\/strong><\/p>\n<p>Die Verwendung personenbezogener Daten wird auf der Grundlage der Allgemeinen Datenschutzverordnung und der geltenden spanischen Vorschriften festgelegt. Im Sinne gr\u00f6\u00dftm\u00f6glicher Transparenz und auf der Grundlage unserer proaktiven Politik informieren wir Sie: \u2013 Gemeinsame Nutzung mit Drittparteien: Rechte: Sie haben das Recht, jederzeit auf Ihre Daten zuzugreifen, sie zu berichtigen, zu l\u00f6schen, einzuschr\u00e4nken und sich ihrer Verarbeitung zu widersetzen. Au\u00dferdem k\u00f6nnen Sie die erteilte Einwilligung widerrufen und sich bei der Aufsichtsbeh\u00f6rde (Spanische Datenschutzbeh\u00f6rde C\/ Jorge Juan n\u00ba6 28001 Madrid) beschweren. Um Ihre Rechte auszu\u00fcben, k\u00f6nnen Sie sich direkt an unser Unternehmen wenden, und zwar per E-Mail an office@brightym.com und an die Postanschrift Calle Muelle Viejo N.17, 2.piso, 07012 Palma de Mallorca, Spanien, unter Angabe des Betreffs Datenschutz. \u2013 Datenschutz in der Navigation: Der Eigent\u00fcmer des Portals nimmt den Datenschutz sehr ernst und bem\u00fcht sich um Transparenz in allen Aspekten, die mit pers\u00f6nlichen Daten zu tun haben. Weitere Informationen finden Sie in der Cookie-Richtlinie auf unserer Website. Au\u00dferdem teilt Bright Yacht Management S.L. mit, dass es das Gesetz 34\/2002 vom 11. Juli \u00fcber Dienstleistungen der Informationsgesellschaft und des elektronischen Handels einh\u00e4lt und Sie jederzeit um Ihre Zustimmung zur Verarbeitung Ihrer E-Mail zu kommerziellen Zwecken bitten wird.<\/p>\n<p><strong>5 GEISTIGES UND GEWERBLICHES EIGENTUM<\/strong><\/p>\n<p>Alle Rechte vorbehalten. Gem\u00e4\u00df den Bestimmungen der Artikel 8 und 32.1, zweiter Absatz, des Gesetzes \u00fcber geistiges Eigentum sind die Vervielf\u00e4ltigung, der Vertrieb und die \u00f6ffentliche Kommunikation, einschlie\u00dflich der Art der Bereitstellung, des gesamten Inhalts dieser Website oder eines Teils davon zu kommerziellen Zwecken, in jedem Medium und mit allen technischen Mitteln, ohne die Genehmigung von Bright Yacht Management S.L. ausdr\u00fccklich verboten. Der BENUTZER verpflichtet sich, die Rechte des geistigen Eigentums und der Industrie, die Bright Yacht Management S.L. geh\u00f6ren, zu respektieren. Sie k\u00f6nnen die Elemente des Portals ansehen und sogar ausdrucken, kopieren und auf der Festplatte Ihres Computers oder einer anderen Hardware speichern, vorausgesetzt, dies geschieht einzig und allein f\u00fcr Ihren pers\u00f6nlichen und privaten Gebrauch. Der BENUTZER verpflichtet sich, keine Schutzvorrichtungen oder Sicherheitssysteme zu l\u00f6schen, zu ver\u00e4ndern, zu umgehen oder zu manipulieren, die auf den Seiten von .<\/p>\n<p><strong>6 AUSSCHLUSS VON GARANTIEN UND HAFTUNG<\/strong><\/p>\n<p>Bright Yacht Management S.L. ist in keinem Fall verantwortlich f\u00fcr Sch\u00e4den jeglicher Art, die durch Fehler oder Auslassungen im Inhalt, mangelnde Verf\u00fcgbarkeit des Portals oder die \u00dcbertragung von Viren oder b\u00f6sartigen oder sch\u00e4dlichen Programmen im Inhalt verursacht werden k\u00f6nnen, obwohl wir alle notwendigen technischen Ma\u00dfnahmen zu deren Verhinderung getroffen haben.<\/p>\n<p><strong>7 \u00c4NDERUNGEN<\/strong><\/p>\n<p>Bright Yacht Management S.L. beh\u00e4lt sich das Recht vor, unangek\u00fcndigte \u00c4nderungen an seiner Website vorzunehmen, Inhalte und Dienstleistungen zu \u00e4ndern, zu l\u00f6schen oder hinzuzuf\u00fcgen, ebenso wie die Art und Weise, wie sie auf seiner Website pr\u00e4sentiert werden.<\/p>\n<p><strong>8 LINKS<\/strong><\/p>\n<p>F\u00fcr den Fall, dass Bright Yacht Management S.L. Links oder Hyperlinks zu anderen Internetseiten hat, \u00fcbt sie keine Kontrolle \u00fcber diese Seiten und deren Inhalt aus. Bright Yacht Management S.L. \u00fcbernimmt in keinem Fall die Verantwortung f\u00fcr den Inhalt eines Links, der zu einer anderen Website geh\u00f6rt, und garantiert auch nicht die technische Verf\u00fcgbarkeit, Qualit\u00e4t, Zuverl\u00e4ssigkeit, Genauigkeit, Vollst\u00e4ndigkeit, Richtigkeit, G\u00fcltigkeit und Verfassungsm\u00e4\u00dfigkeit von Material oder Informationen, die in solchen Hyperlinks oder anderen Internetseiten enthalten sind. Im Falle der Nutzung der Links beachten Sie bitte die Datenschutzbestimmungen und rechtlichen Hinweise der besuchten Seite. Ebenso impliziert die Aufnahme dieser externen Links keine Art von Verbindung, Fusion oder Beteiligung mit den verlinkten Einrichtungen.<\/p>\n<p><strong>9 RECHT AUF AUSSCHLUSS<\/strong><\/p>\n<p>Bright Yacht Management S.L. beh\u00e4lt sich das Recht vor, den Zugang zum Portal und\/oder zu den angebotenen Dienstleistungen ohne vorherige Ank\u00fcndigung, auf eigenen Wunsch oder auf Wunsch eines Dritten, denjenigen Nutzern zu verweigern oder zu entziehen, die diese Allgemeinen Nutzungsbedingungen nicht einhalten.<\/p>\n<p><strong>10 ALLGEMEIN<\/strong><\/p>\n<p>Bright Yacht Management S.L. wird die Verletzung dieser Bedingungen sowie jeden Missbrauch ihrer Website mit allen zivil- und strafrechtlichen Mitteln verfolgen, die ihr gesetzlich zustehen.<\/p>\n<p><strong>11 \u00c4NDERUNG DIESER BEDINGUNGEN UND DAUER<\/strong><\/p>\n<p>Bright Yacht Management S.L. kann die hier festgelegten Bedingungen jederzeit \u00e4ndern, da sie hier ordnungsgem\u00e4\u00df ver\u00f6ffentlicht werden.<\/p>\n<p>Die G\u00fcltigkeit dieser Bedingungen h\u00e4ngt von ihrer Exposition ab und gilt bis zu ihrer ordnungsgem\u00e4\u00dfen Ver\u00f6ffentlichung, die durch andere ge\u00e4ndert wird.<\/p>\n<p><strong>12 ANWENDBARES RECHT UND GERICHTSBARKEIT<\/strong><\/p>\n<p>Die Beziehung zwischen Bright Yacht Management S.L. und dem BENUTZER unterliegt der geltenden spanischen Gesetzgebung und alle Streitigkeiten werden der zust\u00e4ndigen Beh\u00f6rde vorgelegt.[\/vc_column_text][\/vc_column][\/vc_row]<\/p>\n<\/body><\/div>","protected":false},"excerpt":{"rendered":"<p>[vc_section][vc_row unlock_row_content=\u201dyes\u201d row_height_percent=\u201d60\u2033 override_padding=\u201dyes\u201d h_padding=\u201d2\u2033 top_padding=\u201d2\u2033 bottom_padding=\u201d2\u2033 back_image=\u201d576\u2033 back_position=\u201dcenter center\u201d overlay_color=\u201dcolor-210407\u2033 overlay_alpha=\u201d30\u2033 gutter_size=\u201d3\u2033 column_width_percent=\u201d100\u2033 shift_y=\u201d0\u2033 z_index=\u201d0\u2033 uncode_shortcode_id=\u201d345302\u2033 el_id=\u201dHaupt\u201d el_class=\u201drounded\u201d overlay_color_type=\u201duncode-palette\u201d][vc_column [&hellip;]<\/p>\n","protected":false},"author":1,"featured_media":0,"parent":0,"menu_order":0,"comment_status":"closed","ping_status":"closed","template":"","meta":{"footnotes":""},"class_list":["post-1104","page","type-page","status-publish","hentry"],"yoast_head":"<!-- This site is optimized with the Yoast SEO plugin v27.4 - https:\/\/yoast.com\/product\/yoast-seo-wordpress\/ -->\n<title>Rechtliche Informationen - Bright Yacht Management<\/title>\n<meta name=\"robots\" content=\"index, follow, max-snippet:-1, max-image-preview:large, max-video-preview:-1\" \/>\n<link rel=\"canonical\" href=\"https:\/\/www.brightyacht.com\/de\/rechtliche-informationen\/\" \/>\n<meta property=\"og:locale\" content=\"de_DE\" \/>\n<meta property=\"og:type\" content=\"article\" \/>\n<meta property=\"og:title\" content=\"Rechtliche Informationen - Bright Yacht Management\" \/>\n<meta property=\"og:description\" content=\"[vc_section][vc_row unlock_row_content=\u201dyes\u201d row_height_percent=\u201d60\u2033 override_padding=\u201dyes\u201d h_padding=\u201d2\u2033 top_padding=\u201d2\u2033 bottom_padding=\u201d2\u2033 back_image=\u201d576\u2033 back_position=\u201dcenter center\u201d overlay_color=\u201dcolor-210407\u2033 overlay_alpha=\u201d30\u2033 gutter_size=\u201d3\u2033 column_width_percent=\u201d100\u2033 shift_y=\u201d0\u2033 z_index=\u201d0\u2033 uncode_shortcode_id=\u201d345302\u2033 el_id=\u201dHaupt\u201d el_class=\u201drounded\u201d overlay_color_type=\u201duncode-palette\u201d][vc_column [&hellip;]\" \/>\n<meta property=\"og:url\" content=\"https:\/\/www.brightyacht.com\/de\/rechtliche-informationen\/\" \/>\n<meta property=\"og:site_name\" content=\"Bright Yacht Management\" \/>\n<meta property=\"article:modified_time\" content=\"2025-01-07T09:56:58+00:00\" \/>\n<meta name=\"twitter:card\" content=\"summary_large_image\" \/>\n<meta name=\"twitter:label1\" content=\"Gesch\u00e4tzte Lesezeit\" \/>\n\t<meta name=\"twitter:data1\" content=\"6\u00a0Minuten\" \/>\n<script type=\"application\/ld+json\" class=\"yoast-schema-graph\">{\"@context\":\"https:\\\/\\\/schema.org\",\"@graph\":[{\"@type\":\"WebPage\",\"@id\":\"https:\\\/\\\/www.brightyacht.com\\\/de\\\/rechtliche-informationen\\\/\",\"url\":\"https:\\\/\\\/www.brightyacht.com\\\/de\\\/rechtliche-informationen\\\/\",\"name\":\"Rechtliche Informationen - Bright Yacht Management\",\"isPartOf\":{\"@id\":\"https:\\\/\\\/www.brightyacht.com\\\/#website\"},\"datePublished\":\"2024-11-25T15:27:01+00:00\",\"dateModified\":\"2025-01-07T09:56:58+00:00\",\"breadcrumb\":{\"@id\":\"https:\\\/\\\/www.brightyacht.com\\\/de\\\/rechtliche-informationen\\\/#breadcrumb\"},\"inLanguage\":\"de\",\"potentialAction\":[{\"@type\":\"ReadAction\",\"target\":[\"https:\\\/\\\/www.brightyacht.com\\\/de\\\/rechtliche-informationen\\\/\"]}]},{\"@type\":\"BreadcrumbList\",\"@id\":\"https:\\\/\\\/www.brightyacht.com\\\/de\\\/rechtliche-informationen\\\/#breadcrumb\",\"itemListElement\":[{\"@type\":\"ListItem\",\"position\":1,\"name\":\"Home\",\"item\":\"https:\\\/\\\/www.brightyacht.com\\\/de\\\/\"},{\"@type\":\"ListItem\",\"position\":2,\"name\":\"Rechtliche Informationen\"}]},{\"@type\":\"WebSite\",\"@id\":\"https:\\\/\\\/www.brightyacht.com\\\/#website\",\"url\":\"https:\\\/\\\/www.brightyacht.com\\\/\",\"name\":\"Bright Yacht Management\",\"description\":\"Yacht Management and Services in the Balearics\",\"publisher\":{\"@id\":\"https:\\\/\\\/www.brightyacht.com\\\/#organization\"},\"potentialAction\":[{\"@type\":\"SearchAction\",\"target\":{\"@type\":\"EntryPoint\",\"urlTemplate\":\"https:\\\/\\\/www.brightyacht.com\\\/?s={search_term_string}\"},\"query-input\":{\"@type\":\"PropertyValueSpecification\",\"valueRequired\":true,\"valueName\":\"search_term_string\"}}],\"inLanguage\":\"de\"},{\"@type\":\"Organization\",\"@id\":\"https:\\\/\\\/www.brightyacht.com\\\/#organization\",\"name\":\"Bright Yacht Management\",\"url\":\"https:\\\/\\\/www.brightyacht.com\\\/\",\"logo\":{\"@type\":\"ImageObject\",\"inLanguage\":\"de\",\"@id\":\"https:\\\/\\\/www.brightyacht.com\\\/#\\\/schema\\\/logo\\\/image\\\/\",\"url\":\"https:\\\/\\\/www.brightyacht.com\\\/wp-content\\\/uploads\\\/2024\\\/10\\\/07Asset-4.png\",\"contentUrl\":\"https:\\\/\\\/www.brightyacht.com\\\/wp-content\\\/uploads\\\/2024\\\/10\\\/07Asset-4.png\",\"width\":515,\"height\":178,\"caption\":\"Bright Yacht Management\"},\"image\":{\"@id\":\"https:\\\/\\\/www.brightyacht.com\\\/#\\\/schema\\\/logo\\\/image\\\/\"},\"sameAs\":[\"https:\\\/\\\/www.linkedin.com\\\/company\\\/bright-yacht-management-s-l\",\"https:\\\/\\\/www.instagram.com\\\/brightyachtmanagement\\\/\"]}]}<\/script>\n<!-- \/ Yoast SEO plugin. -->","yoast_head_json":{"title":"Rechtliche Informationen - Bright Yacht Management","robots":{"index":"index","follow":"follow","max-snippet":"max-snippet:-1","max-image-preview":"max-image-preview:large","max-video-preview":"max-video-preview:-1"},"canonical":"https:\/\/www.brightyacht.com\/de\/rechtliche-informationen\/","og_locale":"de_DE","og_type":"article","og_title":"Rechtliche Informationen - Bright Yacht Management","og_description":"[vc_section][vc_row unlock_row_content=\u201dyes\u201d row_height_percent=\u201d60\u2033 override_padding=\u201dyes\u201d h_padding=\u201d2\u2033 top_padding=\u201d2\u2033 bottom_padding=\u201d2\u2033 back_image=\u201d576\u2033 back_position=\u201dcenter center\u201d overlay_color=\u201dcolor-210407\u2033 overlay_alpha=\u201d30\u2033 gutter_size=\u201d3\u2033 column_width_percent=\u201d100\u2033 shift_y=\u201d0\u2033 z_index=\u201d0\u2033 uncode_shortcode_id=\u201d345302\u2033 el_id=\u201dHaupt\u201d el_class=\u201drounded\u201d overlay_color_type=\u201duncode-palette\u201d][vc_column [&hellip;]","og_url":"https:\/\/www.brightyacht.com\/de\/rechtliche-informationen\/","og_site_name":"Bright Yacht Management","article_modified_time":"2025-01-07T09:56:58+00:00","twitter_card":"summary_large_image","twitter_misc":{"Gesch\u00e4tzte Lesezeit":"6\u00a0Minuten"},"schema":{"@context":"https:\/\/schema.org","@graph":[{"@type":"WebPage","@id":"https:\/\/www.brightyacht.com\/de\/rechtliche-informationen\/","url":"https:\/\/www.brightyacht.com\/de\/rechtliche-informationen\/","name":"Rechtliche Informationen - Bright Yacht Management","isPartOf":{"@id":"https:\/\/www.brightyacht.com\/#website"},"datePublished":"2024-11-25T15:27:01+00:00","dateModified":"2025-01-07T09:56:58+00:00","breadcrumb":{"@id":"https:\/\/www.brightyacht.com\/de\/rechtliche-informationen\/#breadcrumb"},"inLanguage":"de","potentialAction":[{"@type":"ReadAction","target":["https:\/\/www.brightyacht.com\/de\/rechtliche-informationen\/"]}]},{"@type":"BreadcrumbList","@id":"https:\/\/www.brightyacht.com\/de\/rechtliche-informationen\/#breadcrumb","itemListElement":[{"@type":"ListItem","position":1,"name":"Home","item":"https:\/\/www.brightyacht.com\/de\/"},{"@type":"ListItem","position":2,"name":"Rechtliche Informationen"}]},{"@type":"WebSite","@id":"https:\/\/www.brightyacht.com\/#website","url":"https:\/\/www.brightyacht.com\/","name":"Bright Yacht Management","description":"Yacht Management and Services in the Balearics","publisher":{"@id":"https:\/\/www.brightyacht.com\/#organization"},"potentialAction":[{"@type":"SearchAction","target":{"@type":"EntryPoint","urlTemplate":"https:\/\/www.brightyacht.com\/?s={search_term_string}"},"query-input":{"@type":"PropertyValueSpecification","valueRequired":true,"valueName":"search_term_string"}}],"inLanguage":"de"},{"@type":"Organization","@id":"https:\/\/www.brightyacht.com\/#organization","name":"Bright Yacht Management","url":"https:\/\/www.brightyacht.com\/","logo":{"@type":"ImageObject","inLanguage":"de","@id":"https:\/\/www.brightyacht.com\/#\/schema\/logo\/image\/","url":"https:\/\/www.brightyacht.com\/wp-content\/uploads\/2024\/10\/07Asset-4.png","contentUrl":"https:\/\/www.brightyacht.com\/wp-content\/uploads\/2024\/10\/07Asset-4.png","width":515,"height":178,"caption":"Bright Yacht Management"},"image":{"@id":"https:\/\/www.brightyacht.com\/#\/schema\/logo\/image\/"},"sameAs":["https:\/\/www.linkedin.com\/company\/bright-yacht-management-s-l","https:\/\/www.instagram.com\/brightyachtmanagement\/"]}]}},"_links":{"self":[{"href":"https:\/\/www.brightyacht.com\/de\/wp-json\/wp\/v2\/pages\/1104","targetHints":{"allow":["GET"]}}],"collection":[{"href":"https:\/\/www.brightyacht.com\/de\/wp-json\/wp\/v2\/pages"}],"about":[{"href":"https:\/\/www.brightyacht.com\/de\/wp-json\/wp\/v2\/types\/page"}],"author":[{"embeddable":true,"href":"https:\/\/www.brightyacht.com\/de\/wp-json\/wp\/v2\/users\/1"}],"replies":[{"embeddable":true,"href":"https:\/\/www.brightyacht.com\/de\/wp-json\/wp\/v2\/comments?post=1104"}],"version-history":[{"count":5,"href":"https:\/\/www.brightyacht.com\/de\/wp-json\/wp\/v2\/pages\/1104\/revisions"}],"predecessor-version":[{"id":1311,"href":"https:\/\/www.brightyacht.com\/de\/wp-json\/wp\/v2\/pages\/1104\/revisions\/1311"}],"wp:attachment":[{"href":"https:\/\/www.brightyacht.com\/de\/wp-json\/wp\/v2\/media?parent=1104"}],"curies":[{"name":"wp","href":"https:\/\/api.w.org\/{rel}","templated":true}]}}