{"id":1079,"date":"2024-10-01T13:11:26","date_gmt":"2024-10-01T13:11:26","guid":{"rendered":"https:\/\/compassdesign.biz\/work\/bright\/startseite\/"},"modified":"2025-03-03T13:13:57","modified_gmt":"2025-03-03T13:13:57","slug":"startseite","status":"publish","type":"page","link":"https:\/\/www.brightyacht.com\/de\/","title":{"rendered":"Startseite"},"content":{"rendered":"<div class=\"wpb-content-wrapper\"><body><p>[vc_section][vc_row unlock_row_content=\u201dyes\u201d row_height_percent=\u201d100\u2033 override_padding=\u201dyes\u201d h_padding=\u201d2\u2033 top_padding=\u201d2\u2033 bottom_padding=\u201d2\u2033 back_color=\u201dcolor-jevc\u201d back_image=\u201d1051\u2033 back_position=\u201dcenter bottom\u201d overlay_color=\u201dcolor-210407\u2033 overlay_alpha=\u201d30\u2033 gutter_size=\u201d3\u2033 column_width_percent=\u201d100\u2033 shift_y=\u201d0\u2033 z_index=\u201d0\u2033 uncode_shortcode_id=\u201d300456\u2033 el_id=\u201dmain\u201d el_class=\u201drounded\u201d overlay_color_type=\u201duncode-palette\u201d back_color_type=\u201duncode-palette\u201d][vc_column column_width_percent=\u201d100\u2033 position_horizontal=\u201dleft\u201d position_vertical=\u201dbottom\u201d gutter_size=\u201d3\u2033 overlay_alpha=\u201d50\u2033 shift_x=\u201d0\u2033 shift_y=\u201d0\u2033 shift_y_down=\u201d0\u2033 z_index=\u201d0\u2033 medium_width=\u201d0\u2033 mobile_width=\u201d0\u2033 width=\u201d2\/3\u2033 uncode_shortcode_id=\u201d146437\u2033 css=\u201d.vc_custom_1732179928985{padding-bottom: 10px !important;}\u201d][vc_custom_heading text_color=\u201dcolor-xsdn\u201d heading_semantic=\u201dh1\u2033 text_size=\u201dh1\u2033 text_weight=\u201d100\u2033 css_animation=\u201dalpha-anim\u201d animation_delay=\u201d300\u2033 uncode_shortcode_id=\u201d352566\u2033 text_color_type=\u201duncode-palette\u201d]Seelenfrieden[\/vc_custom_heading][vc_empty_space empty_h=\u201d2\u2033][\/vc_column][vc_column width=\u201d1\/3\u2033][\/vc_column][\/vc_row][\/vc_section][vc_row row_height_percent=\u201d50\u2033 override_padding=\u201dyes\u201d h_padding=\u201d2\u2033 top_padding=\u201d3\u2033 bottom_padding=\u201d3\u2033 overlay_alpha=\u201d50\u2033 gutter_size=\u201d3\u2033 column_width_percent=\u201d100\u2033 shift_y=\u201d0\u2033 z_index=\u201d0\u2033 uncode_shortcode_id=\u201d178372\u2033][vc_column column_width_use_pixel=\u201dyes\u201d position_vertical=\u201dmiddle\u201d align_horizontal=\u201dalign_center\u201d gutter_size=\u201d3\u2033 style=\u201dlight\u201d overlay_alpha=\u201d50\u2033 shift_x=\u201d0\u2033 shift_y=\u201d0\u2033 shift_y_down=\u201d0\u2033 z_index=\u201d0\u2033 medium_width=\u201d0\u2033 mobile_width=\u201d0\u2033 width=\u201d1\/1\u2033 column_width_pixel=\u201d900\u2033 uncode_shortcode_id=\u201d465005\u2033 css=\u201d.vc_custom_1732103257869{padding-bottom: 0px !important;}\u201d][vc_custom_heading heading_semantic=\u201dh3\u2033 text_size=\u201dcustom\u201d text_weight=\u201d100\u2033 css_animation=\u201dalpha-anim\u201d animation_delay=\u201d300\u2033 uncode_shortcode_id=\u201d182870\u2033 heading_custom_size=\u201d54px\u201d text_color_type=\u201duncode-solid\u201d text_color_solid=\u201d#f2b122\u2033]Unser Expertenteam widmet sich einem beispiellosen Engagement f\u00fcr Qualit\u00e4t, w\u00e4hrend es Neubauprojekte \u00fcberwacht, komplette Umr\u00fcstungen durchf\u00fchrt und sich um den t\u00e4glichen Betrieb an Bord k\u00fcmmert.[\/vc_custom_heading][vc_column_text css_animation=\u201dalpha-anim\u201d animation_delay=\u201d600\u2033 uncode_shortcode_id=\u201d705812\u2033 css=\u201d.vc_custom_1734019927321{margin-top: 30px !important;margin-bottom: 30px !important;}\u201d]Wir bieten Ihnen eine einzigartige pers\u00f6nliche Erfahrung, denn wir wissen, dass jedes Projekt seine eigenen Herausforderungen mit sich bringt. Daher verfolgen wir einen ma\u00dfgeschneiderten Ansatz, der Ihnen spezielles Fachwissen und individuelle L\u00f6sungen bietet, die Ihre Erwartungen \u00fcbertreffen.[\/vc_column_text][vc_button size=\u201dbtn-lg\u201d radius=\u201dbtn-circle\u201d border_width=\u201d0\u2033 icon_position=\u201dright\u201d display=\u201dinline\u201d css_animation=\u201dalpha-anim\u201d animation_delay=\u201d700\u2033 button_color_type=\u201duncode-solid\u201d uncode_shortcode_id=\u201d738003\u2033 icon=\u201dfa fa-arrow-circle-right\u201d button_color_solid=\u201d#f2b122\u2033 link=\u201durl:https%3A%2F%2Fwww.brightyacht.com%2Fde%2Fueber-uns%2F|title:%C3%9Cber%20uns\u201d]\u00fcber uns[\/vc_button][\/vc_column][\/vc_row][vc_row unlock_row_content=\u201dyes\u201d row_height_percent=\u201d33\u2033 override_padding=\u201dyes\u201d h_padding=\u201d0\u2033 top_padding=\u201d0\u2033 bottom_padding=\u201d1\u2033 overlay_alpha=\u201d50\u2033 equal_height=\u201dyes\u201d gutter_size=\u201d2\u2033 column_width_percent=\u201d100\u2033 shift_y=\u201d0\u2033 z_index=\u201d0\u2033 uncode_shortcode_id=\u201d219283\u2033 css=\u201d.vc_custom_1732619256329{padding-right: 20px !important;padding-left: 20px !important;}\u201d][vc_column column_width_percent=\u201d100\u2033 gutter_size=\u201d3\u2033 override_padding=\u201dyes\u201d column_padding=\u201d2\u2033 style=\u201ddark\u201d back_image=\u201d899\u2033 overlay_color=\u201dcolor-210407\u2033 overlay_alpha=\u201d30\u2033 shift_x=\u201d0\u2033 shift_y=\u201d0\u2033 shift_y_down=\u201d0\u2033 z_index=\u201d0\u2033 medium_width=\u201d0\u2033 mobile_width=\u201d0\u2033 css_animation=\u201dbottom-t-top\u201d animation_delay=\u201d300\u2033 width=\u201d1\/3\u2033 uncode_shortcode_id=\u201d145571\u2033 el_class=\u201drounded-row\u201d overlay_color_type=\u201duncode-palette\u201d back_size=\u201dcover\u201d link_to=\u201durl:https%3A%2F%2Fwww.brightyacht.com%2Fde%2Fyacht-management%2Fverwaltung-neuer-gebaeude%2F|title:Yacht%20Management\u201d][vc_custom_heading text_color=\u201daccent\u201d heading_semantic=\u201dh4\u2033 text_size=\u201dcustom\u201d text_weight=\u201d700\u2033 uncode_shortcode_id=\u201d351282\u2033 text_color_type=\u201duncode-palette\u201d heading_custom_size=\u201d28px\u201d]<\/p>\n<h3>Neu bauen<\/h3>\n<p>[\/vc_custom_heading][\/vc_column][vc_column column_width_percent=\u201d100\u2033 gutter_size=\u201d3\u2033 override_padding=\u201dyes\u201d column_padding=\u201d2\u2033 style=\u201ddark\u201d back_image=\u201d905\u2033 back_position=\u201dcenter center\u201d overlay_color=\u201dcolor-210407\u2033 overlay_alpha=\u201d30\u2033 shift_x=\u201d0\u2033 shift_y=\u201d0\u2033 shift_y_down=\u201d0\u2033 z_index=\u201d0\u2033 medium_width=\u201d0\u2033 mobile_width=\u201d0\u2033 css_animation=\u201dbottom-t-top\u201d animation_delay=\u201d500\u2033 width=\u201d1\/3\u2033 uncode_shortcode_id=\u201d198962\u2033 el_class=\u201drounded-row\u201d overlay_color_type=\u201duncode-palette\u201d back_size=\u201dcover\u201d link_to=\u201durl:https%3A%2F%2Fwww.brightyacht.com%2Fde%2Fyacht-management%2Frefit-management%2F|title:Crew%20Dienstleistungen\u201d][vc_custom_heading text_color=\u201daccent\u201d heading_semantic=\u201dh4\u2033 text_size=\u201dcustom\u201d text_weight=\u201d700\u2033 uncode_shortcode_id=\u201d192653\u2033 text_color_type=\u201duncode-palette\u201d heading_custom_size=\u201d28px\u201d]<\/p>\n<h3>Refit<\/h3>\n<p>[\/vc_custom_heading][\/vc_column][vc_column column_width_percent=\u201d100\u2033 gutter_size=\u201d3\u2033 override_padding=\u201dyes\u201d column_padding=\u201d2\u2033 style=\u201ddark\u201d back_image=\u201d1002\u2033 overlay_color=\u201dcolor-210407\u2033 overlay_alpha=\u201d30\u2033 shift_x=\u201d0\u2033 shift_y=\u201d0\u2033 shift_y_down=\u201d0\u2033 z_index=\u201d0\u2033 medium_width=\u201d0\u2033 mobile_width=\u201d0\u2033 css_animation=\u201dbottom-t-top\u201d animation_delay=\u201d700\u2033 width=\u201d1\/3\u2033 uncode_shortcode_id=\u201d170327\u2033 el_class=\u201drounded-row\u201d overlay_color_type=\u201duncode-palette\u201d link_to=\u201durl:https%3A%2F%2Fwww.brightyacht.com%2Fde%2Fyacht-management%2Fwartung-und-technisches-management%2F|title:Sicherheit%20und%20Compliance\u201d][vc_custom_heading text_color=\u201daccent\u201d heading_semantic=\u201dh4\u2033 text_size=\u201dcustom\u201d text_weight=\u201d700\u2033 uncode_shortcode_id=\u201d738978\u2033 text_color_type=\u201duncode-palette\u201d heading_custom_size=\u201d28px\u201d]<\/p>\n<h3>Wartung &amp; Pflege<\/h3>\n<h3>Technisch<\/h3>\n<p>[\/vc_custom_heading][\/vc_column][\/vc_row][vc_row unlock_row_content=\u201dyes\u201d row_height_percent=\u201d33\u2033 override_padding=\u201dyes\u201d h_padding=\u201d0\u2033 top_padding=\u201d1\u2033 bottom_padding=\u201d1\u2033 overlay_alpha=\u201d50\u2033 equal_height=\u201dyes\u201d gutter_size=\u201d2\u2033 column_width_percent=\u201d100\u2033 shift_y=\u201d0\u2033 z_index=\u201d0\u2033 uncode_shortcode_id=\u201d112381\u2033 css=\u201d.vc_custom_1732619674635{padding-top: 20px !important;padding-right: 20px !important;padding-left: 20px !important;}\u201d][vc_column column_width_percent=\u201d100\u2033 gutter_size=\u201d3\u2033 override_padding=\u201dyes\u201d column_padding=\u201d2\u2033 style=\u201ddark\u201d back_image=\u201d887\u2033 overlay_color=\u201dcolor-210407\u2033 overlay_alpha=\u201d30\u2033 shift_x=\u201d0\u2033 shift_y=\u201d0\u2033 shift_y_down=\u201d0\u2033 z_index=\u201d0\u2033 medium_width=\u201d0\u2033 mobile_width=\u201d0\u2033 css_animation=\u201dbottom-t-top\u201d animation_delay=\u201d300\u2033 width=\u201d1\/3\u2033 uncode_shortcode_id=\u201d958799\u2033 el_class=\u201drounded-row\u201d overlay_color_type=\u201duncode-palette\u201d back_size=\u201dcover\u201d link_to=\u201durl:https%3A%2F%2Fwww.brightyacht.com%2Fde%2Fyacht-management%2Ffinanzverwaltung%2F|title:Yacht%20Management\u201d][vc_custom_heading text_color=\u201daccent\u201d heading_semantic=\u201dh4\u2033 text_size=\u201dcustom\u201d text_weight=\u201d700\u2033 uncode_shortcode_id=\u201d212314\u2033 text_color_type=\u201duncode-palette\u201d heading_custom_size=\u201d28px\u201d]<\/p>\n<h3>Finanzen<\/h3>\n<p>[\/vc_custom_heading][\/vc_column][vc_column column_width_percent=\u201d100\u2033 gutter_size=\u201d3\u2033 override_padding=\u201dyes\u201d column_padding=\u201d2\u2033 style=\u201ddark\u201d back_image=\u201d911\u2033 back_position=\u201dcenter center\u201d overlay_color=\u201dcolor-210407\u2033 overlay_alpha=\u201d30\u2033 shift_x=\u201d0\u2033 shift_y=\u201d0\u2033 shift_y_down=\u201d0\u2033 z_index=\u201d0\u2033 medium_width=\u201d0\u2033 mobile_width=\u201d0\u2033 css_animation=\u201dbottom-t-top\u201d animation_delay=\u201d500\u2033 width=\u201d1\/3\u2033 uncode_shortcode_id=\u201d152282\u2033 el_class=\u201drounded-row\u201d overlay_color_type=\u201duncode-palette\u201d back_size=\u201dcover\u201d link_to=\u201durl:https%3A%2F%2Fwww.brightyacht.com%2Fde%2Fyacht-management%2Fsicherheit-und-compliance%2F|title:Crew%20Dienstleistungen\u201d][vc_custom_heading text_color=\u201daccent\u201d heading_semantic=\u201dh4\u2033 text_size=\u201dcustom\u201d text_weight=\u201d700\u2033 uncode_shortcode_id=\u201d187249\u2033 text_color_type=\u201duncode-palette\u201d heading_custom_size=\u201d28px\u201d]<\/p>\n<h3>Sicherheit &amp;<\/h3>\n<h3>Compliance<\/h3>\n<p>[\/vc_custom_heading][\/vc_column][vc_column column_width_percent=\u201d100\u2033 gutter_size=\u201d3\u2033 override_padding=\u201dyes\u201d column_padding=\u201d2\u2033 style=\u201ddark\u201d back_image=\u201d1502\u2033 overlay_color=\u201dcolor-210407\u2033 overlay_alpha=\u201d30\u2033 shift_x=\u201d0\u2033 shift_y=\u201d0\u2033 shift_y_down=\u201d0\u2033 z_index=\u201d0\u2033 medium_width=\u201d0\u2033 mobile_width=\u201d0\u2033 css_animation=\u201dbottom-t-top\u201d animation_delay=\u201d700\u2033 width=\u201d1\/3\u2033 uncode_shortcode_id=\u201d132424\u2033 el_class=\u201drounded-row\u201d overlay_color_type=\u201duncode-palette\u201d link_to=\u201durl:https%3A%2F%2Fwww.brightyacht.com%2Fde%2Fyacht-management%2Fcrew-management%2F|title:Sicherheit%20und%20Compliance\u201d][vc_custom_heading text_color=\u201daccent\u201d heading_semantic=\u201dh3\u2033 text_size=\u201dcustom\u201d text_weight=\u201d700\u2033 uncode_shortcode_id=\u201d199302\u2033 text_color_type=\u201duncode-palette\u201d heading_custom_size=\u201d28px\u201d]<\/p>\n<h3>Besatzung<\/h3>\n<p>[\/vc_custom_heading][\/vc_column][\/vc_row][vc_row unlock_row_content=\u201dyes\u201d row_height_percent=\u201d50\u2033 override_padding=\u201dyes\u201d h_padding=\u201d0\u2033 top_padding=\u201d5\u2033 bottom_padding=\u201d5\u2033 back_color=\u201daccent\u201d back_image=\u201d806\u2033 parallax=\u201dyes\u201d overlay_color=\u201dcolor-210407\u2033 overlay_alpha=\u201d25\u2033 gutter_size=\u201d100\u2033 column_width_percent=\u201d100\u2033 shift_y=\u201d0\u2033 z_index=\u201d0\u2033 style=\u201dinherited\u201d uncode_shortcode_id=\u201d140305\u2033 back_color_type=\u201duncode-palette\u201d overlay_color_type=\u201duncode-palette\u201d el_class=\u201drounded\u201d el_id=\u201dmain-3\u2033 css=\u201d.vc_custom_1733156945546{margin-top: 20px !important;}\u201d][vc_column column_width_use_pixel=\u201dyes\u201d position_vertical=\u201dmiddle\u201d align_horizontal=\u201dalign_center\u201d gutter_size=\u201d3\u2033 style=\u201ddark\u201d overlay_alpha=\u201d100\u2033 shift_x=\u201d0\u2033 shift_y=\u201d0\u2033 shift_y_down=\u201d0\u2033 z_index=\u201d0\u2033 medium_width=\u201d0\u2033 mobile_width=\u201d0\u2033 css_animation=\u201dalpha-anim\u201d zoom_width=\u201d0\u2033 zoom_height=\u201d0\u2033 width=\u201d1\/1\u2033 column_width_pixel=\u201d900\u2033 uncode_shortcode_id=\u201d108158\u2033][vc_row_inner row_inner_height_percent=\u201d0\u2033 overlay_alpha=\u201d50\u2033 gutter_size=\u201d3\u2033 shift_y=\u201d0\u2033 z_index=\u201d0\u2033 uncode_shortcode_id=\u201d309435\u2033 css=\u201d.vc_custom_1727694939590{padding-right: 30px !important;padding-left: 30px !important;}\u201d][vc_column_inner column_width_percent=\u201d100\u2033 align_horizontal=\u201dalign_center\u201d gutter_size=\u201d3\u2033 style=\u201ddark\u201d overlay_alpha=\u201d50\u2033 shift_x=\u201d0\u2033 shift_y=\u201d0\u2033 z_index=\u201d0\u2033 medium_width=\u201d0\u2033 width=\u201d1\/1\u2033][vc_custom_heading heading_semantic=\u201dh6\u2033 text_size=\u201dh6\u2033 text_transform=\u201duppercase\u201d uncode_shortcode_id=\u201d148873\u2033]Testimonials[\/vc_custom_heading][vc_separator sep_color=\u201d,Default\u201d][\/vc_column_inner][\/vc_row_inner][vc_gallery el_id=\u201dgallery-598392928\u2033 type=\u201dcarousel\u201d medias=\u201d15,949,952,955\u2033 carousel_lg=\u201d1\u2033 carousel_md=\u201d1\u2033 carousel_sm=\u201d1\u2033 gutter_size=\u201d0\u2033 media_items=\u201dmedia|lightbox|original\u201d carousel_autoh=\u201dyes\u201d carousel_type=\u201dfade\u201d carousel_interval=\u201d10000\u2033 carousel_navspeed=\u201d400\u2033 carousel_dots=\u201dyes\u201d carousel_dots_mobile=\u201dyes\u201d carousel_textual=\u201dyes\u201d stage_padding=\u201d0\u2033 single_overlay_opacity=\u201d50\u2033 single_overlay_anim=\u201dno\u201d single_text_anim=\u201dno\u201d single_image_anim=\u201dno\u201d single_h_align=\u201dcenter\u201d single_padding=\u201d2\u2033 single_title_dimension=\u201dh1\u2033 single_title_weight=\u201d600\u2033 single_css_animation=\u201dzoom-in\u201d single_animation_delay=\u201d200\u2033 carousel_twitter=\u201dyes\u201d title=\u201dTestimonials\u201d uncode_shortcode_id=\u201d193679\u2033][vc_button button_color=\u201dcolor-xsdn\u201d size=\u201dbtn-lg\u201d radius=\u201dbtn-circle\u201d hover_fx=\u201doutlined\u201d outline=\u201dyes\u201d border_width=\u201d0\u2033 icon_position=\u201dright\u201d button_color_type=\u201duncode-palette\u201d uncode_shortcode_id=\u201d946525\u2033 icon=\u201dfa fa-arrow-circle-right\u201d el_id=\u201dhide-this\u201d]Mehr Zeugnisse lesen[\/vc_button][\/vc_column][\/vc_row][vc_row unlock_row_content=\u201dyes\u201d row_height_percent=\u201d0\u2033 override_padding=\u201dyes\u201d h_padding=\u201d3\u2033 top_padding=\u201d3\u2033 bottom_padding=\u201d2\u2033 overlay_alpha=\u201d50\u2033 gutter_size=\u201d3\u2033 column_width_percent=\u201d100\u2033 shift_y=\u201d0\u2033 z_index=\u201d0\u2033 uncode_shortcode_id=\u201d173182\u2033][vc_column column_width_percent=\u201d100\u2033 align_horizontal=\u201dalign_center\u201d gutter_size=\u201d3\u2033 overlay_alpha=\u201d50\u2033 shift_x=\u201d0\u2033 shift_y=\u201d0\u2033 shift_y_down=\u201d0\u2033 z_index=\u201d0\u2033 medium_width=\u201d0\u2033 mobile_width=\u201d0\u2033 css_animation=\u201dalpha-anim\u201d animation_delay=\u201d300\u2033 width=\u201d1\/4\u2033 uncode_shortcode_id=\u201d157227\u2033 css=\u201d.vc_custom_1726743923313{padding-bottom: 0px !important;}\u201d][\/vc_column][vc_column column_width_percent=\u201d100\u2033 align_horizontal=\u201dalign_center\u201d gutter_size=\u201d3\u2033 style=\u201dlight\u201d overlay_alpha=\u201d50\u2033 shift_x=\u201d0\u2033 shift_y=\u201d0\u2033 shift_y_down=\u201d0\u2033 z_index=\u201d0\u2033 medium_width=\u201d0\u2033 mobile_width=\u201d0\u2033 width=\u201d1\/2\u2033 uncode_shortcode_id=\u201d113091\u2033][vc_custom_heading heading_semantic=\u201dh3\u2033 text_size=\u201dcustom\u201d text_weight=\u201d100\u2033 css_animation=\u201dalpha-anim\u201d animation_delay=\u201d300\u2033 uncode_shortcode_id=\u201d114397\u2033 heading_custom_size=\u201d54px\u201d text_color_type=\u201duncode-solid\u201d text_color_solid=\u201d#f2b122\u2033]Wahre Exzellenz bedeutet auch Verantwortung.[\/vc_custom_heading][vc_column_text text_color=\u201dcolor-jevc\u201d uncode_shortcode_id=\u201d106282\u2033 text_color_type=\u201duncode-palette\u201d]Deshalb integrieren wir bei jeder Gelegenheit nachhaltige L\u00f6sungen, die nicht nur zum Schutz der Umwelt beitragen, sondern auch langfristige Kosteneinsparungen erm\u00f6glichen.<\/p>\n<p><strong>Diese Initiativen sch\u00fctzen nicht nur die Ozeane, sondern sorgen auch f\u00fcr ein verantwortungsvolles Finanzmanagement und bieten ein Yachterlebnis, das sowohl Ihrer Investition als auch der Natur zugute kommt.<\/strong>[\/vc_column_text][vc_button size=\u201dbtn-lg\u201d radius=\u201dbtn-circle\u201d border_width=\u201d0\u2033 icon_position=\u201dright\u201d lbox_skin=\u201dwhite\u201d button_color_type=\u201duncode-solid\u201d uncode_shortcode_id=\u201d184832\u2033 icon=\u201dfa fa-arrow-circle-right\u201d button_color_solid=\u201d#f2b122\u2033 link=\u201durl:https%3A%2F%2Fwww.brightyacht.com%2Fde%2Fkontakt%2F|title:Kontakt\u201d]Kontaktieren Sie uns[\/vc_button][\/vc_column][vc_column width=\u201d1\/4\u2033][\/vc_column][\/vc_row]<\/p>\n<\/body><\/div>","protected":false},"excerpt":{"rendered":"<p>[vc_section][vc_row unlock_row_content=\u201dyes\u201d row_height_percent=\u201d100\u2033 override_padding=\u201dyes\u201d h_padding=\u201d2\u2033 top_padding=\u201d2\u2033 bottom_padding=\u201d2\u2033 back_color=\u201dcolor-jevc\u201d back_image=\u201d1051\u2033 back_position=\u201dcenter bottom\u201d overlay_color=\u201dcolor-210407\u2033 overlay_alpha=\u201d30\u2033 gutter_size=\u201d3\u2033 column_width_percent=\u201d100\u2033 shift_y=\u201d0\u2033 z_index=\u201d0\u2033 uncode_shortcode_id=\u201d300456\u2033 el_id=\u201dmain\u201d el_class=\u201drounded\u201d [&hellip;]<\/p>\n","protected":false},"author":1,"featured_media":0,"parent":0,"menu_order":0,"comment_status":"closed","ping_status":"closed","template":"","meta":{"footnotes":""},"class_list":["post-1079","page","type-page","status-publish","hentry"],"yoast_head":"<!-- This site is optimized with the Yoast SEO plugin v27.5 - https:\/\/yoast.com\/product\/yoast-seo-wordpress\/ -->\n<title>Startseite - Bright Yacht Management<\/title>\n<meta name=\"robots\" content=\"index, follow, max-snippet:-1, max-image-preview:large, max-video-preview:-1\" \/>\n<link rel=\"canonical\" href=\"https:\/\/www.brightyacht.com\/de\/\" \/>\n<meta property=\"og:locale\" content=\"de_DE\" \/>\n<meta property=\"og:type\" content=\"article\" \/>\n<meta property=\"og:title\" content=\"Startseite - Bright Yacht Management\" \/>\n<meta property=\"og:description\" content=\"[vc_section][vc_row unlock_row_content=\u201dyes\u201d row_height_percent=\u201d100\u2033 override_padding=\u201dyes\u201d h_padding=\u201d2\u2033 top_padding=\u201d2\u2033 bottom_padding=\u201d2\u2033 back_color=\u201dcolor-jevc\u201d back_image=\u201d1051\u2033 back_position=\u201dcenter bottom\u201d overlay_color=\u201dcolor-210407\u2033 overlay_alpha=\u201d30\u2033 gutter_size=\u201d3\u2033 column_width_percent=\u201d100\u2033 shift_y=\u201d0\u2033 z_index=\u201d0\u2033 uncode_shortcode_id=\u201d300456\u2033 el_id=\u201dmain\u201d el_class=\u201drounded\u201d [&hellip;]\" \/>\n<meta property=\"og:url\" content=\"https:\/\/www.brightyacht.com\/de\/\" \/>\n<meta property=\"og:site_name\" content=\"Bright Yacht Management\" \/>\n<meta property=\"article:modified_time\" content=\"2025-03-03T13:13:57+00:00\" \/>\n<meta name=\"twitter:card\" content=\"summary_large_image\" \/>\n<meta name=\"twitter:label1\" content=\"Gesch\u00e4tzte Lesezeit\" \/>\n\t<meta name=\"twitter:data1\" content=\"3\u00a0Minuten\" \/>\n<script type=\"application\/ld+json\" class=\"yoast-schema-graph\">{\"@context\":\"https:\\\/\\\/schema.org\",\"@graph\":[{\"@type\":\"WebPage\",\"@id\":\"https:\\\/\\\/www.brightyacht.com\\\/de\\\/\",\"url\":\"https:\\\/\\\/www.brightyacht.com\\\/de\\\/\",\"name\":\"Startseite - Bright Yacht Management\",\"isPartOf\":{\"@id\":\"https:\\\/\\\/www.brightyacht.com\\\/#website\"},\"datePublished\":\"2024-10-01T13:11:26+00:00\",\"dateModified\":\"2025-03-03T13:13:57+00:00\",\"breadcrumb\":{\"@id\":\"https:\\\/\\\/www.brightyacht.com\\\/de\\\/#breadcrumb\"},\"inLanguage\":\"de\",\"potentialAction\":[{\"@type\":\"ReadAction\",\"target\":[\"https:\\\/\\\/www.brightyacht.com\\\/de\\\/\"]}]},{\"@type\":\"BreadcrumbList\",\"@id\":\"https:\\\/\\\/www.brightyacht.com\\\/de\\\/#breadcrumb\",\"itemListElement\":[{\"@type\":\"ListItem\",\"position\":1,\"name\":\"Home\",\"item\":\"https:\\\/\\\/www.brightyacht.com\\\/de\\\/\"},{\"@type\":\"ListItem\",\"position\":2,\"name\":\"Startseite\"}]},{\"@type\":\"WebSite\",\"@id\":\"https:\\\/\\\/www.brightyacht.com\\\/#website\",\"url\":\"https:\\\/\\\/www.brightyacht.com\\\/\",\"name\":\"Bright Yacht Management\",\"description\":\"Yacht Management and Services in the Balearics\",\"publisher\":{\"@id\":\"https:\\\/\\\/www.brightyacht.com\\\/#organization\"},\"potentialAction\":[{\"@type\":\"SearchAction\",\"target\":{\"@type\":\"EntryPoint\",\"urlTemplate\":\"https:\\\/\\\/www.brightyacht.com\\\/?s={search_term_string}\"},\"query-input\":{\"@type\":\"PropertyValueSpecification\",\"valueRequired\":true,\"valueName\":\"search_term_string\"}}],\"inLanguage\":\"de\"},{\"@type\":\"Organization\",\"@id\":\"https:\\\/\\\/www.brightyacht.com\\\/#organization\",\"name\":\"Bright Yacht Management\",\"url\":\"https:\\\/\\\/www.brightyacht.com\\\/\",\"logo\":{\"@type\":\"ImageObject\",\"inLanguage\":\"de\",\"@id\":\"https:\\\/\\\/www.brightyacht.com\\\/#\\\/schema\\\/logo\\\/image\\\/\",\"url\":\"https:\\\/\\\/www.brightyacht.com\\\/wp-content\\\/uploads\\\/2024\\\/10\\\/07Asset-4.png\",\"contentUrl\":\"https:\\\/\\\/www.brightyacht.com\\\/wp-content\\\/uploads\\\/2024\\\/10\\\/07Asset-4.png\",\"width\":515,\"height\":178,\"caption\":\"Bright Yacht Management\"},\"image\":{\"@id\":\"https:\\\/\\\/www.brightyacht.com\\\/#\\\/schema\\\/logo\\\/image\\\/\"},\"sameAs\":[\"https:\\\/\\\/www.linkedin.com\\\/company\\\/bright-yacht-management-s-l\",\"https:\\\/\\\/www.instagram.com\\\/brightyachtmanagement\\\/\"]}]}<\/script>\n<!-- \/ Yoast SEO plugin. -->","yoast_head_json":{"title":"Startseite - Bright Yacht Management","robots":{"index":"index","follow":"follow","max-snippet":"max-snippet:-1","max-image-preview":"max-image-preview:large","max-video-preview":"max-video-preview:-1"},"canonical":"https:\/\/www.brightyacht.com\/de\/","og_locale":"de_DE","og_type":"article","og_title":"Startseite - Bright Yacht Management","og_description":"[vc_section][vc_row unlock_row_content=\u201dyes\u201d row_height_percent=\u201d100\u2033 override_padding=\u201dyes\u201d h_padding=\u201d2\u2033 top_padding=\u201d2\u2033 bottom_padding=\u201d2\u2033 back_color=\u201dcolor-jevc\u201d back_image=\u201d1051\u2033 back_position=\u201dcenter bottom\u201d overlay_color=\u201dcolor-210407\u2033 overlay_alpha=\u201d30\u2033 gutter_size=\u201d3\u2033 column_width_percent=\u201d100\u2033 shift_y=\u201d0\u2033 z_index=\u201d0\u2033 uncode_shortcode_id=\u201d300456\u2033 el_id=\u201dmain\u201d el_class=\u201drounded\u201d [&hellip;]","og_url":"https:\/\/www.brightyacht.com\/de\/","og_site_name":"Bright Yacht Management","article_modified_time":"2025-03-03T13:13:57+00:00","twitter_card":"summary_large_image","twitter_misc":{"Gesch\u00e4tzte Lesezeit":"3\u00a0Minuten"},"schema":{"@context":"https:\/\/schema.org","@graph":[{"@type":"WebPage","@id":"https:\/\/www.brightyacht.com\/de\/","url":"https:\/\/www.brightyacht.com\/de\/","name":"Startseite - Bright Yacht Management","isPartOf":{"@id":"https:\/\/www.brightyacht.com\/#website"},"datePublished":"2024-10-01T13:11:26+00:00","dateModified":"2025-03-03T13:13:57+00:00","breadcrumb":{"@id":"https:\/\/www.brightyacht.com\/de\/#breadcrumb"},"inLanguage":"de","potentialAction":[{"@type":"ReadAction","target":["https:\/\/www.brightyacht.com\/de\/"]}]},{"@type":"BreadcrumbList","@id":"https:\/\/www.brightyacht.com\/de\/#breadcrumb","itemListElement":[{"@type":"ListItem","position":1,"name":"Home","item":"https:\/\/www.brightyacht.com\/de\/"},{"@type":"ListItem","position":2,"name":"Startseite"}]},{"@type":"WebSite","@id":"https:\/\/www.brightyacht.com\/#website","url":"https:\/\/www.brightyacht.com\/","name":"Bright Yacht Management","description":"Yacht Management and Services in the Balearics","publisher":{"@id":"https:\/\/www.brightyacht.com\/#organization"},"potentialAction":[{"@type":"SearchAction","target":{"@type":"EntryPoint","urlTemplate":"https:\/\/www.brightyacht.com\/?s={search_term_string}"},"query-input":{"@type":"PropertyValueSpecification","valueRequired":true,"valueName":"search_term_string"}}],"inLanguage":"de"},{"@type":"Organization","@id":"https:\/\/www.brightyacht.com\/#organization","name":"Bright Yacht Management","url":"https:\/\/www.brightyacht.com\/","logo":{"@type":"ImageObject","inLanguage":"de","@id":"https:\/\/www.brightyacht.com\/#\/schema\/logo\/image\/","url":"https:\/\/www.brightyacht.com\/wp-content\/uploads\/2024\/10\/07Asset-4.png","contentUrl":"https:\/\/www.brightyacht.com\/wp-content\/uploads\/2024\/10\/07Asset-4.png","width":515,"height":178,"caption":"Bright Yacht Management"},"image":{"@id":"https:\/\/www.brightyacht.com\/#\/schema\/logo\/image\/"},"sameAs":["https:\/\/www.linkedin.com\/company\/bright-yacht-management-s-l","https:\/\/www.instagram.com\/brightyachtmanagement\/"]}]}},"_links":{"self":[{"href":"https:\/\/www.brightyacht.com\/de\/wp-json\/wp\/v2\/pages\/1079","targetHints":{"allow":["GET"]}}],"collection":[{"href":"https:\/\/www.brightyacht.com\/de\/wp-json\/wp\/v2\/pages"}],"about":[{"href":"https:\/\/www.brightyacht.com\/de\/wp-json\/wp\/v2\/types\/page"}],"author":[{"embeddable":true,"href":"https:\/\/www.brightyacht.com\/de\/wp-json\/wp\/v2\/users\/1"}],"replies":[{"embeddable":true,"href":"https:\/\/www.brightyacht.com\/de\/wp-json\/wp\/v2\/comments?post=1079"}],"version-history":[{"count":5,"href":"https:\/\/www.brightyacht.com\/de\/wp-json\/wp\/v2\/pages\/1079\/revisions"}],"predecessor-version":[{"id":1515,"href":"https:\/\/www.brightyacht.com\/de\/wp-json\/wp\/v2\/pages\/1079\/revisions\/1515"}],"wp:attachment":[{"href":"https:\/\/www.brightyacht.com\/de\/wp-json\/wp\/v2\/media?parent=1079"}],"curies":[{"name":"wp","href":"https:\/\/api.w.org\/{rel}","templated":true}]}}